{"id":2907,"date":"2024-07-09T18:40:25","date_gmt":"2024-07-09T17:40:25","guid":{"rendered":"https:\/\/oanhbeautyspa.com\/?post_type=product&#038;p=2907"},"modified":"2024-07-09T18:40:25","modified_gmt":"2024-07-09T17:40:25","slug":"eyelash-makeup-remover","status":"publish","type":"product","link":"https:\/\/oanhbeautyspa.com\/index.php\/product\/eyelash-makeup-remover\/","title":{"rendered":"Eyelash Makeup Remover"},"content":{"rendered":"<p style=\"font-weight: 400;\"><strong>B\u00ed quy\u1ebft t\u1ea9y trang \u201cSang Ch\u1ea3nh\u201d v\u00f9ng m\u1eaft v\u00e0 nu\u00f4i d\u01b0\u1ee1ng mi ch\u1eafc kho\u1ebb<\/strong><\/p>\n<p style=\"font-weight: 400;\">Trong quy tr\u00ecnh ch\u0103m s\u00f3c da, vi\u1ec7c t\u1ea9y trang v\u00f9ng m\u1eaft kh\u00f4ng ch\u1ec9 \u0111\u01a1n thu\u1ea7n l\u00e0 l\u00e0m s\u1ea1ch c\u00e1c lo\u1ea1i makeup c\u00f3 t\u00ednh ch\u1ea5t ch\u1ed1ng n\u01b0\u1edbc, kh\u00f3 tr\u00f4i, m\u00e0 c\u00f2n \u0111\u00f2i h\u1ecfi s\u1ef1 ch\u0103m s\u00f3c \u0111\u1eb7c bi\u1ec7t \u0111\u1ec3 b\u1ea3o v\u1ec7 h\u00e0ng mi v\u00e0 v\u00f9ng da m\u1eaft m\u1ecfng manh, nh\u1ea1y c\u1ea3m. V\u1edbi <strong>Ella Bache Eyelash Makeup Remover<\/strong> t\u1ea9y trang m\u1eaft mi &#8220;\u0111\u00ecnh \u0111\u00e1m&#8221; c\u1ee7a l\u00e0ng m\u1ef9 ph\u1ea9m &#8211; th\u1eddi trang Ph\u00e1p, b\u1ea1n s\u1ebd c\u00f3 tr\u1ea3i nghi\u1ec7m t\u1ea9y trang m\u1eaft \u0111\u1ec9nh cao m\u00e0 kh\u00f4ng lo t\u1ed5n h\u1ea1i \u0111\u1ebfn h\u00e0ng mi qu\u00fd gi\u00e1 c\u1ee7a m\u00ecnh.<\/p>\n<p style=\"font-weight: 400;\"><strong>\u0110\u1eb7c \u0110i\u1ec3m N\u1ed5i B\u1eadt:<\/strong><\/p>\n<p style=\"font-weight: 400;\"><strong>Hi\u1ec7u qu\u1ea3 cao:<\/strong> S\u1ea3n ph\u1ea9m t\u1ea9y trang chuy\u00ean d\u1ee5ng c\u00f3 d\u1ea1ng balm \u0111\u1eb7c, gi\u00fap lo\u1ea1i b\u1ecf m\u1ecdi l\u1edbp mascara, eyeliner v\u00e0 ph\u1ea5n m\u1eaft, k\u1ec3 c\u1ea3 lo\u1ea1i ch\u1ed1ng n\u01b0\u1edbc, l\u00e2u tr\u00f4i, m\u1ed9t c\u00e1ch d\u1ec5 d\u00e0ng, nhanh ch\u00f3ng v\u00e0 an to\u00e0n m\u00e0 kh\u00f4ng g\u00e2y cay m\u1eaft, kh\u00f4ng b\u1ecb lem ch\u1ea3y v\u00e0o m\u1eaft nh\u01b0 d\u1ea1ng l\u1ecfng.<\/p>\n<p style=\"font-weight: 400;\"><strong>Nu\u00f4i d\u01b0\u1ee1ng mi:<\/strong> Th\u00e0nh ph\u1ea7n ch\u1ee9a hai lo\u1ea1i d\u1ea7u h\u1eefu c\u01a1 \u2013 d\u1ea7u olive v\u00e0 d\u1ea7u th\u1ea7u d\u1ea7u \u2013 nu\u00f4i d\u01b0\u1ee1ng, b\u1ea3o v\u1ec7 h\u00e0ng mi c\u1ee7a b\u1ea1n th\u00eam ch\u1eafc kh\u1ecfe, d\u00e0y v\u00e0 d\u00e0i gi\u00fap \u0111\u00f4i m\u1eaft th\u00eam ph\u1ea7n thu h\u00fat.<\/p>\n<p style=\"font-weight: 400;\"><strong>An to\u00e0n cho da nh\u1ea1y c\u1ea3m:<\/strong> Ella Bach\u00e9 Eyelash Makeup Remover d\u1ea1ng balm d\u1ea7u h\u1eefu c\u01a1 thi\u00ean nhi\u00ean, \u00eam, \u1ea9m, m\u01b0\u1edbt m\u01b0\u1ee3t, ch\u1ed1ng kh\u00f4 mi, r\u1ee5ng mi, tr\u00e1nh l\u00e0m th\u01b0\u01a1ng t\u1ed5n hay nh\u0103n nh\u00e3o v\u00f9ng da xung quanh m\u1eaft, gi\u00fap b\u1ea1n y\u00ean t\u00e2m s\u1eed d\u1ee5ng h\u00e0ng ng\u00e0y.<\/p>\n","protected":false},"excerpt":{"rendered":"<p>Trong quy tr\u00ecnh ch\u0103m s\u00f3c da, vi\u1ec7c t\u1ea9y trang v\u00f9ng m\u1eaft kh\u00f4ng ch\u1ec9 \u0111\u01a1n thu\u1ea7n l\u00e0 l\u00e0m s\u1ea1ch c\u00e1c lo\u1ea1i makeup c\u00f3 t\u00ednh ch\u1ea5t ch\u1ed1ng n\u01b0\u1edbc, kh\u00f3 tr\u00f4i, m\u00e0 c\u00f2n \u0111\u00f2i h\u1ecfi s\u1ef1 ch\u0103m s\u00f3c \u0111\u1eb7c bi\u1ec7t \u0111\u1ec3 b\u1ea3o v\u1ec7 h\u00e0ng mi v\u00e0 v\u00f9ng da m\u1eaft m\u1ecfng manh, nh\u1ea1y c\u1ea3m. V\u1edbi <strong>Ella Bache Eyelash Makeup Remover<\/strong> t\u1ea9y trang m\u1eaft mi &#8220;\u0111\u00ecnh \u0111\u00e1m&#8221; c\u1ee7a l\u00e0ng m\u1ef9 ph\u1ea9m &#8211; th\u1eddi trang Ph\u00e1p, b\u1ea1n s\u1ebd c\u00f3 tr\u1ea3i nghi\u1ec7m t\u1ea9y trang m\u1eaft \u0111\u1ec9nh cao m\u00e0 kh\u00f4ng lo t\u1ed5n h\u1ea1i \u0111\u1ebfn h\u00e0ng mi qu\u00fd gi\u00e1 c\u1ee7a m\u00ecnh.<\/p>\n","protected":false},"featured_media":2909,"comment_status":"open","ping_status":"closed","template":"","meta":{"site-sidebar-layout":"default","site-content-layout":"default","ast-global-header-display":"","ast-banner-title-visibility":"","ast-main-header-display":"","ast-hfb-above-header-display":"","ast-hfb-below-header-display":"","ast-hfb-mobile-header-display":"","site-post-title":"","ast-breadcrumbs-content":"","ast-featured-img":"","footer-sml-layout":"","theme-transparent-header-meta":"default","adv-header-id-meta":"","stick-header-meta":"","header-above-stick-meta":"","header-main-stick-meta":"","header-below-stick-meta":""},"product_cat":[37,43],"product_tag":[],"_links":{"self":[{"href":"https:\/\/oanhbeautyspa.com\/index.php\/wp-json\/wp\/v2\/product\/2907"}],"collection":[{"href":"https:\/\/oanhbeautyspa.com\/index.php\/wp-json\/wp\/v2\/product"}],"about":[{"href":"https:\/\/oanhbeautyspa.com\/index.php\/wp-json\/wp\/v2\/types\/product"}],"replies":[{"embeddable":true,"href":"https:\/\/oanhbeautyspa.com\/index.php\/wp-json\/wp\/v2\/comments?post=2907"}],"wp:featuredmedia":[{"embeddable":true,"href":"https:\/\/oanhbeautyspa.com\/index.php\/wp-json\/wp\/v2\/media\/2909"}],"wp:attachment":[{"href":"https:\/\/oanhbeautyspa.com\/index.php\/wp-json\/wp\/v2\/media?parent=2907"}],"wp:term":[{"taxonomy":"product_cat","embeddable":true,"href":"https:\/\/oanhbeautyspa.com\/index.php\/wp-json\/wp\/v2\/product_cat?post=2907"},{"taxonomy":"product_tag","embeddable":true,"href":"https:\/\/oanhbeautyspa.com\/index.php\/wp-json\/wp\/v2\/product_tag?post=2907"}],"curies":[{"name":"wp","href":"https:\/\/api.w.org\/{rel}","templated":true}]}}