{"id":1189,"date":"2023-10-10T12:44:05","date_gmt":"2023-10-10T11:44:05","guid":{"rendered":"https:\/\/oanhbeautyspa.com\/?post_type=product&#038;p=1189"},"modified":"2024-07-05T18:07:19","modified_gmt":"2024-07-05T17:07:19","slug":"tomato-silky-cleansing-cream-150ml","status":"publish","type":"product","link":"https:\/\/oanhbeautyspa.com\/index.php\/product\/tomato-silky-cleansing-cream-150ml\/","title":{"rendered":"Tomato Silky Cleansing Cream &#8211; 150ml"},"content":{"rendered":"<p>Kem r\u1eeda m\u1eb7t b\u1ecdt m\u1ecbn s\u1ea1ch s\u00e2u, s\u00e1ng da ho\u00e0n h\u1ea3o<\/p>\n<p><strong>C\u00d4NG D\u1ee4NG V\u00c0 TH\u00c0NH PH\u1ea6N CH\u00cdNH<\/strong><br \/>\nKem chuy\u1ec3n th\u00e0nh b\u1ecdt m\u1ecbn khi ti\u1ebfp x\u00fac v\u1edbi n\u01b0\u1edbc, l\u00e0n da \u0111\u01b0\u1ee3c l\u00e0m s\u1ea1ch s\u00e2u, ch\u1ed1ng \u00f4 nhi\u1ec5m ho\u00e0n h\u1ea3o. Da tinh s\u1ea1ch, tho\u00e1ng nh\u1eb9, m\u1ec1m m\u1ea1i, s\u0103n ch\u1eafc, trong tr\u1ebbo v\u00e0 \u0111\u01b0\u1ee3c t\u0103ng c\u01b0\u1eddng s\u1ee9c \u0111\u1ec1 kh\u00e1ng m\u1ed7i ng\u00e0y. Saponaria Offcinails t\u1eeb c\u00e2y T\u1ea1o ph\u1ec9 th\u1ea3o h\u00fat s\u1ea1ch v\u00e0 lo\u1ea1i b\u1ecf ho\u00e0n to\u00e0n t\u1ea1p ch\u1ea5t, ch\u1ed1ng \u00f4 nhi\u1ec5m cho da. D\u1ea7u nguy\u00ean ch\u1ea5t t\u1eeb h\u1ea1t C\u00e0 chua gi\u00fap nu\u00f4i d\u01b0\u1ee1ng da v\u00e0 ch\u1ed1ng oxy h\u00f3a, ch\u1ed1ng l\u00e3o h\u00f3a v\u00e0 s\u00e1ng da.<\/p>\n<p><strong>LO\u1ea0I DA PH\u00d9 H\u1ee2P<\/strong><br \/>\nTh\u00edch h\u1ee3p cho m\u1ecdi lo\u1ea1i da, \u0111\u1eb7c bi\u1ec7t ph\u00f9 h\u1ee3p da d\u1ea7u, da h\u1ed7n h\u1ee3p<\/p>\n<p><strong>C\u00c1CH S\u1eec D\u1ee4NG<\/strong><br \/>\n1. L\u1ea5y kem ra l\u00f2ng b\u00e0n tay, th\u00eam n\u01b0\u1edbc \u0111\u1ec3 t\u1ea1o b\u1ecdt. Sau \u0111\u00f3 thoa \u0111\u1ec1u l\u00ean m\u1eb7t v\u00e0 c\u1ed5 theo chuy\u1ec3n \u0111\u1ed9ng tr\u00f2n nh\u1eb9 nh\u00e0ng \u0111\u1ec3 h\u00f2a tan t\u1ea5t c\u1ea3 ch\u1ea5t b\u1ea9n. R\u1eeda l\u1ea1i b\u1eb1ng n\u01b0\u1edbc v\u00e0 th\u1ea5m kh\u00f4.<br \/>\n2. L\u1ea5y l\u01b0\u1ee3ng s\u1ea3n ph\u1ea9m v\u1eeba \u0111\u1ee7 l\u00ean ch\u1ed5i Ella Brush \u01b0\u1edbt, t\u1ea1o b\u1ecdt b\u1eb1ng ch\u1ed5i trong l\u00f2ng b\u00e0n tay. Sau \u0111\u00f3 xoay \u0111\u1ec1u tr\u00ean m\u1eb7t v\u00e0 c\u1ed5. R\u1eeda s\u1ea1ch l\u1ea1i b\u1eb1ng n\u01b0\u1edbc v\u00e0 th\u1ea5m kh\u00f4.<\/p>\n","protected":false},"excerpt":{"rendered":"<p>Kem chuy\u1ec3n th\u00e0nh b\u1ecdt m\u1ecbn khi ti\u1ebfp x\u00fac v\u1edbi n\u01b0\u1edbc, l\u00e0n da \u0111\u01b0\u1ee3c l\u00e0m s\u1ea1ch s\u00e2u, ch\u1ed1ng \u00f4 nhi\u1ec5m ho\u00e0n h\u1ea3o. Da tinh s\u1ea1ch, tho\u00e1ng nh\u1eb9, m\u1ec1m m\u1ea1i, s\u0103n ch\u1eafc, trong tr\u1ebbo v\u00e0 \u0111\u01b0\u1ee3c t\u0103ng c\u01b0\u1eddng s\u1ee9c \u0111\u1ec1 kh\u00e1ng m\u1ed7i ng\u00e0y. Saponaria Offcinails t\u1eeb c\u00e2y T\u1ea1o ph\u1ec9 th\u1ea3o h\u00fat s\u1ea1ch v\u00e0 lo\u1ea1i b\u1ecf ho\u00e0n to\u00e0n t\u1ea1p ch\u1ea5t, ch\u1ed1ng \u00f4 nhi\u1ec5m cho da. D\u1ea7u nguy\u00ean ch\u1ea5t t\u1eeb h\u1ea1t C\u00e0 chua gi\u00fap nu\u00f4i d\u01b0\u1ee1ng da v\u00e0 ch\u1ed1ng oxy h\u00f3a, ch\u1ed1ng l\u00e3o h\u00f3a v\u00e0 s\u00e1ng da.<\/p>\n","protected":false},"featured_media":2705,"comment_status":"open","ping_status":"closed","template":"","meta":{"site-sidebar-layout":"default","site-content-layout":"default","ast-global-header-display":"","ast-banner-title-visibility":"","ast-main-header-display":"","ast-hfb-above-header-display":"","ast-hfb-below-header-display":"","ast-hfb-mobile-header-display":"","site-post-title":"","ast-breadcrumbs-content":"","ast-featured-img":"","footer-sml-layout":"","theme-transparent-header-meta":"default","adv-header-id-meta":"","stick-header-meta":"","header-above-stick-meta":"","header-main-stick-meta":"","header-below-stick-meta":""},"product_cat":[37,44],"product_tag":[],"_links":{"self":[{"href":"https:\/\/oanhbeautyspa.com\/index.php\/wp-json\/wp\/v2\/product\/1189"}],"collection":[{"href":"https:\/\/oanhbeautyspa.com\/index.php\/wp-json\/wp\/v2\/product"}],"about":[{"href":"https:\/\/oanhbeautyspa.com\/index.php\/wp-json\/wp\/v2\/types\/product"}],"replies":[{"embeddable":true,"href":"https:\/\/oanhbeautyspa.com\/index.php\/wp-json\/wp\/v2\/comments?post=1189"}],"wp:featuredmedia":[{"embeddable":true,"href":"https:\/\/oanhbeautyspa.com\/index.php\/wp-json\/wp\/v2\/media\/2705"}],"wp:attachment":[{"href":"https:\/\/oanhbeautyspa.com\/index.php\/wp-json\/wp\/v2\/media?parent=1189"}],"wp:term":[{"taxonomy":"product_cat","embeddable":true,"href":"https:\/\/oanhbeautyspa.com\/index.php\/wp-json\/wp\/v2\/product_cat?post=1189"},{"taxonomy":"product_tag","embeddable":true,"href":"https:\/\/oanhbeautyspa.com\/index.php\/wp-json\/wp\/v2\/product_tag?post=1189"}],"curies":[{"name":"wp","href":"https:\/\/api.w.org\/{rel}","templated":true}]}}