{"id":1186,"date":"2023-10-10T12:44:04","date_gmt":"2023-10-10T11:44:04","guid":{"rendered":"https:\/\/oanhbeautyspa.com\/?post_type=product&#038;p=1186"},"modified":"2023-10-31T21:07:54","modified_gmt":"2023-10-31T21:07:54","slug":"mask-with-probiotics-for-sensitive-skins-30ml","status":"publish","type":"product","link":"https:\/\/oanhbeautyspa.com\/index.php\/product\/mask-with-probiotics-for-sensitive-skins-30ml\/","title":{"rendered":"Mask With Probiotics For Sensitive Skins &#8211; 30ml"},"content":{"rendered":"<p>M\u1eb7t n\u1ea1 vi sinh \u00eam d\u1ecbu, t\u0103ng \u0111\u1ec1 kh\u00e1ng, t\u00e1i c\u00e2n b\u1eb1ng da m\u1eabn c\u1ea3m<\/p>\n<p><strong>C\u00d4NG D\u1ee4NG V\u00c0 TH\u00c0NH PH\u1ea6N CH\u00cdNH<\/strong><br \/>\nNgay l\u1eadp t\u1ee9c l\u00e0m d\u1ecbu, gi\u1ea3m m\u1ea9n \u0111\u1ecf lan t\u1ecfa, l\u00e0m \u0111\u1ec1u m\u00e0u da r\u00f5 r\u1ec7t.<br \/>\nC\u00e1c d\u01b0\u1ee1ng ch\u1ea5t ch\u00ednh:<br \/>\nNatural Alpha-bisabolol t\u1eeb c\u00e2y Candeia<br \/>\nLactic probiotics v\u00e0 \u0111\u01b0\u1eddng prebiotic<br \/>\n\u0110\u01b0\u1eddng saccharids t\u1eeb ng\u00f4 ng\u1ecdt<br \/>\n\u0110\u01b0\u1eddng hydra-soothing<br \/>\nNgay sau khi s\u1eed d\u1ee5ng:<br \/>\nC\u1ea3m gi\u00e1c kh\u00f4ng tho\u1ea3i m\u00e1i gi\u1ea3m \u0111i: 100%<br \/>\nDa \u0111\u01b0\u1ee3c d\u1ecbu \u00eam: 95%<br \/>\nDa c\u1ea3m th\u1ea5y tho\u1ea3i m\u00e1i: 100%<\/p>\n<p><strong>LO\u1ea0I DA PH\u00d9 H\u1ee2P<\/strong><br \/>\nDa nh\u1ea1y c\u1ea3m, c\u1ea3m gi\u00e1c kh\u00f4ng tho\u1ea3i m\u00e1i, m\u1ea9n \u0111\u1ecf<\/p>\n<p><strong>C\u00c1CH S\u1eec D\u1ee4NG<\/strong><br \/>\n\u0110\u1eafp m\u1eb7t n\u1ea1 v\u1edbi \u0111\u1ed9 d\u00e0y v\u1eeba ph\u1ea3i l\u00ean m\u1eb7t v\u00e0 c\u1ed5, \u0111\u1ec3 nguy\u00ean trong 10-15 ph\u00fat. Lo\u1ea1i b\u1ecf ph\u1ea7n d\u01b0 v\u00e0 massage ph\u1ea7n c\u00f2n l\u1ea1i v\u00e0o da.<\/p>\n","protected":false},"excerpt":{"rendered":"<p>Ngay l\u1eadp t\u1ee9c l\u00e0m d\u1ecbu, gi\u1ea3m m\u1ea9n \u0111\u1ecf lan t\u1ecfa, l\u00e0m \u0111\u1ec1u m\u00e0u da r\u00f5 r\u1ec7t v\u1edbi th\u00e0nh ph\u1ea7n bao g\u1ed3m c\u00e1c d\u01b0\u1ee1ng ch\u1ea5t ch\u00ednh nh\u01b0 Natural Alpha-bisabolol t\u1eeb c\u00e2y Candeia, Lactic probiotics v\u00e0 \u0111\u01b0\u1eddng prebiotic, \u0111\u01b0\u1eddng saccharids t\u1eeb ng\u00f4 ng\u1ecdt v\u00e0 \u0111\u01b0\u1eddng hydra-soothing.<\/p>\n","protected":false},"featured_media":1920,"comment_status":"open","ping_status":"closed","template":"","meta":{"site-sidebar-layout":"default","site-content-layout":"default","ast-global-header-display":"","ast-banner-title-visibility":"","ast-main-header-display":"","ast-hfb-above-header-display":"","ast-hfb-below-header-display":"","ast-hfb-mobile-header-display":"","site-post-title":"","ast-breadcrumbs-content":"","ast-featured-img":"","footer-sml-layout":"","theme-transparent-header-meta":"default","adv-header-id-meta":"","stick-header-meta":"","header-above-stick-meta":"","header-main-stick-meta":"","header-below-stick-meta":""},"product_cat":[37,40],"product_tag":[],"_links":{"self":[{"href":"https:\/\/oanhbeautyspa.com\/index.php\/wp-json\/wp\/v2\/product\/1186"}],"collection":[{"href":"https:\/\/oanhbeautyspa.com\/index.php\/wp-json\/wp\/v2\/product"}],"about":[{"href":"https:\/\/oanhbeautyspa.com\/index.php\/wp-json\/wp\/v2\/types\/product"}],"replies":[{"embeddable":true,"href":"https:\/\/oanhbeautyspa.com\/index.php\/wp-json\/wp\/v2\/comments?post=1186"}],"wp:featuredmedia":[{"embeddable":true,"href":"https:\/\/oanhbeautyspa.com\/index.php\/wp-json\/wp\/v2\/media\/1920"}],"wp:attachment":[{"href":"https:\/\/oanhbeautyspa.com\/index.php\/wp-json\/wp\/v2\/media?parent=1186"}],"wp:term":[{"taxonomy":"product_cat","embeddable":true,"href":"https:\/\/oanhbeautyspa.com\/index.php\/wp-json\/wp\/v2\/product_cat?post=1186"},{"taxonomy":"product_tag","embeddable":true,"href":"https:\/\/oanhbeautyspa.com\/index.php\/wp-json\/wp\/v2\/product_tag?post=1186"}],"curies":[{"name":"wp","href":"https:\/\/api.w.org\/{rel}","templated":true}]}}