{"id":1185,"date":"2023-10-10T12:44:04","date_gmt":"2023-10-10T11:44:04","guid":{"rendered":"https:\/\/oanhbeautyspa.com\/?post_type=product&#038;p=1185"},"modified":"2023-10-31T21:11:26","modified_gmt":"2023-10-31T21:11:26","slug":"spirulina-smoothing-mask-30ml","status":"publish","type":"product","link":"https:\/\/oanhbeautyspa.com\/index.php\/product\/spirulina-smoothing-mask-30ml\/","title":{"rendered":"Spirulina Smoothing Mask &#8211; 30ml"},"content":{"rendered":"<p>M\u1eb7t n\u1ea1 t\u1ea3o xo\u1eafn Spirulina x\u00f3a nh\u0103n, d\u01b0\u1ee1ng m\u1ecbn, tr\u1ebb h\u00f3a da<\/p>\n<p><strong>C\u00d4NG D\u1ee4NG V\u00c0 TH\u00c0NH PH\u1ea6N CH\u00cdNH<\/strong><br \/>\nM\u1eb7t n\u1ea1 v\u1edbi k\u1ebft c\u1ea5u m\u1ecbn nh\u01b0 nhung m\u00e0u xanh \u0111\u1eadm, c\u00f4 \u0111\u1eb7c t\u1ea3o xo\u1eafn g\u1ed3m 220 d\u01b0\u1ee1ng ch\u1ea5t ho\u1ea1t t\u00ednh v\u1edbi hi\u1ec7u qu\u1ea3 l\u00e0m ph\u1eb3ng m\u1ecbn da. Acid Hyaluronic v\u00e0 Ti\u00eau t\u1ee9 xuy\u00ean l\u00e0m \u0111\u1ea7y c\u00e1c n\u1ebfp nh\u0103n v\u00e0 l\u00e0m m\u1ec1m da t\u1ee9c th\u00ec.<\/p>\n<p><strong>LO\u1ea0I DA PH\u00d9 H\u1ee2P<\/strong><br \/>\nDa y\u1ebfu c\u1ea5u tr\u00fac, da c\u00f3 n\u1ebfp nh\u0103n<\/p>\n<p><strong>C\u00c1CH S\u1eec D\u1ee4NG<\/strong><br \/>\nThoa m\u1ed9t l\u01b0\u1ee3ng s\u1ea3n ph\u1ea9m v\u1eeba \u0111\u1ee7 l\u00ean m\u1eb7t v\u00e0 v\u00f9ng c\u1ed5. \u0110\u1ec3 t\u1eeb 10-15 ph\u00fat. R\u1eeda s\u1ea1ch b\u1eb1ng mi\u1ebfng m\u00fat Konjac Sponge ho\u1eb7c b\u1eb1ng kh\u0103n \u1ea5m<\/p>\n","protected":false},"excerpt":{"rendered":"<p>M\u1eb7t n\u1ea1 v\u1edbi k\u1ebft c\u1ea5u m\u1ecbn nh\u01b0 nhung m\u00e0u xanh \u0111\u1eadm, c\u00f4 \u0111\u1eb7c t\u1ea3o xo\u1eafn g\u1ed3m 220 d\u01b0\u1ee1ng ch\u1ea5t ho\u1ea1t t\u00ednh v\u1edbi hi\u1ec7u qu\u1ea3 l\u00e0m ph\u1eb3ng m\u1ecbn da. Acid Hyaluronic v\u00e0 Ti\u00eau t\u1ee9 xuy\u00ean l\u00e0m \u0111\u1ea7y c\u00e1c n\u1ebfp nh\u0103n v\u00e0 l\u00e0m m\u1ec1m da t\u1ee9c th\u00ec.<\/p>\n<p>&nbsp;<\/p>\n","protected":false},"featured_media":1375,"comment_status":"open","ping_status":"closed","template":"","meta":{"site-sidebar-layout":"default","site-content-layout":"default","ast-global-header-display":"","ast-banner-title-visibility":"","ast-main-header-display":"","ast-hfb-above-header-display":"","ast-hfb-below-header-display":"","ast-hfb-mobile-header-display":"","site-post-title":"","ast-breadcrumbs-content":"","ast-featured-img":"","footer-sml-layout":"","theme-transparent-header-meta":"default","adv-header-id-meta":"","stick-header-meta":"","header-above-stick-meta":"","header-main-stick-meta":"","header-below-stick-meta":""},"product_cat":[37,40],"product_tag":[],"_links":{"self":[{"href":"https:\/\/oanhbeautyspa.com\/index.php\/wp-json\/wp\/v2\/product\/1185"}],"collection":[{"href":"https:\/\/oanhbeautyspa.com\/index.php\/wp-json\/wp\/v2\/product"}],"about":[{"href":"https:\/\/oanhbeautyspa.com\/index.php\/wp-json\/wp\/v2\/types\/product"}],"replies":[{"embeddable":true,"href":"https:\/\/oanhbeautyspa.com\/index.php\/wp-json\/wp\/v2\/comments?post=1185"}],"wp:featuredmedia":[{"embeddable":true,"href":"https:\/\/oanhbeautyspa.com\/index.php\/wp-json\/wp\/v2\/media\/1375"}],"wp:attachment":[{"href":"https:\/\/oanhbeautyspa.com\/index.php\/wp-json\/wp\/v2\/media?parent=1185"}],"wp:term":[{"taxonomy":"product_cat","embeddable":true,"href":"https:\/\/oanhbeautyspa.com\/index.php\/wp-json\/wp\/v2\/product_cat?post=1185"},{"taxonomy":"product_tag","embeddable":true,"href":"https:\/\/oanhbeautyspa.com\/index.php\/wp-json\/wp\/v2\/product_tag?post=1185"}],"curies":[{"name":"wp","href":"https:\/\/api.w.org\/{rel}","templated":true}]}}