{"id":1184,"date":"2023-10-10T12:44:04","date_gmt":"2023-10-10T11:44:04","guid":{"rendered":"https:\/\/oanhbeautyspa.com\/?post_type=product&#038;p=1184"},"modified":"2023-10-31T21:09:12","modified_gmt":"2023-10-31T21:09:12","slug":"antioxidant-radiance-tomato-cream-50ml","status":"publish","type":"product","link":"https:\/\/oanhbeautyspa.com\/index.php\/product\/antioxidant-radiance-tomato-cream-50ml\/","title":{"rendered":"Antioxidant Radiance Tomato Cream &#8211; 50ml"},"content":{"rendered":"<p>Kem ch\u1ed1ng Oxy h\u00f3a, gi\u1ea3m s\u1ea1m, n\u00e1m da<\/p>\n<p><strong>C\u00d4NG D\u1ee4NG V\u00c0 TH\u00c0NH PH\u1ea6N CH\u00cdNH<\/strong><br \/>\nKem nh\u01b0 m\u1ed9t l\u00e1 ch\u1eafn t\u1ef1 nhi\u00ean ch\u1ed1ng l\u1ea1i stress oxy h\u00f3a v\u00e0 c\u00e1c \u00f4 nhi\u1ec5m kh\u00e1c nhau t\u1eeb m\u00f4i tr\u01b0\u1eddng. Da \u0111\u01b0\u1ee3c gi\u1ea3i g\u1ed1c t\u1ef1 do, \u0111\u01b0\u1ee3c gi\u1ea3m d\u1ea7n c\u00e1c d\u1ea5u hi\u1ec7u m\u1ec7t m\u1ecfi, tr\u1edf n\u00ean kh\u1ecfe \u0111\u1eb9p t\u1ef1 nhi\u00ean v\u00e0 r\u1ea1ng r\u1ee1. L\u00e0n da \u0111\u01b0\u1ee3c d\u01b0\u1ee1ng \u1ea9m v\u00e0 c\u00f3 c\u1ea3m gi\u00e1c tho\u1ea3i m\u00e1i, n\u01b0\u1edbc da t\u01b0\u01a1i t\u1eafn, r\u1ea1ng ng\u1eddi v\u1ebb \u0111\u1eb9p t\u1ef1 nhi\u00ean. D\u1ea7u t\u1eeb m\u1ea7m g\u1ea1o, h\u1ea1t ti\u00eau h\u1ed3ng l\u00e0m c\u00e2n b\u1eb1ng \u0111\u1ed9 \u1ea9m tr\u00ean da v\u00e0 thanh l\u1ecdc da.<\/p>\n<p><strong>LO\u1ea0I DA PH\u00d9 H\u1ee2P<\/strong><br \/>\nD\u00e0nh cho l\u00e0n da k\u00e9m r\u1ea1ng r\u1ee1, th\u01b0\u1eddng xuy\u00ean ti\u1ebfp x\u00fac v\u1edbi m\u00f4i tr\u01b0\u1eddng \u00f4 nhi\u1ec5m.<\/p>\n<p><strong>C\u00c1CH S\u1eec D\u1ee4NG<\/strong><br \/>\nV\u00e0o bu\u1ed5i s\u00e1ng v\u00e0\/ho\u1eb7c bu\u1ed5i t\u1ed1i, thoa m\u1ed9t l\u01b0\u1ee3ng nh\u1ecf s\u1ea3n ph\u1ea9m l\u00ean to\u00e0n b\u1ed9 khu\u00f4n m\u1eb7t, c\u1ed5 v\u00e0 v\u00f9ng c\u1ed5 tr\u01b0\u1edbc.<\/p>\n","protected":false},"excerpt":{"rendered":"<p>Kem nh\u01b0 m\u1ed9t l\u00e1 ch\u1eafn t\u1ef1 nhi\u00ean ch\u1ed1ng l\u1ea1i stress oxy h\u00f3a v\u00e0 c\u00e1c \u00f4 nhi\u1ec5m kh\u00e1c nhau t\u1eeb m\u00f4i tr\u01b0\u1eddng. Da \u0111\u01b0\u1ee3c gi\u1ea3i g\u1ed1c t\u1ef1 do, \u0111\u01b0\u1ee3c gi\u1ea3m d\u1ea7n c\u00e1c d\u1ea5u hi\u1ec7u m\u1ec7t m\u1ecfi, tr\u1edf n\u00ean kh\u1ecfe \u0111\u1eb9p t\u1ef1 nhi\u00ean v\u00e0 r\u1ea1ng r\u1ee1. L\u00e0n da \u0111\u01b0\u1ee3c d\u01b0\u1ee1ng \u1ea9m v\u00e0 c\u00f3 c\u1ea3m gi\u00e1c tho\u1ea3i m\u00e1i, n\u01b0\u1edbc da t\u01b0\u01a1i t\u1eafn, r\u1ea1ng ng\u1eddi v\u1ebb \u0111\u1eb9p t\u1ef1 nhi\u00ean. D\u1ea7u t\u1eeb m\u1ea7m g\u1ea1o, h\u1ea1t ti\u00eau h\u1ed3ng l\u00e0m c\u00e2n b\u1eb1ng \u0111\u1ed9 \u1ea9m tr\u00ean da v\u00e0 thanh l\u1ecdc da.<\/p>\n<p>&nbsp;<\/p>\n","protected":false},"featured_media":1919,"comment_status":"open","ping_status":"closed","template":"","meta":{"site-sidebar-layout":"default","site-content-layout":"default","ast-global-header-display":"","ast-banner-title-visibility":"","ast-main-header-display":"","ast-hfb-above-header-display":"","ast-hfb-below-header-display":"","ast-hfb-mobile-header-display":"","site-post-title":"","ast-breadcrumbs-content":"","ast-featured-img":"","footer-sml-layout":"","theme-transparent-header-meta":"default","adv-header-id-meta":"","stick-header-meta":"","header-above-stick-meta":"","header-main-stick-meta":"","header-below-stick-meta":""},"product_cat":[37,41],"product_tag":[],"_links":{"self":[{"href":"https:\/\/oanhbeautyspa.com\/index.php\/wp-json\/wp\/v2\/product\/1184"}],"collection":[{"href":"https:\/\/oanhbeautyspa.com\/index.php\/wp-json\/wp\/v2\/product"}],"about":[{"href":"https:\/\/oanhbeautyspa.com\/index.php\/wp-json\/wp\/v2\/types\/product"}],"replies":[{"embeddable":true,"href":"https:\/\/oanhbeautyspa.com\/index.php\/wp-json\/wp\/v2\/comments?post=1184"}],"wp:featuredmedia":[{"embeddable":true,"href":"https:\/\/oanhbeautyspa.com\/index.php\/wp-json\/wp\/v2\/media\/1919"}],"wp:attachment":[{"href":"https:\/\/oanhbeautyspa.com\/index.php\/wp-json\/wp\/v2\/media?parent=1184"}],"wp:term":[{"taxonomy":"product_cat","embeddable":true,"href":"https:\/\/oanhbeautyspa.com\/index.php\/wp-json\/wp\/v2\/product_cat?post=1184"},{"taxonomy":"product_tag","embeddable":true,"href":"https:\/\/oanhbeautyspa.com\/index.php\/wp-json\/wp\/v2\/product_tag?post=1184"}],"curies":[{"name":"wp","href":"https:\/\/api.w.org\/{rel}","templated":true}]}}