{"id":1183,"date":"2023-10-10T12:44:00","date_gmt":"2023-10-10T11:44:00","guid":{"rendered":"https:\/\/oanhbeautyspa.com\/?post_type=product&#038;p=1183"},"modified":"2023-10-31T21:11:56","modified_gmt":"2023-10-31T21:11:56","slug":"honey-almond-balm-face-and-body-150ml","status":"publish","type":"product","link":"https:\/\/oanhbeautyspa.com\/index.php\/product\/honey-almond-balm-face-and-body-150ml\/","title":{"rendered":"Honey Almond Balm (Face And Body) 150ml"},"content":{"rendered":"<p>Kem t\u1ea9y da ch\u1ebft H\u1ea1nh nh\u00e2n M\u1eadt ong m\u1ec1m m\u1ecbn, r\u1ea1ng r\u1ee1 da ho\u00e0n h\u1ea3o<\/p>\n<p><strong>C\u00d4NG D\u1ee4NG V\u00c0 TH\u00c0NH PH\u1ea6N CH\u00cdNH<\/strong><br \/>\nKem t\u1ea9y t\u1ebf b\u00e0o ch\u1ebft d\u00f9ng cho m\u1eb7t v\u00e0 c\u01a1 th\u1ec3. Da ch\u1ebft \u0111\u01b0\u1ee3c l\u1ea5y \u0111i m\u1ed9t c\u00e1ch nh\u1eb9 nh\u00e0ng, ho\u00e0n h\u1ea3o, gi\u00fap da \u0111\u01b0\u1ee3c b\u1ea3o v\u1ec7, nu\u00f4i d\u01b0\u1ee1ng, m\u1ec1m m\u1ea1i v\u00e0 r\u1ea1ng r\u1ee1. M\u1ed9t lo\u1ea1i s\u00e1p d\u01b0\u1ee1ng m\u1ecbn nh\u01b0 nhung chuy\u1ec3n th\u00e0nh d\u1ea1ng gel d\u1ea7u khi ti\u1ebfp x\u00fac v\u1edbi nhi\u1ec7t c\u1ee7a ch\u00ednh l\u00e0n da. Chi\u1ebft xu\u1ea5t polyphenols t\u1eeb m\u1eadt ong c\u1ecf x\u1ea1 h\u01b0\u01a1ng v\u00e0 b\u1ed9t h\u1ea1nh nh\u00e2n ng\u1ecdt, Oleic Acid t\u1eeb d\u1ea7u hoa h\u01b0\u1edbng d\u01b0\u01a1ng, Sal Butter gi\u00e0u Omega 9 v\u00e0 ch\u1ea5t b\u00e9o b\u00e3o h\u00f2a.<\/p>\n<p><strong>LO\u1ea0I DA PH\u00d9 H\u1ee2P<\/strong><br \/>\nPh\u00f9 h\u1ee3p cho m\u1ecdi lo\u1ea1i da, tr\u1eeb da nh\u1ea1y c\u1ea3m.<br \/>\nS\u1eed d\u1ee5ng cho c\u1ea3 khu\u00f4n m\u1eb7t v\u00e0 c\u01a1 th\u1ec3.<\/p>\n<p><strong>C\u00c1CH S\u1eec D\u1ee4NG<\/strong><br \/>\nB\u01b0\u1edbc 1: L\u00e0m \u01b0\u1edbt da tay<br \/>\nB\u01b0\u1edbc 2: L\u1ea5y m\u1ed9t l\u01b0\u1ee3ng kem nh\u01b0 h\u1ea1t h\u1ea1nh nh\u00e2n v\u00e0o l\u00f2ng b\u00e0n tay v\u00e0 l\u00e0m n\u00f3ng kem b\u1eb1ng c\u00e1ch xoa \u0111\u1ec1u tay.<br \/>\nB\u01b0\u1edbc 3: Th\u1ef1c hi\u1ec7n c\u00e1c \u0111\u1ed9ng t\u00e1c tr\u00f2n tr\u00ean to\u00e0n b\u1ed9 khu\u00f4n m\u1eb7t v\u00e0\/ho\u1eb7c c\u01a1 th\u1ec3.<br \/>\nB\u01b0\u1edbc 4: R\u1eeda s\u1ea1ch l\u1ea1i v\u1edbi n\u01b0\u1edbc<br \/>\n\u0110\u1ed1i v\u1edbi nh\u1eefng v\u00f9ng da d\u1ec5 b\u1ecb t\u1ed5n th\u01b0\u01a1ng nh\u1ea5t (g\u00f3t ch\u00e2n, khu\u1ef7u tay) thoa tr\u00ean da kh\u00f4.<br \/>\nT\u1ea9y t\u1eeb 1-3 l\u1ea7n\/tu\u1ea7n<\/p>\n","protected":false},"excerpt":{"rendered":"<p>Kem t\u1ea9y t\u1ebf b\u00e0o ch\u1ebft d\u00f9ng cho m\u1eb7t v\u00e0 c\u01a1 th\u1ec3. Da ch\u1ebft \u0111\u01b0\u1ee3c l\u1ea5y \u0111i m\u1ed9t c\u00e1ch nh\u1eb9 nh\u00e0ng, ho\u00e0n h\u1ea3o, gi\u00fap da \u0111\u01b0\u1ee3c b\u1ea3o v\u1ec7, nu\u00f4i d\u01b0\u1ee1ng, m\u1ec1m m\u1ea1i v\u00e0 r\u1ea1ng r\u1ee1. M\u1ed9t lo\u1ea1i s\u00e1p d\u01b0\u1ee1ng m\u1ecbn nh\u01b0 nhung chuy\u1ec3n th\u00e0nh d\u1ea1ng gel d\u1ea7u khi ti\u1ebfp x\u00fac v\u1edbi nhi\u1ec7t c\u1ee7a ch\u00ednh l\u00e0n da. Chi\u1ebft xu\u1ea5t polyphenols t\u1eeb m\u1eadt ong c\u1ecf x\u1ea1 h\u01b0\u01a1ng v\u00e0 b\u1ed9t h\u1ea1nh nh\u00e2n ng\u1ecdt, Oleic Acid t\u1eeb d\u1ea7u hoa h\u01b0\u1edbng d\u01b0\u01a1ng, Sal Butter gi\u00e0u Omega 9 v\u00e0 ch\u1ea5t b\u00e9o b\u00e3o h\u00f2a.<\/p>\n","protected":false},"featured_media":1918,"comment_status":"open","ping_status":"closed","template":"","meta":{"site-sidebar-layout":"default","site-content-layout":"default","ast-global-header-display":"","ast-banner-title-visibility":"","ast-main-header-display":"","ast-hfb-above-header-display":"","ast-hfb-below-header-display":"","ast-hfb-mobile-header-display":"","site-post-title":"","ast-breadcrumbs-content":"","ast-featured-img":"","footer-sml-layout":"","theme-transparent-header-meta":"default","adv-header-id-meta":"","stick-header-meta":"","header-above-stick-meta":"","header-main-stick-meta":"","header-below-stick-meta":""},"product_cat":[37,41],"product_tag":[],"_links":{"self":[{"href":"https:\/\/oanhbeautyspa.com\/index.php\/wp-json\/wp\/v2\/product\/1183"}],"collection":[{"href":"https:\/\/oanhbeautyspa.com\/index.php\/wp-json\/wp\/v2\/product"}],"about":[{"href":"https:\/\/oanhbeautyspa.com\/index.php\/wp-json\/wp\/v2\/types\/product"}],"replies":[{"embeddable":true,"href":"https:\/\/oanhbeautyspa.com\/index.php\/wp-json\/wp\/v2\/comments?post=1183"}],"wp:featuredmedia":[{"embeddable":true,"href":"https:\/\/oanhbeautyspa.com\/index.php\/wp-json\/wp\/v2\/media\/1918"}],"wp:attachment":[{"href":"https:\/\/oanhbeautyspa.com\/index.php\/wp-json\/wp\/v2\/media?parent=1183"}],"wp:term":[{"taxonomy":"product_cat","embeddable":true,"href":"https:\/\/oanhbeautyspa.com\/index.php\/wp-json\/wp\/v2\/product_cat?post=1183"},{"taxonomy":"product_tag","embeddable":true,"href":"https:\/\/oanhbeautyspa.com\/index.php\/wp-json\/wp\/v2\/product_tag?post=1183"}],"curies":[{"name":"wp","href":"https:\/\/api.w.org\/{rel}","templated":true}]}}