{"id":1182,"date":"2023-10-10T12:44:00","date_gmt":"2023-10-10T11:44:00","guid":{"rendered":"https:\/\/oanhbeautyspa.com\/?post_type=product&#038;p=1182"},"modified":"2023-10-31T21:13:06","modified_gmt":"2023-10-31T21:13:06","slug":"magistral-night-cream-blanc-de-teint-153","status":"publish","type":"product","link":"https:\/\/oanhbeautyspa.com\/index.php\/product\/magistral-night-cream-blanc-de-teint-153\/","title":{"rendered":"Magistral Night Cream Blanc De Teint 15,3%"},"content":{"rendered":"<p>Kem \u0111\u00eam \u0111\u1eb7c tr\u1ecb &#8220;360\u00ba&#8221; tr\u1eafng da, m\u1edd n\u00e1m<\/p>\n<p><strong>C\u00d4NG D\u1ee4NG V\u00c0 TH\u00c0NH PH\u1ea6N CH\u00cdNH<\/strong><br \/>\nKem \u0111\u00eam cho k\u1ebft c\u1ea5u da ho\u00e0n h\u1ea3o, tr\u1eafng s\u00e1ng h\u01a1n, \u0111\u1ec1u m\u00e0u h\u01a1n. V\u1edbi Carotenoids kh\u00f4ng m\u00e0u chi\u1ebft xu\u1ea5t t\u1eeb c\u00e0 chua tr\u1eafng cao c\u1ea5p gi\u00fap b\u1ea3o v\u1ec7 da, t\u0103ng s\u1ef1 r\u1ea1ng r\u1ee1, \u1ee9c ch\u1ebf c\u00e1c y\u1ebfu t\u1ed1 c\u0103ng th\u1eb3ng v\u00e0 ki\u1ec3m so\u00e1t s\u1ea3n sinh melanin.<br \/>\nC\u00e1c d\u01b0\u1ee1ng ch\u1ea5t ch\u00ednh:<br \/>\nCarotenoid c\u00e0 chua tr\u1eafng kh\u00f4ng m\u00e0u cao c\u1ea5p \u0111\u01b0\u1ee3c c\u1ea5p b\u1eb1ng s\u00e1ng ch\u1ebf<br \/>\nVitamin C \u1ed5n \u0111\u1ecbnh<br \/>\nPapain \u1ed5n \u0111\u1ecbnh \u0111\u01b0\u1ee3c c\u1ea5p b\u1eb1ng s\u00e1ng ch\u1ebf t\u1eeb \u0111u \u0111\u1ee7<br \/>\nAHA t\u1eeb tr\u00e1i c\u00e2y c\u00f3 t\u00ednh axit<br \/>\nChi\u1ebft xu\u1ea5t tr\u00e0 xanh<\/p>\n<p><strong>LO\u1ea0I DA PH\u00d9 H\u1ee2P<\/strong><br \/>\nM\u1ecdi lo\u1ea1i da<\/p>\n<p><strong>C\u00c1CH S\u1eec D\u1ee4NG<\/strong><br \/>\nThoa m\u1ed7i t\u1ed1i 2-3 l\u1ea7n\/tu\u1ea7n \u0111\u1ea7u r\u1ed3i sau \u0111\u00f3 d\u00f9ng \u0111\u1ec1u m\u1ed7i t\u1ed1i.<br \/>\nS\u1ea3n ph\u1ea9m n\u00e0y ch\u1ee9a c\u00e1c ch\u1ea5t AHA c\u00f3 th\u1ec3 l\u00e0m da tr\u1edf n\u00ean nh\u1ea1y c\u1ea3m h\u01a1n v\u1edbi \u00e1nh n\u1eafng. S\u1eed d\u1ee5ng s\u1ea3n ph\u1ea9m ch\u1ed1ng n\u1eafng sau khi s\u1eed d\u1ee5ng s\u1ea3n ph\u1ea9m n\u00e0y. Tr\u00e1nh ti\u1ebfp x\u00fac v\u1edbi m\u1eaft.<\/p>\n","protected":false},"excerpt":{"rendered":"<p>Kem \u0111\u00eam cho k\u1ebft c\u1ea5u da ho\u00e0n h\u1ea3o, tr\u1eafng s\u00e1ng h\u01a1n, \u0111\u1ec1u m\u00e0u h\u01a1n. V\u1edbi Carotenoids kh\u00f4ng m\u00e0u chi\u1ebft xu\u1ea5t t\u1eeb c\u00e0 chua tr\u1eafng cao c\u1ea5p gi\u00fap b\u1ea3o v\u1ec7 da, t\u0103ng s\u1ef1 r\u1ea1ng r\u1ee1, \u1ee9c ch\u1ebf c\u00e1c y\u1ebfu t\u1ed1 c\u0103ng th\u1eb3ng v\u00e0 ki\u1ec3m so\u00e1t s\u1ea3n sinh melanin.<\/p>\n","protected":false},"featured_media":1381,"comment_status":"open","ping_status":"closed","template":"","meta":{"site-sidebar-layout":"default","site-content-layout":"default","ast-global-header-display":"","ast-banner-title-visibility":"","ast-main-header-display":"","ast-hfb-above-header-display":"","ast-hfb-below-header-display":"","ast-hfb-mobile-header-display":"","site-post-title":"","ast-breadcrumbs-content":"","ast-featured-img":"","footer-sml-layout":"","theme-transparent-header-meta":"default","adv-header-id-meta":"","stick-header-meta":"","header-above-stick-meta":"","header-main-stick-meta":"","header-below-stick-meta":""},"product_cat":[37,41],"product_tag":[],"_links":{"self":[{"href":"https:\/\/oanhbeautyspa.com\/index.php\/wp-json\/wp\/v2\/product\/1182"}],"collection":[{"href":"https:\/\/oanhbeautyspa.com\/index.php\/wp-json\/wp\/v2\/product"}],"about":[{"href":"https:\/\/oanhbeautyspa.com\/index.php\/wp-json\/wp\/v2\/types\/product"}],"replies":[{"embeddable":true,"href":"https:\/\/oanhbeautyspa.com\/index.php\/wp-json\/wp\/v2\/comments?post=1182"}],"wp:featuredmedia":[{"embeddable":true,"href":"https:\/\/oanhbeautyspa.com\/index.php\/wp-json\/wp\/v2\/media\/1381"}],"wp:attachment":[{"href":"https:\/\/oanhbeautyspa.com\/index.php\/wp-json\/wp\/v2\/media?parent=1182"}],"wp:term":[{"taxonomy":"product_cat","embeddable":true,"href":"https:\/\/oanhbeautyspa.com\/index.php\/wp-json\/wp\/v2\/product_cat?post=1182"},{"taxonomy":"product_tag","embeddable":true,"href":"https:\/\/oanhbeautyspa.com\/index.php\/wp-json\/wp\/v2\/product_tag?post=1182"}],"curies":[{"name":"wp","href":"https:\/\/api.w.org\/{rel}","templated":true}]}}