{"id":1181,"date":"2023-10-10T12:44:00","date_gmt":"2023-10-10T11:44:00","guid":{"rendered":"https:\/\/oanhbeautyspa.com\/?post_type=product&#038;p=1181"},"modified":"2023-10-31T21:12:23","modified_gmt":"2023-10-31T21:12:23","slug":"radiance-bubbles-charcoal-mask","status":"publish","type":"product","link":"https:\/\/oanhbeautyspa.com\/index.php\/product\/radiance-bubbles-charcoal-mask\/","title":{"rendered":"Radiance Bubbles Charcoal Mask"},"content":{"rendered":"<p>M\u1eb7t n\u1ea1 Detox v\u1edbi than ho\u1ea1t t\u00ednh s\u1ee7i Oxy t\u01b0\u01a1i, s\u00e1ng m\u1ecbn da ho\u00e0n h\u1ea3o<\/p>\n<p><strong>C\u00d4NG D\u1ee4NG V\u00c0 TH\u00c0NH PH\u1ea6N CH\u00cdNH<\/strong><br \/>\nL\u00e0n da \u0111\u01b0\u1ee3c l\u00e0m s\u1ea1ch s\u00e2u ho\u00e0n h\u1ea3o, k\u1ebft c\u1ea5u da tr\u1edf n\u00ean \u0111\u1ec1u v\u00e0 m\u1ecbn h\u01a1n. L\u1ed7 ch\u00e2n l\u00f4ng se kh\u00edt h\u01a1n, gi\u1ea3i \u0111\u1ed9c v\u00e0 \u0111em l\u1ea1i l\u00e0n da t\u01b0\u01a1i s\u00e1ng, r\u1ea1ng r\u1ee1.<br \/>\nCharchoal than g\u1ed7 s\u1ed3i \u0111en Nh\u1eadt B\u1ea3n h\u00fat t\u1ea1p ch\u1ea5t, \u00f4 nhi\u1ec5m l\u00e0m s\u1ea1ch s\u00e2u. Ph\u1ee9c h\u1ee3p bong b\u00f3ng l\u00e0m da s\u00e1ng r\u1ea1ng r\u1ee1, th\u1ea3i \u0111\u1ed9c. 3 AHA (chanh, cam, vi\u1ec7t qu\u1ea5t) Acid Glycolic t\u1eeb m\u00eda l\u00e0m b\u1ec1 m\u1eb7t da \u0111\u1ed3ng \u0111\u1ec1u, m\u1ecbn. Chi\u1ebft xu\u1ea5t nha \u0111am \u0111em l\u1ea1i s\u1ef1 s\u1ea3ng kho\u00e1i cho l\u00e0n da.<\/p>\n<p><strong>LO\u1ea0I DA PH\u00d9 H\u1ee2P<\/strong><br \/>\nT\u1ea5t c\u1ea3 lo\u1ea1i da ngo\u1ea1i tr\u1eeb da nh\u1ea1y c\u1ea3m.<br \/>\nDa s\u1ea1m x\u1ec9n<br \/>\nD\u00e0nh cho ng\u01b0\u1eddi h\u00fat thu\u1ed1c v\u00e0 s\u1ed1ng \u1edf khu v\u1ef1c \u00f4 nhi\u1ec5m.<\/p>\n<p><strong>C\u00c1CH S\u1eec D\u1ee4NG<\/strong><br \/>\n1. \u0110\u1eafp m\u1eb7t n\u1ea1 l\u00ean da, \u0111\u1ec3 t\u1eeb 5-10p<br \/>\n2. G\u1ee1 mi\u1ebfng m\u1eb7t n\u1ea1 v\u00e0 l\u00e0m s\u1ea1ch ph\u1ea7n b\u1ecdt v\u1edbi n\u01b0\u1edbc s\u1ea1ch<br \/>\n3. S\u1eed d\u1ee5ng 1 l\u1ea7n\/tu\u1ea7n. Kh\u00f4ng s\u1eed d\u1ee5ng v\u1edbi da nh\u1ea1y c\u1ea3m ho\u1eb7c da k\u00edch \u1ee9ng. Tr\u00e1nh \u00e1nh n\u1eafng m\u1eb7t tr\u1eddi trong v\u00f2ng 1 tu\u1ea7n, n\u00ean s\u1eed d\u1ee5ng kem ch\u1ed1ng n\u1eafng<\/p>\n","protected":false},"excerpt":{"rendered":"<p>L\u00e0n da \u0111\u01b0\u1ee3c l\u00e0m s\u1ea1ch s\u00e2u ho\u00e0n h\u1ea3o, k\u1ebft c\u1ea5u da tr\u1edf n\u00ean \u0111\u1ec1u v\u00e0 m\u1ecbn h\u01a1n. L\u1ed7 ch\u00e2n l\u00f4ng se kh\u00edt h\u01a1n, gi\u1ea3i \u0111\u1ed9c v\u00e0 \u0111em l\u1ea1i l\u00e0n da t\u01b0\u01a1i s\u00e1ng, r\u1ea1ng r\u1ee1.<br \/>\nCharchoal than g\u1ed7 s\u1ed3i \u0111en Nh\u1eadt B\u1ea3n h\u00fat t\u1ea1p ch\u1ea5t, \u00f4 nhi\u1ec5m l\u00e0m s\u1ea1ch s\u00e2u. Ph\u1ee9c h\u1ee3p bong b\u00f3ng l\u00e0m da s\u00e1ng r\u1ea1ng r\u1ee1, th\u1ea3i \u0111\u1ed9c. 3 AHA (chanh, cam, vi\u1ec7t qu\u1ea5t) Acid Glycolic t\u1eeb m\u00eda l\u00e0m b\u1ec1 m\u1eb7t da \u0111\u1ed3ng \u0111\u1ec1u, m\u1ecbn. Chi\u1ebft xu\u1ea5t nha \u0111am \u0111em l\u1ea1i s\u1ef1 s\u1ea3ng kho\u00e1i cho l\u00e0n da.<\/p>\n","protected":false},"featured_media":1934,"comment_status":"open","ping_status":"closed","template":"","meta":{"site-sidebar-layout":"default","site-content-layout":"default","ast-global-header-display":"","ast-banner-title-visibility":"","ast-main-header-display":"","ast-hfb-above-header-display":"","ast-hfb-below-header-display":"","ast-hfb-mobile-header-display":"","site-post-title":"","ast-breadcrumbs-content":"","ast-featured-img":"","footer-sml-layout":"","theme-transparent-header-meta":"default","adv-header-id-meta":"","stick-header-meta":"","header-above-stick-meta":"","header-main-stick-meta":"","header-below-stick-meta":""},"product_cat":[37,40],"product_tag":[],"_links":{"self":[{"href":"https:\/\/oanhbeautyspa.com\/index.php\/wp-json\/wp\/v2\/product\/1181"}],"collection":[{"href":"https:\/\/oanhbeautyspa.com\/index.php\/wp-json\/wp\/v2\/product"}],"about":[{"href":"https:\/\/oanhbeautyspa.com\/index.php\/wp-json\/wp\/v2\/types\/product"}],"replies":[{"embeddable":true,"href":"https:\/\/oanhbeautyspa.com\/index.php\/wp-json\/wp\/v2\/comments?post=1181"}],"wp:featuredmedia":[{"embeddable":true,"href":"https:\/\/oanhbeautyspa.com\/index.php\/wp-json\/wp\/v2\/media\/1934"}],"wp:attachment":[{"href":"https:\/\/oanhbeautyspa.com\/index.php\/wp-json\/wp\/v2\/media?parent=1181"}],"wp:term":[{"taxonomy":"product_cat","embeddable":true,"href":"https:\/\/oanhbeautyspa.com\/index.php\/wp-json\/wp\/v2\/product_cat?post=1181"},{"taxonomy":"product_tag","embeddable":true,"href":"https:\/\/oanhbeautyspa.com\/index.php\/wp-json\/wp\/v2\/product_tag?post=1181"}],"curies":[{"name":"wp","href":"https:\/\/api.w.org\/{rel}","templated":true}]}}