{"id":1180,"date":"2023-10-10T12:43:59","date_gmt":"2023-10-10T11:43:59","guid":{"rendered":"https:\/\/oanhbeautyspa.com\/?post_type=product&#038;p=1180"},"modified":"2023-10-31T21:16:44","modified_gmt":"2023-10-31T21:16:44","slug":"sos-lip-balm-10ml","status":"publish","type":"product","link":"https:\/\/oanhbeautyspa.com\/index.php\/product\/sos-lip-balm-10ml\/","title":{"rendered":"Sos Lip Balm &#8211; 10ml"},"content":{"rendered":"<p>Son SOS d\u01b0\u1ee1ng ph\u1ee5c h\u1ed3i, ng\u0103n m\u1ea5t n\u01b0\u1edbc, m\u1ecbn c\u0103ng m\u00f4i t\u1ee9c th\u00ec<\/p>\n<p><strong>C\u00d4NG D\u1ee4NG V\u00c0 TH\u00c0NH PH\u1ea6N CH\u00cdNH<\/strong><br \/>\nL\u00e0m m\u1ecbn, c\u0103ng m\u00f4i t\u1ee9c th\u00ec, \u0111em l\u1ea1i \u0111\u00f4i m\u00f4i s\u00e1ng \u0111\u1eb9p t\u1ef1 nhi\u00ean<br \/>\nChi\u1ebft xu\u1ea5t ch\u1ea5t b\u00e9o t\u1eeb b\u01a1 h\u1ea1t m\u1ee1 cao c\u1ea5p gi\u00fap s\u1eeda ch\u1eefa, nu\u00f4i d\u01b0\u1ee1ng v\u00e0 b\u1ea3o v\u1ec7. Qu\u1ea3 h\u1ea3i \u0111\u00e0n gi\u00fap c\u1ea5p n\u01b0\u1edbc. Lycopen c\u00e0 chua b\u1ea3o v\u1ec7 ch\u1ed1ng oxy h\u00f3a. Shikonin t\u1eeb c\u1ecf t\u1eed th\u1ea3o gi\u00fap t\u1ecfa s\u00e1ng v\u1ebb \u0111\u1eb9p \u0111\u00f4i m\u00f4i, c\u0103ng b\u00f3ng.<\/p>\n<p><strong>C\u00c1CH S\u1eec D\u1ee4NG<\/strong><br \/>\nThoa SOS Lip Balm tr\u1ef1c ti\u1ebfp l\u00ean m\u00f4i th\u01b0\u1eddng xuy\u00ean khi c\u1ea7n thi\u1ebft<br \/>\n(v\u00e0i l\u1ea7n trong ng\u00e0y)<\/p>\n","protected":false},"excerpt":{"rendered":"<p>L\u00e0m m\u1ecbn, c\u0103ng m\u00f4i t\u1ee9c th\u00ec, \u0111em l\u1ea1i \u0111\u00f4i m\u00f4i s\u00e1ng \u0111\u1eb9p t\u1ef1 nhi\u00ean<br \/>\nChi\u1ebft xu\u1ea5t ch\u1ea5t b\u00e9o t\u1eeb b\u01a1 h\u1ea1t m\u1ee1 cao c\u1ea5p gi\u00fap s\u1eeda ch\u1eefa, nu\u00f4i d\u01b0\u1ee1ng v\u00e0 b\u1ea3o v\u1ec7. Qu\u1ea3 h\u1ea3i \u0111\u00e0n gi\u00fap c\u1ea5p n\u01b0\u1edbc. Lycopen c\u00e0 chua b\u1ea3o v\u1ec7 ch\u1ed1ng oxy h\u00f3a. Shikonin t\u1eeb c\u1ecf t\u1eed th\u1ea3o gi\u00fap t\u1ecfa s\u00e1ng v\u1ebb \u0111\u1eb9p \u0111\u00f4i m\u00f4i, c\u0103ng b\u00f3ng.<\/p>\n","protected":false},"featured_media":1933,"comment_status":"open","ping_status":"closed","template":"","meta":{"site-sidebar-layout":"default","site-content-layout":"default","ast-global-header-display":"","ast-banner-title-visibility":"","ast-main-header-display":"","ast-hfb-above-header-display":"","ast-hfb-below-header-display":"","ast-hfb-mobile-header-display":"","site-post-title":"","ast-breadcrumbs-content":"","ast-featured-img":"","footer-sml-layout":"","theme-transparent-header-meta":"default","adv-header-id-meta":"","stick-header-meta":"","header-above-stick-meta":"","header-main-stick-meta":"","header-below-stick-meta":""},"product_cat":[39],"product_tag":[],"_links":{"self":[{"href":"https:\/\/oanhbeautyspa.com\/index.php\/wp-json\/wp\/v2\/product\/1180"}],"collection":[{"href":"https:\/\/oanhbeautyspa.com\/index.php\/wp-json\/wp\/v2\/product"}],"about":[{"href":"https:\/\/oanhbeautyspa.com\/index.php\/wp-json\/wp\/v2\/types\/product"}],"replies":[{"embeddable":true,"href":"https:\/\/oanhbeautyspa.com\/index.php\/wp-json\/wp\/v2\/comments?post=1180"}],"wp:featuredmedia":[{"embeddable":true,"href":"https:\/\/oanhbeautyspa.com\/index.php\/wp-json\/wp\/v2\/media\/1933"}],"wp:attachment":[{"href":"https:\/\/oanhbeautyspa.com\/index.php\/wp-json\/wp\/v2\/media?parent=1180"}],"wp:term":[{"taxonomy":"product_cat","embeddable":true,"href":"https:\/\/oanhbeautyspa.com\/index.php\/wp-json\/wp\/v2\/product_cat?post=1180"},{"taxonomy":"product_tag","embeddable":true,"href":"https:\/\/oanhbeautyspa.com\/index.php\/wp-json\/wp\/v2\/product_tag?post=1180"}],"curies":[{"name":"wp","href":"https:\/\/api.w.org\/{rel}","templated":true}]}}