{"id":1179,"date":"2023-10-10T12:43:59","date_gmt":"2023-10-10T11:43:59","guid":{"rendered":"https:\/\/oanhbeautyspa.com\/?post_type=product&#038;p=1179"},"modified":"2023-10-12T20:04:14","modified_gmt":"2023-10-12T19:04:14","slug":"hyaluronic-moisturising-jelly-50ml","status":"publish","type":"product","link":"https:\/\/oanhbeautyspa.com\/index.php\/product\/hyaluronic-moisturising-jelly-50ml\/","title":{"rendered":"Hyaluronic Moisturising Jelly &#8211; 50ml"},"content":{"rendered":"<p>Gel Hyaluronic Natto, B5 d\u01b0\u1ee1ng v\u00e0 gi\u1eef \u1ea9m chuy\u00ean s\u00e2u da d\u1ea7u thi\u1ebfu n\u01b0\u1edbc<\/p>\n<p>C\u00d4NG D\u1ee4NG V\u00c0 TH\u00c0NH PH\u1ea6N CH\u00cdNH<br \/>\nGi\u00fap da r\u1ea1ng r\u1ee1, c\u1ef1c k\u1ef3 t\u01b0\u01a1i t\u1eafn. Chuy\u00ean gia d\u01b0\u1ee1ng \u1ea9m d\u1ea1ng th\u1ea1ch r\u1ea5t th\u00edch h\u1ee3p v\u1edbi \u0111i\u1ec1u ki\u1ec7n kh\u00ed h\u1eadu n\u00f3ng \u1ea9m. Gel trong c\u00f4 \u0111\u1eb7c n\u00e0y nh\u01b0 m\u1ed9t ly cocktail tr\u00e1i c\u00e2y ngay l\u1eadp t\u1ee9c l\u00e0m d\u1ecbu c\u01a1n kh\u00e1t, l\u00e0m m\u1ec1m m\u01b0\u1edbt da, c\u00f3 t\u00e1c d\u1ee5ng \u0111i\u1ec1u h\u00f2a kh\u00ed h\u1eadu. K\u1ebft c\u1ea5u ho\u1ea1t t\u00ednh nh\u1edd v\u00e0o keo m\u1ecbn t\u1eeb \u0111\u1eadu Natto, cho c\u1ea3m gi\u00e1c nh\u1eb9 nh\u00e0ng, t\u01b0\u01a1i m\u00e1t.<br \/>\nC\u00e1c d\u01b0\u1ee1ng ch\u1ea5t ch\u00ednh:<br \/>\n\u0110\u01b0\u1eddng polysaccharides t\u1eeb ng\u00f4 ki\u1ec3m so\u00e1t l\u01b0\u1ee3ng n\u01b0\u1edbc<br \/>\nVitamin B5 v\u00e0 Citrulline t\u1eeb d\u01b0a h\u1ea5u gi\u00fap cung c\u1ea5p \u0111\u1ed9 \u1ea9m cho da<br \/>\nPolysaccharides t\u1eeb t\u00e1o gi\u00fap gi\u1eef \u1ea9m cho da<br \/>\nHyaluronic acid c\u1ea5p \u1ea9m<\/p>\n<p>LO\u1ea0I DA PH\u00d9 H\u1ee2P<br \/>\nD\u00e0nh cho da th\u01b0\u1eddng \u0111\u1ebfn h\u1ed7n h\u1ee3p, th\u00edch h\u1ee3p nh\u1ea5t th\u1eddi ti\u1ebft n\u00f3ng v\u00e0 \u1ea9m.<\/p>\n<p>C\u00c1CH S\u1eec D\u1ee4NG<br \/>\nThoa l\u00ean c\u1ed5 v\u00e0 m\u1eb7t v\u00e0o s\u00e1ng v\u00e0\/ho\u1eb7c t\u1ed1i.<\/p>\n","protected":false},"excerpt":{"rendered":"<p>Gel Hyaluronic Natto, B5 d\u01b0\u1ee1ng v\u00e0 gi\u1eef \u1ea9m chuy\u00ean s\u00e2u da d\u1ea7u thi\u1ebfu n\u01b0\u1edbc C\u00d4NG D\u1ee4NG V\u00c0 TH\u00c0NH PH\u1ea6N CH\u00cdNH Gi\u00fap da r\u1ea1ng r\u1ee1, c\u1ef1c k\u1ef3 t\u01b0\u01a1i t\u1eafn. Chuy\u00ean gia d\u01b0\u1ee1ng \u1ea9m d\u1ea1ng th\u1ea1ch r\u1ea5t th\u00edch h\u1ee3p v\u1edbi \u0111i\u1ec1u ki\u1ec7n kh\u00ed h\u1eadu n\u00f3ng \u1ea9m. Gel trong c\u00f4 \u0111\u1eb7c n\u00e0y nh\u01b0 m\u1ed9t ly cocktail tr\u00e1i c\u00e2y &hellip;<\/p>\n<p class=\"read-more\"> <a class=\"\" href=\"https:\/\/oanhbeautyspa.com\/index.php\/product\/hyaluronic-moisturising-jelly-50ml\/\"> <span class=\"screen-reader-text\">Hyaluronic Moisturising Jelly &#8211; 50ml<\/span> Read More &raquo;<\/a><\/p>\n","protected":false},"featured_media":1369,"comment_status":"open","ping_status":"closed","template":"","meta":{"site-sidebar-layout":"default","site-content-layout":"default","ast-global-header-display":"","ast-banner-title-visibility":"","ast-main-header-display":"","ast-hfb-above-header-display":"","ast-hfb-below-header-display":"","ast-hfb-mobile-header-display":"","site-post-title":"","ast-breadcrumbs-content":"","ast-featured-img":"","footer-sml-layout":"","theme-transparent-header-meta":"default","adv-header-id-meta":"","stick-header-meta":"","header-above-stick-meta":"","header-main-stick-meta":"","header-below-stick-meta":""},"product_cat":[41],"product_tag":[],"_links":{"self":[{"href":"https:\/\/oanhbeautyspa.com\/index.php\/wp-json\/wp\/v2\/product\/1179"}],"collection":[{"href":"https:\/\/oanhbeautyspa.com\/index.php\/wp-json\/wp\/v2\/product"}],"about":[{"href":"https:\/\/oanhbeautyspa.com\/index.php\/wp-json\/wp\/v2\/types\/product"}],"replies":[{"embeddable":true,"href":"https:\/\/oanhbeautyspa.com\/index.php\/wp-json\/wp\/v2\/comments?post=1179"}],"wp:featuredmedia":[{"embeddable":true,"href":"https:\/\/oanhbeautyspa.com\/index.php\/wp-json\/wp\/v2\/media\/1369"}],"wp:attachment":[{"href":"https:\/\/oanhbeautyspa.com\/index.php\/wp-json\/wp\/v2\/media?parent=1179"}],"wp:term":[{"taxonomy":"product_cat","embeddable":true,"href":"https:\/\/oanhbeautyspa.com\/index.php\/wp-json\/wp\/v2\/product_cat?post=1179"},{"taxonomy":"product_tag","embeddable":true,"href":"https:\/\/oanhbeautyspa.com\/index.php\/wp-json\/wp\/v2\/product_tag?post=1179"}],"curies":[{"name":"wp","href":"https:\/\/api.w.org\/{rel}","templated":true}]}}