{"id":1178,"date":"2023-10-10T12:43:59","date_gmt":"2023-10-10T11:43:59","guid":{"rendered":"https:\/\/oanhbeautyspa.com\/?post_type=product&#038;p=1178"},"modified":"2023-10-12T20:03:09","modified_gmt":"2023-10-12T19:03:09","slug":"daily-sun-protection-fluide-uva-uvb-spf50-30ml","status":"publish","type":"product","link":"https:\/\/oanhbeautyspa.com\/index.php\/product\/daily-sun-protection-fluide-uva-uvb-spf50-30ml\/","title":{"rendered":"Daily Sun Protection Fluide UVA UVB SPF50+ &#8211; 30ml"},"content":{"rendered":"<p>Nh\u0169 t\u01b0\u01a1ng ch\u1ed1ng n\u1eafng k\u1ebft c\u1ea5u si\u00eau nh\u1eb9 ch\u1ed1ng UVA UVB SPF50+<\/p>\n<p>C\u00d4NG D\u1ee4NG V\u00c0 TH\u00c0NH PH\u1ea6N CH\u00cdNH<br \/>\nCh\u1ed1ng n\u1eafng d\u1ea1ng s\u1eefa k\u1ebft c\u1ea5u si\u00eau m\u1ecfng v\u00e0 nh\u1eb9, SPF50+ b\u1ea3o v\u1ec7 da m\u1eb7t h\u00e0ng ng\u00e0y, ng\u0103n ng\u1eeba l\u00e3o h\u00f3a da v\u00e0 ng\u0103n ng\u1eeba s\u1ef1 xu\u1ea5t hi\u1ec7n c\u1ee7a r\u1ed1i lo\u1ea1n s\u1eafc t\u1ed1. Th\u00e0nh ph\u1ea7n Vitamin E gi\u00fap b\u1ea3o v\u1ec7 da, m\u00e0ng l\u1ecdc SPF50+ gi\u00fap b\u1ea3o v\u1ec7 da r\u1ea5t cao tr\u01b0\u1edbc UVA\/UVB. S\u1ea3n ph\u1ea9m th\u1ea9m th\u1ea5u s\u00e2u, kh\u00f4ng b\u00f3ng d\u1ea7u, kh\u00f4ng th\u1ea5m n\u01b0\u1edbc.<\/p>\n<p>LO\u1ea0I DA PH\u00d9 H\u1ee2P<br \/>\nM\u1ecdi lo\u1ea1i da<\/p>\n<p>C\u00c1CH S\u1eec D\u1ee4NG<br \/>\nThoa \u0111\u1ec1u s\u1ea3n ph\u1ea9m l\u00ean m\u1eb7t v\u00e0 c\u1ed5 b\u1ea5t c\u1ee9 khi n\u00e0o c\u1ea3m th\u1ea5y c\u1ea7n thi\u1ebft trong ng\u00e0y. Ph\u1ee7 l\u00ean l\u1edbp kem d\u01b0\u1ee1ng da ho\u1eb7c l\u1edbp trang \u0111i\u1ec3m.<\/p>\n","protected":false},"excerpt":{"rendered":"<p>Nh\u0169 t\u01b0\u01a1ng ch\u1ed1ng n\u1eafng k\u1ebft c\u1ea5u si\u00eau nh\u1eb9 ch\u1ed1ng UVA UVB SPF50+ C\u00d4NG D\u1ee4NG V\u00c0 TH\u00c0NH PH\u1ea6N CH\u00cdNH Ch\u1ed1ng n\u1eafng d\u1ea1ng s\u1eefa k\u1ebft c\u1ea5u si\u00eau m\u1ecfng v\u00e0 nh\u1eb9, SPF50+ b\u1ea3o v\u1ec7 da m\u1eb7t h\u00e0ng ng\u00e0y, ng\u0103n ng\u1eeba l\u00e3o h\u00f3a da v\u00e0 ng\u0103n ng\u1eeba s\u1ef1 xu\u1ea5t hi\u1ec7n c\u1ee7a r\u1ed1i lo\u1ea1n s\u1eafc t\u1ed1. Th\u00e0nh ph\u1ea7n Vitamin E &hellip;<\/p>\n<p class=\"read-more\"> <a class=\"\" href=\"https:\/\/oanhbeautyspa.com\/index.php\/product\/daily-sun-protection-fluide-uva-uvb-spf50-30ml\/\"> <span class=\"screen-reader-text\">Daily Sun Protection Fluide UVA UVB SPF50+ &#8211; 30ml<\/span> Read More &raquo;<\/a><\/p>\n","protected":false},"featured_media":1368,"comment_status":"open","ping_status":"closed","template":"","meta":{"site-sidebar-layout":"default","site-content-layout":"default","ast-global-header-display":"","ast-banner-title-visibility":"","ast-main-header-display":"","ast-hfb-above-header-display":"","ast-hfb-below-header-display":"","ast-hfb-mobile-header-display":"","site-post-title":"","ast-breadcrumbs-content":"","ast-featured-img":"","footer-sml-layout":"","theme-transparent-header-meta":"default","adv-header-id-meta":"","stick-header-meta":"","header-above-stick-meta":"","header-main-stick-meta":"","header-below-stick-meta":""},"product_cat":[54],"product_tag":[],"_links":{"self":[{"href":"https:\/\/oanhbeautyspa.com\/index.php\/wp-json\/wp\/v2\/product\/1178"}],"collection":[{"href":"https:\/\/oanhbeautyspa.com\/index.php\/wp-json\/wp\/v2\/product"}],"about":[{"href":"https:\/\/oanhbeautyspa.com\/index.php\/wp-json\/wp\/v2\/types\/product"}],"replies":[{"embeddable":true,"href":"https:\/\/oanhbeautyspa.com\/index.php\/wp-json\/wp\/v2\/comments?post=1178"}],"wp:featuredmedia":[{"embeddable":true,"href":"https:\/\/oanhbeautyspa.com\/index.php\/wp-json\/wp\/v2\/media\/1368"}],"wp:attachment":[{"href":"https:\/\/oanhbeautyspa.com\/index.php\/wp-json\/wp\/v2\/media?parent=1178"}],"wp:term":[{"taxonomy":"product_cat","embeddable":true,"href":"https:\/\/oanhbeautyspa.com\/index.php\/wp-json\/wp\/v2\/product_cat?post=1178"},{"taxonomy":"product_tag","embeddable":true,"href":"https:\/\/oanhbeautyspa.com\/index.php\/wp-json\/wp\/v2\/product_tag?post=1178"}],"curies":[{"name":"wp","href":"https:\/\/api.w.org\/{rel}","templated":true}]}}