{"id":1177,"date":"2023-10-10T12:43:59","date_gmt":"2023-10-10T11:43:59","guid":{"rendered":"https:\/\/oanhbeautyspa.com\/?post_type=product&#038;p=1177"},"modified":"2023-10-31T21:15:53","modified_gmt":"2023-10-31T21:15:53","slug":"magistral-serum-blanc-de-teint-6-7-30ml","status":"publish","type":"product","link":"https:\/\/oanhbeautyspa.com\/index.php\/product\/magistral-serum-blanc-de-teint-6-7-30ml\/","title":{"rendered":"Magistral Serum Blanc De Teint 6.7% &#8211; 30ml"},"content":{"rendered":"<p>Huy\u1ebft thanh \u0111\u1eb7c tr\u1ecb &#8220;360&#8221; tr\u1eafng da m\u1edd n\u00e1m<\/p>\n<p><strong>C\u00d4NG D\u1ee4NG V\u00c0 TH\u00c0NH PH\u1ea6N CH\u00cdNH<\/strong><br \/>\nHuy\u1ebft thanh \u0111\u1eb7c tr\u1ecb l\u00e0m \u0111\u1ec1u m\u00e0u da v\u00e0 ch\u1ed1ng v\u1ebft th\u00e2m, v\u1edbi hi\u1ec7u qu\u1ea3 \u0111\u00e3 \u0111\u01b0\u1ee3c ch\u1ee9ng minh l\u00e2m s\u00e0ng. Da s\u00e1ng h\u01a1n r\u00f5 r\u1ec7t, gi\u1ea3m c\u00e1c khuy\u1ebft \u0111i\u1ec3m v\u1ec1 s\u1eafc t\u1ed1, gi\u1ea3m m\u1eadt \u0111\u1ed9 xu\u1ea5t hi\u1ec7n c\u00e1c \u0111\u1ed1m \u0111en tr\u00ean da. V\u1edbi th\u00e0nh ph\u1ea7n Vitamin C v\u00e0 polyphenols c\u1ee7a m\u1eadn Kakadu ng\u1eeba \u0111\u1ed1m n\u00e2u; Vitamin B3 +E c\u1ee7a \u0111\u1eadu n\u00e0nh ch\u1ed1ng n\u00e2u da, v\u00e0ng da v\u00e0 \u0111\u1ecf da, Papain t\u1eeb \u0111u \u0111\u1ee7 t\u00e1i t\u1ea1o b\u1ec1 m\u1eb7t da, Hyaluronic Acid gi\u00fap cung c\u1ea5p \u0111\u1ee7 \u1ea9m cho da.<\/p>\n<p><strong>LO\u1ea0I DA PH\u00d9 H\u1ee2P<\/strong><br \/>\nDa c\u00f3 c\u00e1c khuy\u1ebft \u0111i\u1ec3m v\u1ec1 s\u1eafc t\u1ed1 v\u00e0 c\u00e1c \u0111\u1ed1m \u0111en tr\u00ean da<\/p>\n<p><strong>C\u00c1CH S\u1eec D\u1ee4NG<\/strong><br \/>\nD\u00f9ng s\u00e1ng v\u00e0 t\u1ed1i, tr\u01b0\u1edbc kem d\u01b0\u1ee1ng \u1ea9m ho\u1eb7c kem d\u01b0\u1ee1ng theo nhu c\u1ea7u da, s\u1eed d\u1ee5ng c\u00f9ng kem ch\u1ed1ng n\u1eafng SPF 50<\/p>\n","protected":false},"excerpt":{"rendered":"<p>Huy\u1ebft thanh \u0111\u1eb7c tr\u1ecb l\u00e0m \u0111\u1ec1u m\u00e0u da v\u00e0 ch\u1ed1ng v\u1ebft th\u00e2m, v\u1edbi hi\u1ec7u qu\u1ea3 \u0111\u00e3 \u0111\u01b0\u1ee3c ch\u1ee9ng minh l\u00e2m s\u00e0ng. Da s\u00e1ng h\u01a1n r\u00f5 r\u1ec7t, gi\u1ea3m c\u00e1c khuy\u1ebft \u0111i\u1ec3m v\u1ec1 s\u1eafc t\u1ed1, gi\u1ea3m m\u1eadt \u0111\u1ed9 xu\u1ea5t hi\u1ec7n c\u00e1c \u0111\u1ed1m \u0111en tr\u00ean da. V\u1edbi th\u00e0nh ph\u1ea7n Vitamin C v\u00e0 polyphenols c\u1ee7a m\u1eadn Kakadu ng\u1eeba \u0111\u1ed1m n\u00e2u; Vitamin B3 +E c\u1ee7a \u0111\u1eadu n\u00e0nh ch\u1ed1ng n\u00e2u da, v\u00e0ng da v\u00e0 \u0111\u1ecf da, Papain t\u1eeb \u0111u \u0111\u1ee7 t\u00e1i t\u1ea1o b\u1ec1 m\u1eb7t da, Hyaluronic Acid gi\u00fap cung c\u1ea5p \u0111\u1ee7 \u1ea9m cho da.<\/p>\n","protected":false},"featured_media":1367,"comment_status":"open","ping_status":"closed","template":"","meta":{"site-sidebar-layout":"default","site-content-layout":"default","ast-global-header-display":"","ast-banner-title-visibility":"","ast-main-header-display":"","ast-hfb-above-header-display":"","ast-hfb-below-header-display":"","ast-hfb-mobile-header-display":"","site-post-title":"","ast-breadcrumbs-content":"","ast-featured-img":"","footer-sml-layout":"","theme-transparent-header-meta":"default","adv-header-id-meta":"","stick-header-meta":"","header-above-stick-meta":"","header-main-stick-meta":"","header-below-stick-meta":""},"product_cat":[37,38],"product_tag":[],"_links":{"self":[{"href":"https:\/\/oanhbeautyspa.com\/index.php\/wp-json\/wp\/v2\/product\/1177"}],"collection":[{"href":"https:\/\/oanhbeautyspa.com\/index.php\/wp-json\/wp\/v2\/product"}],"about":[{"href":"https:\/\/oanhbeautyspa.com\/index.php\/wp-json\/wp\/v2\/types\/product"}],"replies":[{"embeddable":true,"href":"https:\/\/oanhbeautyspa.com\/index.php\/wp-json\/wp\/v2\/comments?post=1177"}],"wp:featuredmedia":[{"embeddable":true,"href":"https:\/\/oanhbeautyspa.com\/index.php\/wp-json\/wp\/v2\/media\/1367"}],"wp:attachment":[{"href":"https:\/\/oanhbeautyspa.com\/index.php\/wp-json\/wp\/v2\/media?parent=1177"}],"wp:term":[{"taxonomy":"product_cat","embeddable":true,"href":"https:\/\/oanhbeautyspa.com\/index.php\/wp-json\/wp\/v2\/product_cat?post=1177"},{"taxonomy":"product_tag","embeddable":true,"href":"https:\/\/oanhbeautyspa.com\/index.php\/wp-json\/wp\/v2\/product_tag?post=1177"}],"curies":[{"name":"wp","href":"https:\/\/api.w.org\/{rel}","templated":true}]}}