{"id":1176,"date":"2023-10-10T12:43:59","date_gmt":"2023-10-10T11:43:59","guid":{"rendered":"https:\/\/oanhbeautyspa.com\/?post_type=product&#038;p=1176"},"modified":"2024-07-05T17:48:02","modified_gmt":"2024-07-05T16:48:02","slug":"magistral-cream-d-sensis-19-rescue-cream-for-reactive-skins-50ml","status":"publish","type":"product","link":"https:\/\/oanhbeautyspa.com\/index.php\/product\/magistral-cream-d-sensis-19-rescue-cream-for-reactive-skins-50ml\/","title":{"rendered":"Magistral Cream D-Sensis 19%-Rescue Cream For Reactive Skins &#8211; 50ml"},"content":{"rendered":"<p>Kem D-Sensis S.O.S gi\u1ea3m k\u00edch \u1ee9ng nh\u1ea1y c\u1ea3m, gi\u1ea3m vi\u00eam \u0111\u1ecf, mao m\u1ea1ch<\/p>\n<p><strong>C\u00d4NG D\u1ee4NG V\u00c0 TH\u00c0NH PH\u1ea6N CH\u00cdNH<\/strong><br \/>\nKem d\u1ea1ng \u0111\u1eb7c nh\u01b0 l\u00e1 ch\u1eafn ch\u1ed1ng k\u00edch \u1ee9ng, l\u00e0m d\u1ecbu v\u00e0 b\u1ea3o v\u1ec7 da kh\u1ecfi c\u00e1c ph\u1ea3n \u1ee9ng ngay t\u1eeb l\u1ea7n \u0111\u1ea7u ti\u00ean thoa. Gi\u1ea3m ngay c\u00e1c \u0111\u1ed1m \u0111\u1ecf, gi\u1ea3m ng\u1ee9a, s\u01b0ng, vi\u00eam, m\u1ea9n \u0111\u1ecf. Gi\u1ea3m \u0111\u1ed9 nh\u1ea1y c\u1ea3m, t\u0103ng ng\u01b0\u1ee1ng ch\u1ecbu \u0111\u1ef1ng c\u1ee7a da nh\u1edd h\u1ea1t lanh n\u00e2u. Chi\u1ebft xu\u1ea5t l\u00e1 d\u1ea1 ls h\u01b0\u01a1ng gi\u00fap li gi\u00e1n th\u1ea7n kinh, ch\u1ed1ng m\u1ea9n \u0111\u1ecf. Ch\u1ed1ng vi\u00eam, t\u0103ng s\u1eafc t\u1ed1 nh\u1edd Vitamin A, E, Polyphenols, Omega 3-6-9 t\u1eeb d\u1ea7u qu\u1ea3 m\u00e2m x\u00f4i. Gia c\u1ed1 h\u00e0ng r\u00e0o b\u1ea3o v\u1ec7 da, l\u00e0 l\u00e1 ch\u1eafn ch\u1ed1ng k\u00edch \u1ee9ng, l\u00e0m m\u1ec1m, d\u01b0\u1ee1ng \u1ea9m, ch\u1ed1ng oxy h\u00f3a v\u00e0 l\u00e0m d\u1ecbu da nh\u1edd Vitamin E t\u1eeb tinh d\u1ea7u m\u1ea7m \u0111\u1ea1i m\u1ea1ch.<\/p>\n<p><strong>LO\u1ea0I DA PH\u00d9 H\u1ee2P<\/strong><br \/>\nDa d\u1ec5 b\u1ecb k\u00edch \u1ee9ng<\/p>\n<p><strong>C\u00c1CH S\u1eec D\u1ee4NG<\/strong><br \/>\nKh\u00f4ng s\u1eed d\u1ee5ng c\u00f9ng c\u00e1c lo\u1ea1i kem kh\u00e1c v\u00e0 tr\u00e1nh trang \u0111i\u1ec3m trong v\u00f2ng 1 th\u00e1ng s\u1eed d\u1ee5ng s\u1ea3n ph\u1ea9m. Thoa kem ng\u00e0y 2 l\u1ea7n s\u00e1ng v\u00e0 t\u1ed1i, n\u00ean d\u00f9ng tr\u00ean 1 th\u00e1ng cho \u0111\u1ebfn khi da tr\u1edf l\u1ea1i b\u00ecnh th\u01b0\u1eddng, d\u1ec5 ch\u1ecbu<\/p>\n","protected":false},"excerpt":{"rendered":"<p>Kem d\u1ea1ng \u0111\u1eb7c nh\u01b0 l\u00e1 ch\u1eafn ch\u1ed1ng k\u00edch \u1ee9ng, l\u00e0m d\u1ecbu v\u00e0 b\u1ea3o v\u1ec7 da kh\u1ecfi c\u00e1c ph\u1ea3n \u1ee9ng ngay t\u1eeb l\u1ea7n \u0111\u1ea7u ti\u00ean thoa. Gi\u1ea3m ngay c\u00e1c \u0111\u1ed1m \u0111\u1ecf, gi\u1ea3m ng\u1ee9a, s\u01b0ng, vi\u00eam, m\u1ea9n \u0111\u1ecf. Gi\u1ea3m \u0111\u1ed9 nh\u1ea1y c\u1ea3m, t\u0103ng ng\u01b0\u1ee1ng ch\u1ecbu \u0111\u1ef1ng c\u1ee7a da nh\u1edd h\u1ea1t lanh n\u00e2u. Chi\u1ebft xu\u1ea5t l\u00e1 d\u1ea1 ls h\u01b0\u01a1ng gi\u00fap li gi\u00e1n th\u1ea7n kinh, ch\u1ed1ng m\u1ea9n \u0111\u1ecf. Ch\u1ed1ng vi\u00eam, t\u0103ng s\u1eafc t\u1ed1 nh\u1edd Vitamin A, E, Polyphenols, Omega 3-6-9 t\u1eeb d\u1ea7u qu\u1ea3 m\u00e2m x\u00f4i. Gia c\u1ed1 h\u00e0ng r\u00e0o b\u1ea3o v\u1ec7 da, l\u00e0 l\u00e1 ch\u1eafn ch\u1ed1ng k\u00edch \u1ee9ng, l\u00e0m m\u1ec1m, d\u01b0\u1ee1ng \u1ea9m, ch\u1ed1ng oxy h\u00f3a v\u00e0 l\u00e0m d\u1ecbu da nh\u1edd Vitamin E t\u1eeb tinh d\u1ea7u m\u1ea7m \u0111\u1ea1i m\u1ea1ch.<\/p>\n","protected":false},"featured_media":2699,"comment_status":"open","ping_status":"closed","template":"","meta":{"site-sidebar-layout":"default","site-content-layout":"default","ast-global-header-display":"","ast-banner-title-visibility":"","ast-main-header-display":"","ast-hfb-above-header-display":"","ast-hfb-below-header-display":"","ast-hfb-mobile-header-display":"","site-post-title":"","ast-breadcrumbs-content":"","ast-featured-img":"","footer-sml-layout":"","theme-transparent-header-meta":"default","adv-header-id-meta":"","stick-header-meta":"","header-above-stick-meta":"","header-main-stick-meta":"","header-below-stick-meta":""},"product_cat":[37,41],"product_tag":[],"_links":{"self":[{"href":"https:\/\/oanhbeautyspa.com\/index.php\/wp-json\/wp\/v2\/product\/1176"}],"collection":[{"href":"https:\/\/oanhbeautyspa.com\/index.php\/wp-json\/wp\/v2\/product"}],"about":[{"href":"https:\/\/oanhbeautyspa.com\/index.php\/wp-json\/wp\/v2\/types\/product"}],"replies":[{"embeddable":true,"href":"https:\/\/oanhbeautyspa.com\/index.php\/wp-json\/wp\/v2\/comments?post=1176"}],"wp:featuredmedia":[{"embeddable":true,"href":"https:\/\/oanhbeautyspa.com\/index.php\/wp-json\/wp\/v2\/media\/2699"}],"wp:attachment":[{"href":"https:\/\/oanhbeautyspa.com\/index.php\/wp-json\/wp\/v2\/media?parent=1176"}],"wp:term":[{"taxonomy":"product_cat","embeddable":true,"href":"https:\/\/oanhbeautyspa.com\/index.php\/wp-json\/wp\/v2\/product_cat?post=1176"},{"taxonomy":"product_tag","embeddable":true,"href":"https:\/\/oanhbeautyspa.com\/index.php\/wp-json\/wp\/v2\/product_tag?post=1176"}],"curies":[{"name":"wp","href":"https:\/\/api.w.org\/{rel}","templated":true}]}}