{"id":1175,"date":"2023-10-10T12:43:59","date_gmt":"2023-10-10T11:43:59","guid":{"rendered":"https:\/\/oanhbeautyspa.com\/?post_type=product&#038;p=1175"},"modified":"2023-10-31T21:13:58","modified_gmt":"2023-10-31T21:13:58","slug":"magistral-pure-focus-corrector-19-3-local-blemishes-10ml","status":"publish","type":"product","link":"https:\/\/oanhbeautyspa.com\/index.php\/product\/magistral-pure-focus-corrector-19-3-local-blemishes-10ml\/","title":{"rendered":"Magistral Pure Focus Corrector 19.3% Local Blemishes &#8211; 10ml"},"content":{"rendered":"<p>Tinh ch\u1ea5t CC Pure Focus \u0111\u1eb7c tr\u1ecb se x\u1eb9p v\u00e0 ng\u1ee5y trang m\u1ee5n<\/p>\n<p><strong>C\u00d4NG D\u1ee4NG V\u00c0 TH\u00c0NH PH\u1ea6N CH\u00cdNH<\/strong><br \/>\nTinh ch\u1ea5t d\u1ea1ng l\u1ecfng v\u1edbi hi\u1ec7u \u1ee9ng che khuy\u1ebft \u0111i\u1ec3m v\u00e0 l\u00e0m d\u1ecbu da, tinh s\u1ea1ch da, ph\u00f9 h\u1ee3p v\u1edbi m\u1ecdi t\u00f4ng m\u00e0u da. C\u00e1c v\u1ebft th\u00e2m s\u1ebd \u0111\u01b0\u1ee3c kh\u1eafc ph\u1ee5c r\u00f5 r\u1ec7t t\u1eeb l\u1ea7n \u0111\u1ea7u s\u1eed d\u1ee5ng. V\u1edbi chi\u1ebft xu\u1ea5t t\u1eeb h\u1ea1t cam b\u01b0\u1edfi, ph\u1ee9c h\u1ee3p c\u1ee7a 16 lo\u1ea1i tinh d\u1ea7u, k\u1ebdm xanh t\u1eeb th\u1ef1c v\u1eadt th\u1ee7y sinh v\u00e0 Glycerin.<\/p>\n<p><strong>LO\u1ea0I DA PH\u00d9 H\u1ee2P<\/strong><br \/>\nChe khuy\u1ebft \u0111i\u1ec3m m\u1ee5n cho m\u1ecdi lo\u1ea1i da.<\/p>\n<p><strong>C\u00c1CH S\u1eec D\u1ee4NG<\/strong><br \/>\nCh\u1ec9 d\u00f9ng l\u00ean c\u00e1c khuy\u1ebft \u0111i\u1ec3m m\u1ee5n v\u00e0 v\u1ebft th\u00e2m v\u00e0o ban ng\u00e0y.<\/p>\n","protected":false},"excerpt":{"rendered":"<p>Tinh ch\u1ea5t d\u1ea1ng l\u1ecfng v\u1edbi hi\u1ec7u \u1ee9ng che khuy\u1ebft \u0111i\u1ec3m v\u00e0 l\u00e0m d\u1ecbu da, tinh s\u1ea1ch da, ph\u00f9 h\u1ee3p v\u1edbi m\u1ecdi t\u00f4ng m\u00e0u da. C\u00e1c v\u1ebft th\u00e2m s\u1ebd \u0111\u01b0\u1ee3c kh\u1eafc ph\u1ee5c r\u00f5 r\u1ec7t t\u1eeb l\u1ea7n \u0111\u1ea7u s\u1eed d\u1ee5ng. V\u1edbi chi\u1ebft xu\u1ea5t t\u1eeb h\u1ea1t cam b\u01b0\u1edfi, ph\u1ee9c h\u1ee3p c\u1ee7a 16 lo\u1ea1i tinh d\u1ea7u, k\u1ebdm xanh t\u1eeb th\u1ef1c v\u1eadt th\u1ee7y sinh v\u00e0 Glycerin.<\/p>\n","protected":false},"featured_media":1365,"comment_status":"open","ping_status":"closed","template":"","meta":{"site-sidebar-layout":"default","site-content-layout":"default","ast-global-header-display":"","ast-banner-title-visibility":"","ast-main-header-display":"","ast-hfb-above-header-display":"","ast-hfb-below-header-display":"","ast-hfb-mobile-header-display":"","site-post-title":"","ast-breadcrumbs-content":"","ast-featured-img":"","footer-sml-layout":"","theme-transparent-header-meta":"default","adv-header-id-meta":"","stick-header-meta":"","header-above-stick-meta":"","header-main-stick-meta":"","header-below-stick-meta":""},"product_cat":[37,41],"product_tag":[],"_links":{"self":[{"href":"https:\/\/oanhbeautyspa.com\/index.php\/wp-json\/wp\/v2\/product\/1175"}],"collection":[{"href":"https:\/\/oanhbeautyspa.com\/index.php\/wp-json\/wp\/v2\/product"}],"about":[{"href":"https:\/\/oanhbeautyspa.com\/index.php\/wp-json\/wp\/v2\/types\/product"}],"replies":[{"embeddable":true,"href":"https:\/\/oanhbeautyspa.com\/index.php\/wp-json\/wp\/v2\/comments?post=1175"}],"wp:featuredmedia":[{"embeddable":true,"href":"https:\/\/oanhbeautyspa.com\/index.php\/wp-json\/wp\/v2\/media\/1365"}],"wp:attachment":[{"href":"https:\/\/oanhbeautyspa.com\/index.php\/wp-json\/wp\/v2\/media?parent=1175"}],"wp:term":[{"taxonomy":"product_cat","embeddable":true,"href":"https:\/\/oanhbeautyspa.com\/index.php\/wp-json\/wp\/v2\/product_cat?post=1175"},{"taxonomy":"product_tag","embeddable":true,"href":"https:\/\/oanhbeautyspa.com\/index.php\/wp-json\/wp\/v2\/product_tag?post=1175"}],"curies":[{"name":"wp","href":"https:\/\/api.w.org\/{rel}","templated":true}]}}