{"id":1174,"date":"2023-10-10T12:43:59","date_gmt":"2023-10-10T11:43:59","guid":{"rendered":"https:\/\/oanhbeautyspa.com\/?post_type=product&#038;p=1174"},"modified":"2023-10-29T17:12:12","modified_gmt":"2023-10-29T17:12:12","slug":"magistral-serum-hydra-cellular-6-7-30ml","status":"publish","type":"product","link":"https:\/\/oanhbeautyspa.com\/index.php\/product\/magistral-serum-hydra-cellular-6-7-30ml\/","title":{"rendered":"Magistral Serum Hydra Cellular 6.7% &#8211; 30ml"},"content":{"rendered":"<p>Huy\u1ebft thanh \u0111\u1eb7c tr\u1ecb ti\u1ebfp n\u01b0\u1edbc gi\u1eef \u1ea9m chuy\u00ean s\u00e2u<\/p>\n<p>C\u00d4NG D\u1ee4NG V\u00c0 TH\u00c0NH PH\u1ea6N CH\u00cdNH<br \/>\nHuy\u1ebft thanh si\u00eau t\u01b0\u01a1i, gi\u00e0u acid Hyaluronic l\u00e0m \u0111\u1ea7y da, da \u0111\u01b0\u1ee3c c\u1ea5p \u0111\u1ee7 n\u01b0\u1edbc nh\u1edd n\u01b0\u1edbc liposome ph\u00e2n c\u1ef1c, polyphenols t\u1eeb t\u00e1o ch\u1ed1ng oxy h\u00f3a. Hi\u1ec7u qu\u1ea3 \u0111\u00e3 \u0111\u01b0\u1ee3c ch\u1ee9ng minhda gi\u1ea3m h\u1eb3n s\u1ef1 kh\u00f3 ch\u1ecbu v\u00ec m\u1ea5t n\u01b0\u1edbc sau 7 ng\u00e0y s\u1eed d\u1ee5ng s\u1ea3n ph\u1ea9m<\/p>\n<p>LO\u1ea0I DA PH\u00d9 H\u1ee2P<br \/>\nDa kh\u00f4 v\u00e0 m\u1ea5t \u0111\u1ed9 s\u0103n ch\u1eafc<\/p>\n<p>C\u00c1CH S\u1eec D\u1ee4NG<br \/>\nThoa 2 l\u1ea7n v\u00e0o bu\u1ed5i s\u00e1ng v\u00e0 t\u1ed1i, tr\u01b0\u1edbc b\u01b0\u1edbc kem d\u01b0\u1ee1ng \u1ea9m.<\/p>\n","protected":false},"excerpt":{"rendered":"<p>Huy\u1ebft thanh \u0111\u1eb7c tr\u1ecb ti\u1ebfp n\u01b0\u1edbc gi\u1eef \u1ea9m chuy\u00ean s\u00e2u C\u00d4NG D\u1ee4NG V\u00c0 TH\u00c0NH PH\u1ea6N CH\u00cdNH Huy\u1ebft thanh si\u00eau t\u01b0\u01a1i, gi\u00e0u acid Hyaluronic l\u00e0m \u0111\u1ea7y da, da \u0111\u01b0\u1ee3c c\u1ea5p \u0111\u1ee7 n\u01b0\u1edbc nh\u1edd n\u01b0\u1edbc liposome ph\u00e2n c\u1ef1c, polyphenols t\u1eeb t\u00e1o ch\u1ed1ng oxy h\u00f3a. Hi\u1ec7u qu\u1ea3 \u0111\u00e3 \u0111\u01b0\u1ee3c ch\u1ee9ng minhda gi\u1ea3m h\u1eb3n s\u1ef1 kh\u00f3 ch\u1ecbu v\u00ec m\u1ea5t &hellip;<\/p>\n<p class=\"read-more\"> <a class=\"\" href=\"https:\/\/oanhbeautyspa.com\/index.php\/product\/magistral-serum-hydra-cellular-6-7-30ml\/\"> <span class=\"screen-reader-text\">Magistral Serum Hydra Cellular 6.7% &#8211; 30ml<\/span> Read More &raquo;<\/a><\/p>\n","protected":false},"featured_media":1932,"comment_status":"open","ping_status":"closed","template":"","meta":{"site-sidebar-layout":"default","site-content-layout":"default","ast-global-header-display":"","ast-banner-title-visibility":"","ast-main-header-display":"","ast-hfb-above-header-display":"","ast-hfb-below-header-display":"","ast-hfb-mobile-header-display":"","site-post-title":"","ast-breadcrumbs-content":"","ast-featured-img":"","footer-sml-layout":"","theme-transparent-header-meta":"default","adv-header-id-meta":"","stick-header-meta":"","header-above-stick-meta":"","header-main-stick-meta":"","header-below-stick-meta":""},"product_cat":[37,38],"product_tag":[],"_links":{"self":[{"href":"https:\/\/oanhbeautyspa.com\/index.php\/wp-json\/wp\/v2\/product\/1174"}],"collection":[{"href":"https:\/\/oanhbeautyspa.com\/index.php\/wp-json\/wp\/v2\/product"}],"about":[{"href":"https:\/\/oanhbeautyspa.com\/index.php\/wp-json\/wp\/v2\/types\/product"}],"replies":[{"embeddable":true,"href":"https:\/\/oanhbeautyspa.com\/index.php\/wp-json\/wp\/v2\/comments?post=1174"}],"wp:featuredmedia":[{"embeddable":true,"href":"https:\/\/oanhbeautyspa.com\/index.php\/wp-json\/wp\/v2\/media\/1932"}],"wp:attachment":[{"href":"https:\/\/oanhbeautyspa.com\/index.php\/wp-json\/wp\/v2\/media?parent=1174"}],"wp:term":[{"taxonomy":"product_cat","embeddable":true,"href":"https:\/\/oanhbeautyspa.com\/index.php\/wp-json\/wp\/v2\/product_cat?post=1174"},{"taxonomy":"product_tag","embeddable":true,"href":"https:\/\/oanhbeautyspa.com\/index.php\/wp-json\/wp\/v2\/product_tag?post=1174"}],"curies":[{"name":"wp","href":"https:\/\/api.w.org\/{rel}","templated":true}]}}