{"id":1172,"date":"2023-10-10T12:43:59","date_gmt":"2023-10-10T11:43:59","guid":{"rendered":"https:\/\/oanhbeautyspa.com\/?post_type=product&#038;p=1172"},"modified":"2023-10-31T21:17:28","modified_gmt":"2023-10-31T21:17:28","slug":"magistral-cream-matrilex-31-50ml","status":"publish","type":"product","link":"https:\/\/oanhbeautyspa.com\/index.php\/product\/magistral-cream-matrilex-31-50ml\/","title":{"rendered":"Magistral Cream Matrilex 31% &#8211; 50ml"},"content":{"rendered":"<p>Kem Matrilex &#8220;DHeA&#8221; \u0111\u1eb7c tr\u1ecb ph\u1ee5c h\u1ed3i, t\u00e1i t\u1ea1o, ch\u1ed1ng \u0111\u1ed1m s\u1eafc t\u1ed1 v\u00e0 tr\u1ebb h\u00f3a da<\/p>\n<p><strong>C\u00d4NG D\u1ee4NG V\u00c0 TH\u00c0NH PH\u1ea6N CH\u00cdNH<\/strong><br \/>\nM\u1ed9t lo\u1ea1i kem ch\u1ed1ng l\u00e3o h\u00f3a c\u1ef1c k\u1ef3 t\u1ed1t k\u1ebft h\u1ee3p dinh d\u01b0\u1ee1ng \u0111a n\u0103ng, hi\u1ec7u ch\u1ec9nh da l\u00e3o h\u00f3a v\u00e0 b\u1ea3o v\u1ec7 t\u1ed1i \u01b0u ch\u1ed1ng l\u1ea1i c\u00e1c t\u00e1c nh\u00e2n g\u00e2y h\u1ea1i t\u1eeb m\u00f4i tr\u01b0\u1eddng. Da m\u1ecbn m\u00e0ng to\u00e0n di\u1ec7n r\u00f5 r\u1ec7t. C\u1ea3m gi\u00e1c c\u1ef1c k\u00ec tho\u1ea3i m\u00e1i. Da \u0111\u01b0\u1ee3c cung c\u1ea5p d\u01b0\u1ee1ng ch\u1ea5t ph\u1ee5c h\u1ed3i.<br \/>\nPh\u1ee9c h\u1ee3p Dermo-nutritive gi\u00fap th\u1ea9m th\u1ea5u t\u1ed1t h\u01a1n. Ph\u1ee9c h\u1ee3p ch\u1ed1ng l\u00e3o h\u00f3a v\u00e0 l\u00e0m \u0111\u1ea7y n\u1ebfp nh\u0103n, ng\u1eeba n\u00e1m t\u1eeb \u0111\u1eadu n\u00e0nh, ch\u00e0 l\u00e0 v\u00e0 m\u1ea7m c\u1ea3i xoong. Ph\u1ee9c h\u1ee3p b\u1ea3o v\u1ec7 ch\u1ed1ng l\u00e3o h\u00f3a do \u00e1nh n\u1eafng, Vitamin E t\u1eeb qu\u1ea3 ch\u00e0 l\u00e0 v\u00e0 m\u1ea7m l\u00faa m\u00ec, provitamin A t\u1eeb qu\u1ea3 ch\u00e0 l\u00e0 v\u00e0 m\u00e2m x\u00f4i, Polyphenols h\u1ea1t m\u00e2m x\u00f4i, l\u00e1 olive v\u00e0 c\u00e2y sim gi\u00fap b\u1ea3o v\u1ec7 ch\u1ed1ng oxy h\u00f3a.<\/p>\n<p><strong>LO\u1ea0I DA PH\u00d9 H\u1ee2P<\/strong><br \/>\nD\u00e0nh cho da tr\u01b0\u1edfng th\u00e0nh, da l\u00e3o h\u00f3a, da c\u00f3 c\u1ea3m gi\u00e1c kh\u00f3 ch\u1ecbu, th\u00edch h\u1ee3p cho c\u1ea3 da nh\u1ea1y c\u1ea3m<\/p>\n<p><strong>C\u00c1CH S\u1eec D\u1ee4NG<\/strong><br \/>\nThoa s\u1ea3n ph\u1ea9m l\u00ean m\u1eb7t v\u00e0o bu\u1ed5i s\u00e1ng v\u00e0 bu\u1ed5i t\u1ed1i, sau b\u01b0\u1edbc r\u1eeda m\u1eb7t, toner v\u00e0 serum.<\/p>\n","protected":false},"excerpt":{"rendered":"<p>M\u1ed9t lo\u1ea1i kem ch\u1ed1ng l\u00e3o h\u00f3a c\u1ef1c k\u1ef3 t\u1ed1t k\u1ebft h\u1ee3p dinh d\u01b0\u1ee1ng \u0111a n\u0103ng, hi\u1ec7u ch\u1ec9nh da l\u00e3o h\u00f3a v\u00e0 b\u1ea3o v\u1ec7 t\u1ed1i \u01b0u ch\u1ed1ng l\u1ea1i c\u00e1c t\u00e1c nh\u00e2n g\u00e2y h\u1ea1i t\u1eeb m\u00f4i tr\u01b0\u1eddng. Da m\u1ecbn m\u00e0ng to\u00e0n di\u1ec7n r\u00f5 r\u1ec7t. C\u1ea3m gi\u00e1c c\u1ef1c k\u00ec tho\u1ea3i m\u00e1i. Da \u0111\u01b0\u1ee3c cung c\u1ea5p d\u01b0\u1ee1ng ch\u1ea5t ph\u1ee5c h\u1ed3i.<br \/>\nPh\u1ee9c h\u1ee3p Dermo-nutritive gi\u00fap th\u1ea9m th\u1ea5u t\u1ed1t h\u01a1n. Ph\u1ee9c h\u1ee3p ch\u1ed1ng l\u00e3o h\u00f3a v\u00e0 l\u00e0m \u0111\u1ea7y n\u1ebfp nh\u0103n, ng\u1eeba n\u00e1m t\u1eeb \u0111\u1eadu n\u00e0nh, ch\u00e0 l\u00e0 v\u00e0 m\u1ea7m c\u1ea3i xoong. Ph\u1ee9c h\u1ee3p b\u1ea3o v\u1ec7 ch\u1ed1ng l\u00e3o h\u00f3a do \u00e1nh n\u1eafng, Vitamin E t\u1eeb qu\u1ea3 ch\u00e0 l\u00e0 v\u00e0 m\u1ea7m l\u00faa m\u00ec, provitamin A t\u1eeb qu\u1ea3 ch\u00e0 l\u00e0 v\u00e0 m\u00e2m x\u00f4i, Polyphenols h\u1ea1t m\u00e2m x\u00f4i, l\u00e1 olive v\u00e0 c\u00e2y sim gi\u00fap b\u1ea3o v\u1ec7 ch\u1ed1ng oxy h\u00f3a.<\/p>\n","protected":false},"featured_media":1930,"comment_status":"open","ping_status":"closed","template":"","meta":{"site-sidebar-layout":"default","site-content-layout":"default","ast-global-header-display":"","ast-banner-title-visibility":"","ast-main-header-display":"","ast-hfb-above-header-display":"","ast-hfb-below-header-display":"","ast-hfb-mobile-header-display":"","site-post-title":"","ast-breadcrumbs-content":"","ast-featured-img":"","footer-sml-layout":"","theme-transparent-header-meta":"default","adv-header-id-meta":"","stick-header-meta":"","header-above-stick-meta":"","header-main-stick-meta":"","header-below-stick-meta":""},"product_cat":[37,41],"product_tag":[],"_links":{"self":[{"href":"https:\/\/oanhbeautyspa.com\/index.php\/wp-json\/wp\/v2\/product\/1172"}],"collection":[{"href":"https:\/\/oanhbeautyspa.com\/index.php\/wp-json\/wp\/v2\/product"}],"about":[{"href":"https:\/\/oanhbeautyspa.com\/index.php\/wp-json\/wp\/v2\/types\/product"}],"replies":[{"embeddable":true,"href":"https:\/\/oanhbeautyspa.com\/index.php\/wp-json\/wp\/v2\/comments?post=1172"}],"wp:featuredmedia":[{"embeddable":true,"href":"https:\/\/oanhbeautyspa.com\/index.php\/wp-json\/wp\/v2\/media\/1930"}],"wp:attachment":[{"href":"https:\/\/oanhbeautyspa.com\/index.php\/wp-json\/wp\/v2\/media?parent=1172"}],"wp:term":[{"taxonomy":"product_cat","embeddable":true,"href":"https:\/\/oanhbeautyspa.com\/index.php\/wp-json\/wp\/v2\/product_cat?post=1172"},{"taxonomy":"product_tag","embeddable":true,"href":"https:\/\/oanhbeautyspa.com\/index.php\/wp-json\/wp\/v2\/product_tag?post=1172"}],"curies":[{"name":"wp","href":"https:\/\/api.w.org\/{rel}","templated":true}]}}