{"id":1171,"date":"2023-10-10T12:43:59","date_gmt":"2023-10-10T11:43:59","guid":{"rendered":"https:\/\/oanhbeautyspa.com\/?post_type=product&#038;p=1171"},"modified":"2023-10-12T19:55:14","modified_gmt":"2023-10-12T18:55:14","slug":"magistral-serum-v-liftex-14-30ml","status":"publish","type":"product","link":"https:\/\/oanhbeautyspa.com\/index.php\/product\/magistral-serum-v-liftex-14-30ml\/","title":{"rendered":"Magistral Serum V-Liftex 14% &#8211; 30ml"},"content":{"rendered":"<p>Huy\u1ebft thanh \u0111\u1eb7c tr\u1ecb n\u00e2ng c\u01a1 V line<\/p>\n<p>C\u00d4NG D\u1ee4NG V\u00c0 TH\u00c0NH PH\u1ea6N CH\u00cdNH<br \/>\nHuy\u1ebft thanh l\u00e0m s\u0103n ch\u1eafc da, n\u00e2ng \u0111\u1ea7y, l\u00e0m g\u1ea7y h\u1ec7 th\u1ed1ng c\u1ea5u tr\u00fac v\u00f9ng m\u1eb7t, c\u1ed5, vai. Ph\u1ea7n Oval tr\u00ean khu\u00f4n m\u1eb7t \u0111\u01b0\u1ee3c n\u00e2ng l\u00ean, thu g\u1ecdn l\u1ea1i, \u0111\u1ecbnh h\u00ecnh l\u1ea1i. V\u1edbi chi\u1ebft xu\u1ea5t t\u1eeb sulfo-carabioses c\u1ee7a t\u1ea3o \u0111\u1ecf, \u0111\u01b0\u1eddng t\u1eeb th\u00e2n y\u1ebfn m\u1ea1ch, Silanols + Hydroxypoline amino acid, Maslinic acid t\u1eeb \u00f4 liu<\/p>\n<p>LO\u1ea0I DA PH\u00d9 H\u1ee2P<br \/>\nD\u00f9ng cho da suy y\u1ebfu c\u1ea5u tr\u00fac, nh\u0103n nh\u00e3o, ch\u1ea3y x\u1ec7 v\u00e0 l\u00e0n da c\u00f3 d\u1ea5u hi\u1ec7u l\u00e3o h\u00f3a.<\/p>\n<p>C\u00c1CH S\u1eec D\u1ee4NG<br \/>\nS\u1eed d\u1ee5ng hai l\u1ea7n m\u1ed7i ng\u00e0y, v\u00e0o bu\u1ed5i s\u00e1ng v\u00e0 t\u1ed1i, tr\u00ean m\u1eb7t v\u00e0 c\u1ed5, tr\u01b0\u1edbc b\u01b0\u1edbc kem d\u01b0\u1ee1ng \u1ea9m.<\/p>\n","protected":false},"excerpt":{"rendered":"<p>Huy\u1ebft thanh \u0111\u1eb7c tr\u1ecb n\u00e2ng c\u01a1 V line C\u00d4NG D\u1ee4NG V\u00c0 TH\u00c0NH PH\u1ea6N CH\u00cdNH Huy\u1ebft thanh l\u00e0m s\u0103n ch\u1eafc da, n\u00e2ng \u0111\u1ea7y, l\u00e0m g\u1ea7y h\u1ec7 th\u1ed1ng c\u1ea5u tr\u00fac v\u00f9ng m\u1eb7t, c\u1ed5, vai. Ph\u1ea7n Oval tr\u00ean khu\u00f4n m\u1eb7t \u0111\u01b0\u1ee3c n\u00e2ng l\u00ean, thu g\u1ecdn l\u1ea1i, \u0111\u1ecbnh h\u00ecnh l\u1ea1i. V\u1edbi chi\u1ebft xu\u1ea5t t\u1eeb sulfo-carabioses c\u1ee7a t\u1ea3o \u0111\u1ecf, \u0111\u01b0\u1eddng &hellip;<\/p>\n<p class=\"read-more\"> <a class=\"\" href=\"https:\/\/oanhbeautyspa.com\/index.php\/product\/magistral-serum-v-liftex-14-30ml\/\"> <span class=\"screen-reader-text\">Magistral Serum V-Liftex 14% &#8211; 30ml<\/span> Read More &raquo;<\/a><\/p>\n","protected":false},"featured_media":1361,"comment_status":"open","ping_status":"closed","template":"","meta":{"site-sidebar-layout":"default","site-content-layout":"default","ast-global-header-display":"","ast-banner-title-visibility":"","ast-main-header-display":"","ast-hfb-above-header-display":"","ast-hfb-below-header-display":"","ast-hfb-mobile-header-display":"","site-post-title":"","ast-breadcrumbs-content":"","ast-featured-img":"","footer-sml-layout":"","theme-transparent-header-meta":"default","adv-header-id-meta":"","stick-header-meta":"","header-above-stick-meta":"","header-main-stick-meta":"","header-below-stick-meta":""},"product_cat":[37,38],"product_tag":[],"_links":{"self":[{"href":"https:\/\/oanhbeautyspa.com\/index.php\/wp-json\/wp\/v2\/product\/1171"}],"collection":[{"href":"https:\/\/oanhbeautyspa.com\/index.php\/wp-json\/wp\/v2\/product"}],"about":[{"href":"https:\/\/oanhbeautyspa.com\/index.php\/wp-json\/wp\/v2\/types\/product"}],"replies":[{"embeddable":true,"href":"https:\/\/oanhbeautyspa.com\/index.php\/wp-json\/wp\/v2\/comments?post=1171"}],"wp:featuredmedia":[{"embeddable":true,"href":"https:\/\/oanhbeautyspa.com\/index.php\/wp-json\/wp\/v2\/media\/1361"}],"wp:attachment":[{"href":"https:\/\/oanhbeautyspa.com\/index.php\/wp-json\/wp\/v2\/media?parent=1171"}],"wp:term":[{"taxonomy":"product_cat","embeddable":true,"href":"https:\/\/oanhbeautyspa.com\/index.php\/wp-json\/wp\/v2\/product_cat?post=1171"},{"taxonomy":"product_tag","embeddable":true,"href":"https:\/\/oanhbeautyspa.com\/index.php\/wp-json\/wp\/v2\/product_tag?post=1171"}],"curies":[{"name":"wp","href":"https:\/\/api.w.org\/{rel}","templated":true}]}}