{"id":1170,"date":"2023-10-10T12:43:59","date_gmt":"2023-10-10T11:43:59","guid":{"rendered":"https:\/\/oanhbeautyspa.com\/?post_type=product&#038;p=1170"},"modified":"2024-07-05T18:04:45","modified_gmt":"2024-07-05T17:04:45","slug":"magistral-serum-red-focus-22-2-30ml","status":"publish","type":"product","link":"https:\/\/oanhbeautyspa.com\/index.php\/product\/magistral-serum-red-focus-22-2-30ml\/","title":{"rendered":"Magistral Serum Red Focus 22.2% &#8211; 30ml"},"content":{"rendered":"<p>Huy\u1ebft thanh RED FOCUS \u0111\u1eb7c tr\u1ecb da nh\u1ea1y c\u1ea3m, vi\u00eam \u0111\u1ecf, gi\u00e3n mao m\u1ea1ch<\/p>\n<p><strong>C\u00d4NG D\u1ee4NG V\u00c0 TH\u00c0NH PH\u1ea6N CH\u00cdNH<\/strong><br \/>\nHuy\u1ebft thanh d\u1ea1ng s\u1eefa c\u00f3 ch\u1ee9a men vi sinh, d\u00e0nh cho da nh\u1ea1y c\u1ea3m, kh\u1eafc ph\u1ee5c r\u00f5 r\u1ec7t t\u00ecnh tr\u1ea1ng m\u1eabn \u0111\u1ecf tr\u00ean da, ng\u0103n ng\u1eeba t\u00e1i ph\u00e1t. V\u1edbi chi\u1ebft xu\u1ea5t t\u1eeb h\u1ea1t lanh n\u00e2u, l\u00e1 c\u00e2y ch\u00f9m ng\u00e2y, c\u00e2y nho \u0111\u1ecf v\u00e0 d\u1ea7u h\u1ea1t m\u00e2m x\u00f4i.<\/p>\n<p><strong>LO\u1ea0I DA PH\u00d9 H\u1ee2P<\/strong><br \/>\nSerum chuy\u00ean bi\u1ec7t d\u00e0nh cho da y\u1ebfu, m\u1ecfng \u0111\u1ecf v\u00e0 t\u00ecnh tr\u1ea1ng mao m\u1ea1ch gi\u00e3n n\u1edf.<\/p>\n<p><strong>C\u00c1CH S\u1eec D\u1ee4NG<\/strong><br \/>\nS\u1eed d\u1ee5ng ng\u00e0y 2 l\u1ea7n v\u00e0o bu\u1ed5i s\u00e1ng v\u00e0 t\u1ed1i, tr\u01b0\u1edbc b\u01b0\u1edbc kem d\u01b0\u1ee1ng S\u1eed d\u1ee5ng trong tr\u1ecb li\u1ec7u da m\u1ecfng \u0111\u1ecf, mao m\u1ea1ch, nh\u1ea1y c\u1ea3m.<\/p>\n","protected":false},"excerpt":{"rendered":"<p>Huy\u1ebft thanh d\u1ea1ng s\u1eefa c\u00f3 ch\u1ee9a men vi sinh, d\u00e0nh cho da nh\u1ea1y c\u1ea3m, kh\u1eafc ph\u1ee5c r\u00f5 r\u1ec7t t\u00ecnh tr\u1ea1ng m\u1eabn \u0111\u1ecf tr\u00ean da, ng\u0103n ng\u1eeba t\u00e1i ph\u00e1t. V\u1edbi chi\u1ebft xu\u1ea5t t\u1eeb h\u1ea1t lanh n\u00e2u, l\u00e1 c\u00e2y ch\u00f9m ng\u00e2y, c\u00e2y nho \u0111\u1ecf v\u00e0 d\u1ea7u h\u1ea1t m\u00e2m x\u00f4i.<\/p>\n","protected":false},"featured_media":2704,"comment_status":"open","ping_status":"closed","template":"","meta":{"site-sidebar-layout":"default","site-content-layout":"default","ast-global-header-display":"","ast-banner-title-visibility":"","ast-main-header-display":"","ast-hfb-above-header-display":"","ast-hfb-below-header-display":"","ast-hfb-mobile-header-display":"","site-post-title":"","ast-breadcrumbs-content":"","ast-featured-img":"","footer-sml-layout":"","theme-transparent-header-meta":"default","adv-header-id-meta":"","stick-header-meta":"","header-above-stick-meta":"","header-main-stick-meta":"","header-below-stick-meta":""},"product_cat":[37,38],"product_tag":[],"_links":{"self":[{"href":"https:\/\/oanhbeautyspa.com\/index.php\/wp-json\/wp\/v2\/product\/1170"}],"collection":[{"href":"https:\/\/oanhbeautyspa.com\/index.php\/wp-json\/wp\/v2\/product"}],"about":[{"href":"https:\/\/oanhbeautyspa.com\/index.php\/wp-json\/wp\/v2\/types\/product"}],"replies":[{"embeddable":true,"href":"https:\/\/oanhbeautyspa.com\/index.php\/wp-json\/wp\/v2\/comments?post=1170"}],"wp:featuredmedia":[{"embeddable":true,"href":"https:\/\/oanhbeautyspa.com\/index.php\/wp-json\/wp\/v2\/media\/2704"}],"wp:attachment":[{"href":"https:\/\/oanhbeautyspa.com\/index.php\/wp-json\/wp\/v2\/media?parent=1170"}],"wp:term":[{"taxonomy":"product_cat","embeddable":true,"href":"https:\/\/oanhbeautyspa.com\/index.php\/wp-json\/wp\/v2\/product_cat?post=1170"},{"taxonomy":"product_tag","embeddable":true,"href":"https:\/\/oanhbeautyspa.com\/index.php\/wp-json\/wp\/v2\/product_tag?post=1170"}],"curies":[{"name":"wp","href":"https:\/\/api.w.org\/{rel}","templated":true}]}}