{"id":1169,"date":"2023-10-10T12:43:59","date_gmt":"2023-10-10T11:43:59","guid":{"rendered":"https:\/\/oanhbeautyspa.com\/?post_type=product&#038;p=1169"},"modified":"2023-10-31T21:15:22","modified_gmt":"2023-10-31T21:15:22","slug":"serum-magistral-tissulex-14-30ml","status":"publish","type":"product","link":"https:\/\/oanhbeautyspa.com\/index.php\/product\/serum-magistral-tissulex-14-30ml\/","title":{"rendered":"Serum Magistral Tissulex 14% &#8211; 30ml"},"content":{"rendered":"<p>Huy\u1ebft thanh Tissulex \u0111\u1eb7c tr\u1ecb t\u00e1i sinh m\u00f4, ph\u1ee5c h\u1ed3i t\u1ebf b\u00e0o v\u00e0 tr\u1ebb h\u00f3a da.<\/p>\n<p><strong>C\u00d4NG D\u1ee4NG V\u00c0 TH\u00c0NH PH\u1ea6N CH\u00cdNH<\/strong><br \/>\nHuy\u1ebft thanh t\u01b0\u01a1i d\u00e0nh cho da b\u1ecb t\u1ed5n th\u01b0\u01a1ng, da sau \u0111i\u1ec1u tr\u1ecb m\u00e1y c\u00f4ng ngh\u1ec7, da l\u00e3o h\u00f3a. S\u1ea3n ph\u1ea9m ch\u1ee9a m\u1ea7m collagen, l\u00e0m m\u1ecbn da, t\u00e1i sinh m\u00f4, l\u00e0m \u0111\u1ea7y v\u00e0 tr\u1ebb h\u00f3a da. V\u1edbi c\u00f4ng th\u1ee9c gi\u00e0u silicon h\u1eefu c\u01a1, beta-glucan c\u1ee7a n\u1ea5m men, \u0111a ch\u1ea5t dinh d\u01b0\u1ee1ng t\u1eeb c\u1ecf thi, exopolysac-charide t\u1eeb Kopara.<\/p>\n<p><strong>LO\u1ea0I DA PH\u00d9 H\u1ee2P<\/strong><br \/>\nCho da b\u1ecb t\u1ed5n th\u01b0\u01a1ng, d\u1ea5u hi\u1ec7u l\u00e3o h\u00f3a, v\u00e0 \u0111i\u1ec1u tr\u1ecb sau ph\u1eabu thu\u1eadt.<\/p>\n<p><strong>C\u00c1CH S\u1eec D\u1ee4NG<\/strong><br \/>\nS\u1eed d\u1ee5ng ng\u00e0y 2 l\u1ea7n, tr\u01b0\u1edbc b\u01b0\u1edbc kem d\u01b0\u1ee1ng. S\u1eed d\u1ee5ng trong v\u00f2ng 1 th\u00e1ng \u0111i\u1ec1u tr\u1ecb r\u1ed3i \u0111\u1ed5i qua s\u1ea3n ph\u1ea9m kh\u00e1c.<\/p>\n","protected":false},"excerpt":{"rendered":"<p>Huy\u1ebft thanh t\u01b0\u01a1i d\u00e0nh cho da b\u1ecb t\u1ed5n th\u01b0\u01a1ng, da sau \u0111i\u1ec1u tr\u1ecb m\u00e1y c\u00f4ng ngh\u1ec7, da l\u00e3o h\u00f3a. S\u1ea3n ph\u1ea9m ch\u1ee9a m\u1ea7m collagen, l\u00e0m m\u1ecbn da, t\u00e1i sinh m\u00f4, l\u00e0m \u0111\u1ea7y v\u00e0 tr\u1ebb h\u00f3a da. V\u1edbi c\u00f4ng th\u1ee9c gi\u00e0u silicon h\u1eefu c\u01a1, beta-glucan c\u1ee7a n\u1ea5m men, \u0111a ch\u1ea5t dinh d\u01b0\u1ee1ng t\u1eeb c\u1ecf thi, exopolysac-charide t\u1eeb Kopara.<\/p>\n","protected":false},"featured_media":1359,"comment_status":"open","ping_status":"closed","template":"","meta":{"site-sidebar-layout":"default","site-content-layout":"default","ast-global-header-display":"","ast-banner-title-visibility":"","ast-main-header-display":"","ast-hfb-above-header-display":"","ast-hfb-below-header-display":"","ast-hfb-mobile-header-display":"","site-post-title":"","ast-breadcrumbs-content":"","ast-featured-img":"","footer-sml-layout":"","theme-transparent-header-meta":"default","adv-header-id-meta":"","stick-header-meta":"","header-above-stick-meta":"","header-main-stick-meta":"","header-below-stick-meta":""},"product_cat":[37,38],"product_tag":[],"_links":{"self":[{"href":"https:\/\/oanhbeautyspa.com\/index.php\/wp-json\/wp\/v2\/product\/1169"}],"collection":[{"href":"https:\/\/oanhbeautyspa.com\/index.php\/wp-json\/wp\/v2\/product"}],"about":[{"href":"https:\/\/oanhbeautyspa.com\/index.php\/wp-json\/wp\/v2\/types\/product"}],"replies":[{"embeddable":true,"href":"https:\/\/oanhbeautyspa.com\/index.php\/wp-json\/wp\/v2\/comments?post=1169"}],"wp:featuredmedia":[{"embeddable":true,"href":"https:\/\/oanhbeautyspa.com\/index.php\/wp-json\/wp\/v2\/media\/1359"}],"wp:attachment":[{"href":"https:\/\/oanhbeautyspa.com\/index.php\/wp-json\/wp\/v2\/media?parent=1169"}],"wp:term":[{"taxonomy":"product_cat","embeddable":true,"href":"https:\/\/oanhbeautyspa.com\/index.php\/wp-json\/wp\/v2\/product_cat?post=1169"},{"taxonomy":"product_tag","embeddable":true,"href":"https:\/\/oanhbeautyspa.com\/index.php\/wp-json\/wp\/v2\/product_tag?post=1169"}],"curies":[{"name":"wp","href":"https:\/\/api.w.org\/{rel}","templated":true}]}}