{"id":1168,"date":"2023-10-10T12:43:59","date_gmt":"2023-10-10T11:43:59","guid":{"rendered":"https:\/\/oanhbeautyspa.com\/?post_type=product&#038;p=1168"},"modified":"2023-10-29T17:10:03","modified_gmt":"2023-10-29T17:10:03","slug":"total-lift-regenerating-night-cream-50ml","status":"publish","type":"product","link":"https:\/\/oanhbeautyspa.com\/index.php\/product\/total-lift-regenerating-night-cream-50ml\/","title":{"rendered":"Total &#8211; Lift Regenerating Night Cream &#8211; 50ml"},"content":{"rendered":"<p>Kem \u0111\u00eam S\u1eefa Ong Ch\u00faa s\u0103n ch\u1eafc, c\u0103ng m\u1ecbn, tr\u1ebb h\u00f3a da to\u00e0n di\u1ec7n<\/p>\n<p>C\u00d4NG D\u1ee4NG V\u00c0 TH\u00c0NH PH\u1ea6N CH\u00cdNH<br \/>\nKem \u0111\u00eam n\u00e2ng c\u01a1 gi\u00e0u d\u01b0\u1ee1ng ch\u1ea5t t\u1eeb s\u1eefa ong ch\u00faa gi\u00fap t\u00e1i sinh da. Collagen si\u00eau nh\u1ecf v\u00e0 \u0111\u01b0\u1eddng y\u1ebfn m\u1ea1ch gi\u00fap n\u00e2ng c\u01a1 t\u1ed5ng th\u1ec3 v\u00e0 l\u00e0m m\u1ecbn. Da t\u00e1i t\u1ea1o v\u00e0 tr\u1ebb h\u00f3a r\u00f5 r\u1ec7t, l\u00e0m m\u1edd n\u1ebfp nh\u0103n, ch\u1ed1ng g\u1ed1c t\u1ef1 do. Omega 3-6-9 t\u1eeb d\u1ea7u oliu ph\u1ee5c h\u1ed3i lipid v\u00e0 gi\u1ea3m c\u0103ng th\u1eb3ng cho da.<br \/>\nC\u00e1c d\u01b0\u1ee1ng ch\u1ea5t ch\u00ednh:<br \/>\nD\u01b0\u1ee1ng ch\u1ea5t t\u00e1i t\u1ea1o t\u1eeb s\u1eefa ong ch\u00faa<br \/>\nQu\u1ea3 c\u1ea7u Hyaluronic Acid gi\u00fap b\u01a1m \u0111\u1ea7y n\u01b0\u1edbc cho da<br \/>\nMicro-collagen v\u00e0 polysaccharides t\u1eeb glucose y\u1ebfn m\u1ea1ch, gi\u00fap n\u00e2ng c\u01a1 v\u00e0 l\u00e0m m\u1ecbn da<br \/>\nAcid maslinic t\u1eeb d\u1ea7u \u00f4 liu gi\u00fap t\u00e1i t\u1ea1o da<\/p>\n<p>LO\u1ea0I DA PH\u00d9 H\u1ee2P<br \/>\nDa c\u00f3 d\u1ea5u hi\u1ec7u r\u00f5 r\u00e0ng c\u1ee7a l\u00e3o h\u00f3a to\u00e0n di\u1ec7n: n\u1ebfp nh\u0103n, n\u1ebfp g\u1ea5p tr\u00ean da, da ch\u00f9ng nh\u00e3o.<br \/>\nDa m\u1eb7t thi\u1ebfu s\u1ee9c s\u1ed1ng, m\u1edd nh\u1ea1t v\u00e0 kh\u00f4ng s\u1ee9c s\u1ed1ng.<\/p>\n<p>C\u00c1CH S\u1eec D\u1ee4NG<br \/>\nThoa kem d\u01b0\u1ee1ng v\u00e0o m\u1eb7t v\u00e0 c\u1ed5 v\u00e0o bu\u1ed5i t\u1ed1i.<\/p>\n","protected":false},"excerpt":{"rendered":"<p>Kem \u0111\u00eam S\u1eefa Ong Ch\u00faa s\u0103n ch\u1eafc, c\u0103ng m\u1ecbn, tr\u1ebb h\u00f3a da to\u00e0n di\u1ec7n C\u00d4NG D\u1ee4NG V\u00c0 TH\u00c0NH PH\u1ea6N CH\u00cdNH Kem \u0111\u00eam n\u00e2ng c\u01a1 gi\u00e0u d\u01b0\u1ee1ng ch\u1ea5t t\u1eeb s\u1eefa ong ch\u00faa gi\u00fap t\u00e1i sinh da. Collagen si\u00eau nh\u1ecf v\u00e0 \u0111\u01b0\u1eddng y\u1ebfn m\u1ea1ch gi\u00fap n\u00e2ng c\u01a1 t\u1ed5ng th\u1ec3 v\u00e0 l\u00e0m m\u1ecbn. Da t\u00e1i t\u1ea1o v\u00e0 tr\u1ebb &hellip;<\/p>\n<p class=\"read-more\"> <a class=\"\" href=\"https:\/\/oanhbeautyspa.com\/index.php\/product\/total-lift-regenerating-night-cream-50ml\/\"> <span class=\"screen-reader-text\">Total &#8211; Lift Regenerating Night Cream &#8211; 50ml<\/span> Read More &raquo;<\/a><\/p>\n","protected":false},"featured_media":1929,"comment_status":"open","ping_status":"closed","template":"","meta":{"site-sidebar-layout":"default","site-content-layout":"default","ast-global-header-display":"","ast-banner-title-visibility":"","ast-main-header-display":"","ast-hfb-above-header-display":"","ast-hfb-below-header-display":"","ast-hfb-mobile-header-display":"","site-post-title":"","ast-breadcrumbs-content":"","ast-featured-img":"","footer-sml-layout":"","theme-transparent-header-meta":"default","adv-header-id-meta":"","stick-header-meta":"","header-above-stick-meta":"","header-main-stick-meta":"","header-below-stick-meta":""},"product_cat":[37,41],"product_tag":[],"_links":{"self":[{"href":"https:\/\/oanhbeautyspa.com\/index.php\/wp-json\/wp\/v2\/product\/1168"}],"collection":[{"href":"https:\/\/oanhbeautyspa.com\/index.php\/wp-json\/wp\/v2\/product"}],"about":[{"href":"https:\/\/oanhbeautyspa.com\/index.php\/wp-json\/wp\/v2\/types\/product"}],"replies":[{"embeddable":true,"href":"https:\/\/oanhbeautyspa.com\/index.php\/wp-json\/wp\/v2\/comments?post=1168"}],"wp:featuredmedia":[{"embeddable":true,"href":"https:\/\/oanhbeautyspa.com\/index.php\/wp-json\/wp\/v2\/media\/1929"}],"wp:attachment":[{"href":"https:\/\/oanhbeautyspa.com\/index.php\/wp-json\/wp\/v2\/media?parent=1168"}],"wp:term":[{"taxonomy":"product_cat","embeddable":true,"href":"https:\/\/oanhbeautyspa.com\/index.php\/wp-json\/wp\/v2\/product_cat?post=1168"},{"taxonomy":"product_tag","embeddable":true,"href":"https:\/\/oanhbeautyspa.com\/index.php\/wp-json\/wp\/v2\/product_tag?post=1168"}],"curies":[{"name":"wp","href":"https:\/\/api.w.org\/{rel}","templated":true}]}}