{"id":1167,"date":"2023-10-10T12:43:59","date_gmt":"2023-10-10T11:43:59","guid":{"rendered":"https:\/\/oanhbeautyspa.com\/?post_type=product&#038;p=1167"},"modified":"2023-10-31T21:16:25","modified_gmt":"2023-10-31T21:16:25","slug":"beautifying-replenishing-cream-50ml","status":"publish","type":"product","link":"https:\/\/oanhbeautyspa.com\/index.php\/product\/beautifying-replenishing-cream-50ml\/","title":{"rendered":"Beautifying Replenishing Cream &#8211; 50ml"},"content":{"rendered":"<p>Kem ng\u00e0y kim c\u01b0\u01a1ng s\u0103n ch\u1eafc, c\u0103ng m\u1ecbn, tr\u1ebb h\u00f3a \u0111\u1eb9p da ho\u00e0n h\u1ea3o<\/p>\n<p><strong>C\u00d4NG D\u1ee4NG V\u00c0 TH\u00c0NH PH\u1ea6N CH\u00cdNH<\/strong><br \/>\nDa tr\u00f4ng s\u0103n ch\u1eafc h\u01a1n r\u00f5 r\u1ec7t, c\u00e1c \u0111\u01b0\u1eddng n\u00e9t tr\u00ean khu\u00f4n m\u1eb7t \u0111\u01b0\u1ee3c \u0111\u1ecbnh h\u00ecnh v\u00e0 n\u00e2ng c\u01a1. Da ngay l\u1eadp t\u1ee9c \u0111\u01b0\u1ee3c l\u00e0m \u0111\u1ec1u m\u00e0u, tr\u1ebb h\u00f3a v\u00e0 l\u00e0m \u0111\u1eb9p.<br \/>\nMaslinic acid t\u1eeb Olive, Olive maslinic acid gi\u00fap t\u00e1i t\u1ea1o da. Oligogalacturonanes v\u00e0 ph\u00e2n t\u1eed polyphenol t\u1eeb c\u00e2y Myrtle, t\u1ed1i \u01b0u h\u00f3a tu\u1ed5i th\u1ecd t\u1ebf b\u00e0o, ch\u1ed1ng oxy h\u00f3a, Hydroxytyrosol t\u1eeb Olive v\u00e0 Omega 3-6-9 gi\u00fap ch\u1ed1ng g\u1ed1c t\u1ef1 do v\u00e0 \u0111\u1ed1m \u0111en, ph\u1ee5c h\u1ed3i lipid v\u00e0 b\u1ea3o v\u1ec7 ch\u1ed1ng l\u1ea1i oxy h\u00f3a, stress.<br \/>\nB\u1ed9t kim c\u01b0\u01a1ng gi\u00fap l\u00e0m \u0111\u1ec1u m\u00e0u v\u00e0 l\u00e0m \u0111\u1eb9p da<\/p>\n<p><strong>LO\u1ea0I DA PH\u00d9 H\u1ee2P<\/strong><br \/>\nC\u00e1c d\u1ea5u hi\u1ec7u r\u00f5 r\u1ec7t c\u1ee7a qu\u00e1 tr\u00ecnh l\u00e3o h\u00f3a t\u1ed5ng th\u1ec3: da ch\u00f9ng nh\u00e3o, gi\u1ea3m th\u1ec3 t\u00edch, xu\u1ea5t hi\u1ec7n n\u1ebfp nh\u0103n, \u0111\u1ed1m \u0111en v\u00e0 m\u1ea5t \u0111i v\u1ebb r\u1ea1ng r\u1ee1.<\/p>\n<p><strong>C\u00c1CH S\u1eec D\u1ee4NG<\/strong><br \/>\nThoa l\u00ean m\u1eb7t v\u00e0 c\u1ed5 m\u1ed7i bu\u1ed5i s\u00e1ng.<\/p>\n","protected":false},"excerpt":{"rendered":"<p>Kem ng\u00e0y kim c\u01b0\u01a1ng s\u0103n ch\u1eafc, c\u0103ng m\u1ecbn, tr\u1ebb h\u00f3a \u0111\u1eb9p da ho\u00e0n h\u1ea3o gi\u00fap da tr\u00f4ng s\u0103n ch\u1eafc h\u01a1n r\u00f5 r\u1ec7t, c\u00e1c \u0111\u01b0\u1eddng n\u00e9t tr\u00ean khu\u00f4n m\u1eb7t \u0111\u01b0\u1ee3c \u0111\u1ecbnh h\u00ecnh v\u00e0 n\u00e2ng c\u01a1. Da ngay l\u1eadp t\u1ee9c \u0111\u01b0\u1ee3c l\u00e0m \u0111\u1ec1u m\u00e0u, tr\u1ebb h\u00f3a v\u00e0 l\u00e0m \u0111\u1eb9p.<\/p>\n","protected":false},"featured_media":1928,"comment_status":"open","ping_status":"closed","template":"","meta":{"site-sidebar-layout":"default","site-content-layout":"default","ast-global-header-display":"","ast-banner-title-visibility":"","ast-main-header-display":"","ast-hfb-above-header-display":"","ast-hfb-below-header-display":"","ast-hfb-mobile-header-display":"","site-post-title":"","ast-breadcrumbs-content":"","ast-featured-img":"","footer-sml-layout":"","theme-transparent-header-meta":"default","adv-header-id-meta":"","stick-header-meta":"","header-above-stick-meta":"","header-main-stick-meta":"","header-below-stick-meta":""},"product_cat":[37,41],"product_tag":[],"_links":{"self":[{"href":"https:\/\/oanhbeautyspa.com\/index.php\/wp-json\/wp\/v2\/product\/1167"}],"collection":[{"href":"https:\/\/oanhbeautyspa.com\/index.php\/wp-json\/wp\/v2\/product"}],"about":[{"href":"https:\/\/oanhbeautyspa.com\/index.php\/wp-json\/wp\/v2\/types\/product"}],"replies":[{"embeddable":true,"href":"https:\/\/oanhbeautyspa.com\/index.php\/wp-json\/wp\/v2\/comments?post=1167"}],"wp:featuredmedia":[{"embeddable":true,"href":"https:\/\/oanhbeautyspa.com\/index.php\/wp-json\/wp\/v2\/media\/1928"}],"wp:attachment":[{"href":"https:\/\/oanhbeautyspa.com\/index.php\/wp-json\/wp\/v2\/media?parent=1167"}],"wp:term":[{"taxonomy":"product_cat","embeddable":true,"href":"https:\/\/oanhbeautyspa.com\/index.php\/wp-json\/wp\/v2\/product_cat?post=1167"},{"taxonomy":"product_tag","embeddable":true,"href":"https:\/\/oanhbeautyspa.com\/index.php\/wp-json\/wp\/v2\/product_tag?post=1167"}],"curies":[{"name":"wp","href":"https:\/\/api.w.org\/{rel}","templated":true}]}}