{"id":1166,"date":"2023-10-10T12:43:59","date_gmt":"2023-10-10T11:43:59","guid":{"rendered":"https:\/\/oanhbeautyspa.com\/?post_type=product&#038;p=1166"},"modified":"2024-07-05T18:33:47","modified_gmt":"2024-07-05T17:33:47","slug":"tomato-granule-free-micro-exfoliant-50ml","status":"publish","type":"product","link":"https:\/\/oanhbeautyspa.com\/index.php\/product\/tomato-granule-free-micro-exfoliant-50ml\/","title":{"rendered":"Tomato Granule-Free Micro Exfoliant &#8211; 50ml"},"content":{"rendered":"<p>Gel t\u1ea9y da ch\u1ebft kh\u00f4ng h\u1ea1t, \u00eam d\u1ecbu, s\u00e1ng m\u1ecbn da ho\u00e0n h\u1ea3o<\/p>\n<p><strong>C\u00d4NG D\u1ee4NG V\u00c0 TH\u00c0NH PH\u1ea6N CH\u00cdNH<\/strong><br \/>\nGel t\u1ea9y t\u1ebf b\u00e0o ch\u1ebft kh\u00f4ng h\u1ea1t, l\u00e0m m\u1ec1m m\u1ecbn c\u1ea5u tr\u00fac da, ph\u1ee5c h\u1ed3i v\u1ebb r\u1ea1ng r\u1ee1 cho l\u00e0n da v\u00e0 ch\u1ed1ng oxy h\u00f3a, nh\u1edd c\u00f4ng th\u1ee9c chi\u1ebft xu\u1ea5t t\u1eeb enzym \u0111u \u0111\u1ee7 si\u00eau nh\u1ecf v\u00e0 d\u1ea7u h\u1ea1t c\u00e0 chua, l\u00e0m tan r\u00e3 v\u00e0 lo\u1ea1i b\u1ecf \u0111i t\u1ebf b\u00e0o ch\u1ebft tr\u00ean da.<\/p>\n<p><strong>LO\u1ea0I DA PH\u00d9 H\u1ee2P<\/strong><br \/>\nT\u1ea9y t\u1ebf b\u00e0o ch\u1ebft d\u00f9ng \u0111\u01b0\u1ee3c cho l\u00e0n da nh\u1ea1y c\u1ea3m<\/p>\n<p><strong>C\u00c1CH S\u1eec D\u1ee4NG<\/strong><br \/>\nL\u1ea5y l\u01b0\u1ee3ng s\u1ea3n ph\u1ea9m c\u1ee1 h\u1ea1t \u0111\u1eadu thoa to\u00e0n m\u1eb7t, \u0111\u1ec3 y\u00ean trong 2 ph\u00fat, sau \u0111\u00f3 massage nh\u1eb9 nh\u00e0ng theo chuy\u1ec3n \u0111\u1ed9ng tr\u00f2n \u0111\u1ec1u cho \u0111\u1ebfn khi s\u1ea3n ph\u1ea9m chuy\u1ec3n th\u00e0nh d\u1ea1ng d\u1ea7u r\u1ed3i ti\u1ebfp t\u1ee5c massge \u00edt nh\u1ea5t th\u00eam 30 gi\u00e2y. Sau \u0111\u00f3 cho th\u00eam \u00edt n\u01b0\u1edbc \u0111\u1ec3 ho\u1ea1t h\u00f3a enzym trong v\u00f2ng 30 gi\u00e2y n\u1eefa cho \u0111\u1ebfn khi d\u1ea1ng d\u1ea7u th\u00e0nh d\u1ea1ng s\u1eefa, r\u1eeda k\u1ef9 l\u1ea1i v\u1edbi n\u01b0\u1edbc, lau kh\u00f4 m\u1eb7t<\/p>\n","protected":false},"excerpt":{"rendered":"<p>Gel t\u1ea9y t\u1ebf b\u00e0o ch\u1ebft kh\u00f4ng h\u1ea1t, l\u00e0m m\u1ec1m m\u1ecbn c\u1ea5u tr\u00fac da, ph\u1ee5c h\u1ed3i v\u1ebb r\u1ea1ng r\u1ee1 cho l\u00e0n da v\u00e0 ch\u1ed1ng oxy h\u00f3a, nh\u1edd c\u00f4ng th\u1ee9c chi\u1ebft xu\u1ea5t t\u1eeb enzym \u0111u \u0111\u1ee7 si\u00eau nh\u1ecf v\u00e0 d\u1ea7u h\u1ea1t c\u00e0 chua, l\u00e0m tan r\u00e3 v\u00e0 lo\u1ea1i b\u1ecf \u0111i t\u1ebf b\u00e0o ch\u1ebft tr\u00ean da.<\/p>\n","protected":false},"featured_media":2710,"comment_status":"open","ping_status":"closed","template":"","meta":{"site-sidebar-layout":"default","site-content-layout":"default","ast-global-header-display":"","ast-banner-title-visibility":"","ast-main-header-display":"","ast-hfb-above-header-display":"","ast-hfb-below-header-display":"","ast-hfb-mobile-header-display":"","site-post-title":"","ast-breadcrumbs-content":"","ast-featured-img":"","footer-sml-layout":"","theme-transparent-header-meta":"default","adv-header-id-meta":"","stick-header-meta":"","header-above-stick-meta":"","header-main-stick-meta":"","header-below-stick-meta":""},"product_cat":[37,55],"product_tag":[],"_links":{"self":[{"href":"https:\/\/oanhbeautyspa.com\/index.php\/wp-json\/wp\/v2\/product\/1166"}],"collection":[{"href":"https:\/\/oanhbeautyspa.com\/index.php\/wp-json\/wp\/v2\/product"}],"about":[{"href":"https:\/\/oanhbeautyspa.com\/index.php\/wp-json\/wp\/v2\/types\/product"}],"replies":[{"embeddable":true,"href":"https:\/\/oanhbeautyspa.com\/index.php\/wp-json\/wp\/v2\/comments?post=1166"}],"wp:featuredmedia":[{"embeddable":true,"href":"https:\/\/oanhbeautyspa.com\/index.php\/wp-json\/wp\/v2\/media\/2710"}],"wp:attachment":[{"href":"https:\/\/oanhbeautyspa.com\/index.php\/wp-json\/wp\/v2\/media?parent=1166"}],"wp:term":[{"taxonomy":"product_cat","embeddable":true,"href":"https:\/\/oanhbeautyspa.com\/index.php\/wp-json\/wp\/v2\/product_cat?post=1166"},{"taxonomy":"product_tag","embeddable":true,"href":"https:\/\/oanhbeautyspa.com\/index.php\/wp-json\/wp\/v2\/product_tag?post=1166"}],"curies":[{"name":"wp","href":"https:\/\/api.w.org\/{rel}","templated":true}]}}