{"id":1164,"date":"2023-10-10T12:43:58","date_gmt":"2023-10-10T11:43:58","guid":{"rendered":"https:\/\/oanhbeautyspa.com\/?post_type=product&#038;p=1164"},"modified":"2023-10-31T21:19:12","modified_gmt":"2023-10-31T21:19:12","slug":"affinium-7-1-magistral-smoothing-concentrate-150ml","status":"publish","type":"product","link":"https:\/\/oanhbeautyspa.com\/index.php\/product\/affinium-7-1-magistral-smoothing-concentrate-150ml\/","title":{"rendered":"Affinium 7.1% Magistral Smoothing Concentrate &#8211; 150ml"},"content":{"rendered":"<p>Kem \u0110\u1eb7c Tr\u1ecb V\u00f9ng Cellulite- &#8220;C\u1ee5c T\u1ea9y&#8221; M\u1ecbn Da, X\u00f3a M\u1edd V\u1ebft R\u1ea1n 150ml<\/p>\n<p><strong>C\u00d4NG D\u1ee4NG V\u00c0 TH\u00c0NH PH\u1ea6N CH\u00cdNH<\/strong><br \/>\nM\u1ed9t lo\u1ea1i kem tr\u1ecb cellulite hi\u1ec7u qu\u1ea3: x\u00f3a b\u1ecf cellulite c\u1ee7a b\u1ea1n trong 1 tu\u1ea7n. Gi\u1ea3m r\u00f5 r\u1ec7t c\u00e1c d\u1ea5u hi\u1ec7u s\u1ea7n v\u1ecf cam. Gi\u00fap c\u1ea3i thi\u1ec7n v\u1ebb ngo\u00e0i c\u1ee7a l\u00e0n da c\u0103ng m\u1ecdng, s\u00e1ng m\u1ecbn, \u00edt khuy\u1ebft \u0111i\u1ec3m h\u01a1n. Ph\u1ee9c h\u1ee3p Ginger Zerumbone k\u00edch th\u00edch ti\u00eau m\u1ee1 + Caffeine gi\u1ea3i ph\u00f3ng ch\u1ea5t b\u00e9o chi\u1ebft xu\u1ea5t t\u1eeb c\u00e0 ph\u00ea, v\u1ecf ca cao v\u00e0 l\u00e1 tr\u00e0. Forskolin t\u1eeb b\u1ea1c h\u00e0 \u1ea4n \u0110\u1ed9 \u0111\u1ed1t ch\u00e1y ch\u1ea5t b\u00e9o. Chi\u1ebft xu\u1ea5t ch\u1ea5t n\u1ec1n sinh h\u1ecdc chlorella v\u00e0 lupin gi\u00fap th\u1ea3i \u0111\u1ed9c. Ph\u00e2n t\u1eed Fisetin tinh khi\u1ebft chi\u1ebft xu\u1ea5t t\u1eeb c\u00e2y ho\u00e0ng d\u01b0\u01a1ng Trung Qu\u1ed1c, \u0111\u1ecbnh h\u00ecnh l\u1ea1i v\u00f3c d\u00e1ng. Oleo serum t\u1eeb ti\u00eau h\u1ed3ng ch\u1ed1ng t\u00edch t\u1ee5 m\u1ee1.<\/p>\n<p><strong>LO\u1ea0I DA PH\u00d9 H\u1ee2P<\/strong><br \/>\nS\u1eed d\u1ee5ng cho c\u00e1c v\u00f9ng c\u1ea7n gi\u1ea3m m\u1ee1 tr\u00ean c\u01a1 th\u1ec3.<\/p>\n<p><strong>C\u00c1CH S\u1eec D\u1ee4NG<\/strong><br \/>\nD\u00f9ng s\u00e1ng v\u00e0 t\u1ed1i l\u00ean v\u00f9ng c\u01a1 th\u1ec3 c\u1ea7n \u0111i\u1ec1u tr\u1ecb<\/p>\n","protected":false},"excerpt":{"rendered":"<p>M\u1ed9t lo\u1ea1i kem tr\u1ecb cellulite hi\u1ec7u qu\u1ea3: x\u00f3a b\u1ecf cellulite c\u1ee7a b\u1ea1n trong 1 tu\u1ea7n. Gi\u1ea3m r\u00f5 r\u1ec7t c\u00e1c d\u1ea5u hi\u1ec7u s\u1ea7n v\u1ecf cam. Gi\u00fap c\u1ea3i thi\u1ec7n v\u1ebb ngo\u00e0i c\u1ee7a l\u00e0n da c\u0103ng m\u1ecdng, s\u00e1ng m\u1ecbn, \u00edt khuy\u1ebft \u0111i\u1ec3m h\u01a1n. Ph\u1ee9c h\u1ee3p Ginger Zerumbone k\u00edch th\u00edch ti\u00eau m\u1ee1 + Caffeine gi\u1ea3i ph\u00f3ng ch\u1ea5t b\u00e9o chi\u1ebft xu\u1ea5t t\u1eeb c\u00e0 ph\u00ea, v\u1ecf ca cao v\u00e0 l\u00e1 tr\u00e0. Forskolin t\u1eeb b\u1ea1c h\u00e0 \u1ea4n \u0110\u1ed9 \u0111\u1ed1t ch\u00e1y ch\u1ea5t b\u00e9o. Chi\u1ebft xu\u1ea5t ch\u1ea5t n\u1ec1n sinh h\u1ecdc chlorella v\u00e0 lupin gi\u00fap th\u1ea3i \u0111\u1ed9c. Ph\u00e2n t\u1eed Fisetin tinh khi\u1ebft chi\u1ebft xu\u1ea5t t\u1eeb c\u00e2y ho\u00e0ng d\u01b0\u01a1ng Trung Qu\u1ed1c, \u0111\u1ecbnh h\u00ecnh l\u1ea1i v\u00f3c d\u00e1ng. Oleo serum t\u1eeb ti\u00eau h\u1ed3ng ch\u1ed1ng t\u00edch t\u1ee5 m\u1ee1.<\/p>\n","protected":false},"featured_media":1354,"comment_status":"open","ping_status":"closed","template":"","meta":{"site-sidebar-layout":"default","site-content-layout":"default","ast-global-header-display":"","ast-banner-title-visibility":"","ast-main-header-display":"","ast-hfb-above-header-display":"","ast-hfb-below-header-display":"","ast-hfb-mobile-header-display":"","site-post-title":"","ast-breadcrumbs-content":"","ast-featured-img":"","footer-sml-layout":"","theme-transparent-header-meta":"default","adv-header-id-meta":"","stick-header-meta":"","header-above-stick-meta":"","header-main-stick-meta":"","header-below-stick-meta":""},"product_cat":[37,56],"product_tag":[],"_links":{"self":[{"href":"https:\/\/oanhbeautyspa.com\/index.php\/wp-json\/wp\/v2\/product\/1164"}],"collection":[{"href":"https:\/\/oanhbeautyspa.com\/index.php\/wp-json\/wp\/v2\/product"}],"about":[{"href":"https:\/\/oanhbeautyspa.com\/index.php\/wp-json\/wp\/v2\/types\/product"}],"replies":[{"embeddable":true,"href":"https:\/\/oanhbeautyspa.com\/index.php\/wp-json\/wp\/v2\/comments?post=1164"}],"wp:featuredmedia":[{"embeddable":true,"href":"https:\/\/oanhbeautyspa.com\/index.php\/wp-json\/wp\/v2\/media\/1354"}],"wp:attachment":[{"href":"https:\/\/oanhbeautyspa.com\/index.php\/wp-json\/wp\/v2\/media?parent=1164"}],"wp:term":[{"taxonomy":"product_cat","embeddable":true,"href":"https:\/\/oanhbeautyspa.com\/index.php\/wp-json\/wp\/v2\/product_cat?post=1164"},{"taxonomy":"product_tag","embeddable":true,"href":"https:\/\/oanhbeautyspa.com\/index.php\/wp-json\/wp\/v2\/product_tag?post=1164"}],"curies":[{"name":"wp","href":"https:\/\/api.w.org\/{rel}","templated":true}]}}