{"id":1163,"date":"2023-10-10T12:43:58","date_gmt":"2023-10-10T11:43:58","guid":{"rendered":"https:\/\/oanhbeautyspa.com\/?post_type=product&#038;p=1163"},"modified":"2024-07-05T18:19:36","modified_gmt":"2024-07-05T17:19:36","slug":"hydra-mattifying-detox-cream-50ml","status":"publish","type":"product","link":"https:\/\/oanhbeautyspa.com\/index.php\/product\/hydra-mattifying-detox-cream-50ml\/","title":{"rendered":"Hydra Mattifying Detox Cream &#8211; 50ml"},"content":{"rendered":"<p>Kem detox th\u1ea3i \u0111\u1ed9c, gi\u1ea3m d\u1ea7u, m\u1edd th\u00e2m, thu ch\u00e2n l\u00f4ng, ng\u1eeba m\u1ee5n<\/p>\n<p><strong>C\u00d4NG D\u1ee4NG V\u00c0 TH\u00c0NH PH\u1ea6N CH\u00cdNH<\/strong><br \/>\nKem nh\u1eb9-detox thanh l\u1ecdc th\u1ea3i \u0111\u1ed9c cho da v\u1edbi c\u00e1c hi\u1ec7u \u1ee9ng ho\u00e0n h\u1ea3o, r\u00f5 r\u1ec7t: gi\u1ea3m s\u1ea1m x\u1ec9n, gi\u1ea3m d\u1ea7u, m\u1edd th\u00e2m, thu g\u1ecdn ch\u00e2n l\u00f4ng, r\u1ea1ng r\u1ee1 t\u01b0\u01a1i s\u00e1ng, c\u1ea5p \u1ea9m v\u00e0 gi\u1eef m\u1ecbn, m\u01b0\u1ee3t l\u00e0n da. Th\u00e0nh ph\u1ea7n t\u1eadp trung t\u1eeb 16 lo\u1ea1i tinh d\u1ea7u th\u1ea3o m\u1ed9c, k\u1ebdm v\u00e0 si\u00eau kh\u00e1ng sinh sinh h\u1ecdc chi\u1ebft xu\u1ea5t t\u1eeb h\u1ea1 cam b\u01b0\u1edfi, keo Acacia (chi keo), Lentil (\u0111\u1eadu l\u0103ng). Salicylic Acid v\u00e0 Acacia Gum gi\u00fap gi\u1ea3m b\u00f3ng d\u1ea7u, th\u00f4ng tho\u00e1ng da.<\/p>\n<p><strong>LO\u1ea0I DA PH\u00d9 H\u1ee2P<\/strong><br \/>\nDetox d\u00e0nh cho t\u1ea5t c\u1ea3 lo\u1ea1i da: da th\u00f4 s\u1ea7n, s\u1ea1m x\u1ec9n, da nh\u1eddn b\u00f3ng, ch\u00e2n l\u00f4ng n\u1edf r\u1ed9ng<\/p>\n<p><strong>C\u00c1CH S\u1eec D\u1ee4NG<\/strong><br \/>\nS\u1eed d\u1ee5ng s\u00e1ng v\u00e0\/ho\u1eb7c t\u1ed1i tr\u00ean m\u1eb7t v\u00e0 c\u1ed5. B\u00f4i kem v\u00e0o b\u01b0\u1edbc cu\u1ed1i c\u00f9ng c\u1ee7a tr\u1ecb li\u1ec7u detox-ki\u1ec3m so\u00e1t d\u1ea7u m\u1ee5n<\/p>\n","protected":false},"excerpt":{"rendered":"<p>Kem nh\u1eb9-detox thanh l\u1ecdc th\u1ea3i \u0111\u1ed9c cho da v\u1edbi c\u00e1c hi\u1ec7u \u1ee9ng ho\u00e0n h\u1ea3o, r\u00f5 r\u1ec7t: gi\u1ea3m s\u1ea1m x\u1ec9n, gi\u1ea3m d\u1ea7u, m\u1edd th\u00e2m, thu g\u1ecdn ch\u00e2n l\u00f4ng, r\u1ea1ng r\u1ee1 t\u01b0\u01a1i s\u00e1ng, c\u1ea5p \u1ea9m v\u00e0 gi\u1eef m\u1ecbn, m\u01b0\u1ee3t l\u00e0n da. Th\u00e0nh ph\u1ea7n t\u1eadp trung t\u1eeb 16 lo\u1ea1i tinh d\u1ea7u th\u1ea3o m\u1ed9c, k\u1ebdm v\u00e0 si\u00eau kh\u00e1ng sinh sinh h\u1ecdc chi\u1ebft xu\u1ea5t t\u1eeb h\u1ea1 cam b\u01b0\u1edfi, keo Acacia (chi keo), Lentil (\u0111\u1eadu l\u0103ng). Salicylic Acid v\u00e0 Acacia Gum gi\u00fap gi\u1ea3m b\u00f3ng d\u1ea7u, th\u00f4ng tho\u00e1ng da.<\/p>\n","protected":false},"featured_media":2709,"comment_status":"open","ping_status":"closed","template":"","meta":{"site-sidebar-layout":"default","site-content-layout":"default","ast-global-header-display":"","ast-banner-title-visibility":"","ast-main-header-display":"","ast-hfb-above-header-display":"","ast-hfb-below-header-display":"","ast-hfb-mobile-header-display":"","site-post-title":"","ast-breadcrumbs-content":"","ast-featured-img":"","footer-sml-layout":"","theme-transparent-header-meta":"default","adv-header-id-meta":"","stick-header-meta":"","header-above-stick-meta":"","header-main-stick-meta":"","header-below-stick-meta":""},"product_cat":[37,41],"product_tag":[],"_links":{"self":[{"href":"https:\/\/oanhbeautyspa.com\/index.php\/wp-json\/wp\/v2\/product\/1163"}],"collection":[{"href":"https:\/\/oanhbeautyspa.com\/index.php\/wp-json\/wp\/v2\/product"}],"about":[{"href":"https:\/\/oanhbeautyspa.com\/index.php\/wp-json\/wp\/v2\/types\/product"}],"replies":[{"embeddable":true,"href":"https:\/\/oanhbeautyspa.com\/index.php\/wp-json\/wp\/v2\/comments?post=1163"}],"wp:featuredmedia":[{"embeddable":true,"href":"https:\/\/oanhbeautyspa.com\/index.php\/wp-json\/wp\/v2\/media\/2709"}],"wp:attachment":[{"href":"https:\/\/oanhbeautyspa.com\/index.php\/wp-json\/wp\/v2\/media?parent=1163"}],"wp:term":[{"taxonomy":"product_cat","embeddable":true,"href":"https:\/\/oanhbeautyspa.com\/index.php\/wp-json\/wp\/v2\/product_cat?post=1163"},{"taxonomy":"product_tag","embeddable":true,"href":"https:\/\/oanhbeautyspa.com\/index.php\/wp-json\/wp\/v2\/product_tag?post=1163"}],"curies":[{"name":"wp","href":"https:\/\/api.w.org\/{rel}","templated":true}]}}