{"id":1162,"date":"2023-10-10T12:43:58","date_gmt":"2023-10-10T11:43:58","guid":{"rendered":"https:\/\/oanhbeautyspa.com\/?post_type=product&#038;p=1162"},"modified":"2024-07-05T17:53:44","modified_gmt":"2024-07-05T16:53:44","slug":"intex-cream-no-2-for-oily-skin-50ml","status":"publish","type":"product","link":"https:\/\/oanhbeautyspa.com\/index.php\/product\/intex-cream-no-2-for-oily-skin-50ml\/","title":{"rendered":"Intex Cream No.2 For Oily Skin &#8211; 50ml"},"content":{"rendered":"<p>Kem Intex No2 \u0111i\u1ec1u tr\u1ecb v\u00e0 ph\u1ee5c h\u1ed3i da d\u1ea7u m\u1ee5n<\/p>\n<p><strong>C\u00d4NG D\u1ee4NG V\u00c0 TH\u00c0NH PH\u1ea6N CH\u00cdNH<\/strong><br \/>\nKem ki\u1ec3m so\u00e1t d\u1ea7u, ng\u0103n ng\u1eeba m\u1ee5n, l\u00e0m s\u1ea1ch s\u00e2u, tinh khi\u1ebft da v\u00e0 se kh\u00edt l\u1ed7 ch\u00e2n l\u00f4ng hi\u1ec7u qu\u1ea3 nh\u1edd tinh ch\u1ea5t c\u1ecf x\u1ea1 h\u01b0\u01a1ng tr\u1eafng v\u00e0 k\u1ebdm. Vitamin A chi\u1ebft xu\u1ea5t t\u1eeb d\u1ea7u c\u00e1 gi\u00fap t\u00e1i sinh l\u00e0n da. Magie silicat c\u00f3 t\u00e1c d\u1ee5ng ki\u1ec1m d\u1ea7u. C\u00e1c Vitamin A v\u00e0 D \u0111\u1eadm \u0111\u1eb7c trong d\u1ea7u Halibut gi\u00fap t\u00e1i sinh, ph\u1ee5c h\u1ed3i c\u00e1c t\u1ed5n th\u01b0\u01a1ng do m\u1ee5n, k\u00edch th\u00edch da t\u1ef1 t\u00e1i sinh, gi\u1ea3m th\u00e2m.<\/p>\n<p><strong>LO\u1ea0I DA PH\u00d9 H\u1ee2P<\/strong><br \/>\nDa d\u1ea7u, Da h\u1ed7n h\u1ee3p.<\/p>\n<p><strong>C\u00c1CH S\u1eec D\u1ee4NG<\/strong><br \/>\nT\u1ed1t nh\u1ea5t n\u00ean d\u00f9ng v\u00e0o bu\u1ed5i t\u1ed1i, thoa l\u00ean v\u00f9ng da m\u1eb7t c\u1ea7n \u0111i\u1ec1u tr\u1ecb. Massage cho da th\u1ea9m th\u1ea5u t\u1ed1t h\u01a1n.<\/p>\n","protected":false},"excerpt":{"rendered":"<p>Kem ki\u1ec3m so\u00e1t d\u1ea7u, ng\u0103n ng\u1eeba m\u1ee5n, l\u00e0m s\u1ea1ch s\u00e2u, tinh khi\u1ebft da v\u00e0 se kh\u00edt l\u1ed7 ch\u00e2n l\u00f4ng hi\u1ec7u qu\u1ea3 nh\u1edd tinh ch\u1ea5t c\u1ecf x\u1ea1 h\u01b0\u01a1ng tr\u1eafng v\u00e0 k\u1ebdm. Vitamin A chi\u1ebft xu\u1ea5t t\u1eeb d\u1ea7u c\u00e1 gi\u00fap t\u00e1i sinh l\u00e0n da. Magie silicat c\u00f3 t\u00e1c d\u1ee5ng ki\u1ec1m d\u1ea7u. C\u00e1c Vitamin A v\u00e0 D \u0111\u1eadm \u0111\u1eb7c trong d\u1ea7u Halibut gi\u00fap t\u00e1i sinh, ph\u1ee5c h\u1ed3i c\u00e1c t\u1ed5n th\u01b0\u01a1ng do m\u1ee5n, k\u00edch th\u00edch da t\u1ef1 t\u00e1i sinh, gi\u1ea3m th\u00e2m.<\/p>\n","protected":false},"featured_media":2702,"comment_status":"open","ping_status":"closed","template":"","meta":{"site-sidebar-layout":"default","site-content-layout":"default","ast-global-header-display":"","ast-banner-title-visibility":"","ast-main-header-display":"","ast-hfb-above-header-display":"","ast-hfb-below-header-display":"","ast-hfb-mobile-header-display":"","site-post-title":"","ast-breadcrumbs-content":"","ast-featured-img":"","footer-sml-layout":"","theme-transparent-header-meta":"default","adv-header-id-meta":"","stick-header-meta":"","header-above-stick-meta":"","header-main-stick-meta":"","header-below-stick-meta":""},"product_cat":[37,41],"product_tag":[],"_links":{"self":[{"href":"https:\/\/oanhbeautyspa.com\/index.php\/wp-json\/wp\/v2\/product\/1162"}],"collection":[{"href":"https:\/\/oanhbeautyspa.com\/index.php\/wp-json\/wp\/v2\/product"}],"about":[{"href":"https:\/\/oanhbeautyspa.com\/index.php\/wp-json\/wp\/v2\/types\/product"}],"replies":[{"embeddable":true,"href":"https:\/\/oanhbeautyspa.com\/index.php\/wp-json\/wp\/v2\/comments?post=1162"}],"wp:featuredmedia":[{"embeddable":true,"href":"https:\/\/oanhbeautyspa.com\/index.php\/wp-json\/wp\/v2\/media\/2702"}],"wp:attachment":[{"href":"https:\/\/oanhbeautyspa.com\/index.php\/wp-json\/wp\/v2\/media?parent=1162"}],"wp:term":[{"taxonomy":"product_cat","embeddable":true,"href":"https:\/\/oanhbeautyspa.com\/index.php\/wp-json\/wp\/v2\/product_cat?post=1162"},{"taxonomy":"product_tag","embeddable":true,"href":"https:\/\/oanhbeautyspa.com\/index.php\/wp-json\/wp\/v2\/product_tag?post=1162"}],"curies":[{"name":"wp","href":"https:\/\/api.w.org\/{rel}","templated":true}]}}