{"id":1161,"date":"2023-10-10T12:43:58","date_gmt":"2023-10-10T11:43:58","guid":{"rendered":"https:\/\/oanhbeautyspa.com\/?post_type=product&#038;p=1161"},"modified":"2023-10-31T21:20:56","modified_gmt":"2023-10-31T21:20:56","slug":"jojoba-light-nourishing-cream","status":"publish","type":"product","link":"https:\/\/oanhbeautyspa.com\/index.php\/product\/jojoba-light-nourishing-cream\/","title":{"rendered":"Jojoba Light Nourishing Cream"},"content":{"rendered":"<p>Kem Jojoba gi\u00e0u d\u01b0\u1ee1ng ch\u1ea5t h\u1ed3i ph\u1ee5c c\u1ea5u tr\u00fac da d\u1ea7u<\/p>\n<p><strong>C\u00d4NG D\u1ee4NG V\u00c0 TH\u00c0NH PH\u1ea6N CH\u00cdNH<\/strong><br \/>\nKem gi\u00e0u d\u01b0\u1ee1ng ch\u1ea5t h\u1ed3i ph\u1ee5c c\u1ea5u tr\u00fac cho da d\u1ea7u, mang \u0111\u1ebfn c\u1ea3m gi\u00e1c v\u00f4 c\u00f9ng \u00eam \u00e1i, m\u1ec1m v\u00e0 s\u1ef1 tho\u1ea3i m\u00e1i tuy\u1ec7t \u0111\u1ed1i cho l\u00e0n da.<br \/>\nC\u00e1c d\u01b0\u1ee1ng ch\u1ea5t ch\u00ednh:<br \/>\nOM Omega<br \/>\nD\u01b0\u1ee1ng ch\u1ea5t Omegas 9 axit b\u00e9o t\u1eeb s\u00e1p jojoba<br \/>\nPhytosterol t\u1eeb c\u00e2y th\u00f4ng l\u00e0m d\u1ecbu da<\/p>\n<p><strong>LO\u1ea0I DA PH\u00d9 H\u1ee2P<\/strong><br \/>\nDa d\u1ea7u thi\u1ebfu d\u01b0\u1ee1ng ch\u1ea5t<\/p>\n<p><strong>C\u00c1CH S\u1eec D\u1ee4NG<\/strong><br \/>\nS\u1eed d\u1ee5ng 2 l\u1ea7n m\u1ed9t ng\u00e0y (s\u00e1ng v\u00e0 t\u1ed1i) tr\u00ean da m\u1eb7t v\u00e0 c\u1ed5.<\/p>\n","protected":false},"excerpt":{"rendered":"<p>Kem gi\u00e0u d\u01b0\u1ee1ng ch\u1ea5t h\u1ed3i ph\u1ee5c c\u1ea5u tr\u00fac cho da d\u1ea7u, mang \u0111\u1ebfn c\u1ea3m gi\u00e1c v\u00f4 c\u00f9ng \u00eam \u00e1i, m\u1ec1m v\u00e0 s\u1ef1 tho\u1ea3i m\u00e1i tuy\u1ec7t \u0111\u1ed1i cho l\u00e0n da.<\/p>\n","protected":false},"featured_media":1927,"comment_status":"open","ping_status":"closed","template":"","meta":{"site-sidebar-layout":"default","site-content-layout":"default","ast-global-header-display":"","ast-banner-title-visibility":"","ast-main-header-display":"","ast-hfb-above-header-display":"","ast-hfb-below-header-display":"","ast-hfb-mobile-header-display":"","site-post-title":"","ast-breadcrumbs-content":"","ast-featured-img":"","footer-sml-layout":"","theme-transparent-header-meta":"default","adv-header-id-meta":"","stick-header-meta":"","header-above-stick-meta":"","header-main-stick-meta":"","header-below-stick-meta":""},"product_cat":[37,41],"product_tag":[],"_links":{"self":[{"href":"https:\/\/oanhbeautyspa.com\/index.php\/wp-json\/wp\/v2\/product\/1161"}],"collection":[{"href":"https:\/\/oanhbeautyspa.com\/index.php\/wp-json\/wp\/v2\/product"}],"about":[{"href":"https:\/\/oanhbeautyspa.com\/index.php\/wp-json\/wp\/v2\/types\/product"}],"replies":[{"embeddable":true,"href":"https:\/\/oanhbeautyspa.com\/index.php\/wp-json\/wp\/v2\/comments?post=1161"}],"wp:featuredmedia":[{"embeddable":true,"href":"https:\/\/oanhbeautyspa.com\/index.php\/wp-json\/wp\/v2\/media\/1927"}],"wp:attachment":[{"href":"https:\/\/oanhbeautyspa.com\/index.php\/wp-json\/wp\/v2\/media?parent=1161"}],"wp:term":[{"taxonomy":"product_cat","embeddable":true,"href":"https:\/\/oanhbeautyspa.com\/index.php\/wp-json\/wp\/v2\/product_cat?post=1161"},{"taxonomy":"product_tag","embeddable":true,"href":"https:\/\/oanhbeautyspa.com\/index.php\/wp-json\/wp\/v2\/product_tag?post=1161"}],"curies":[{"name":"wp","href":"https:\/\/api.w.org\/{rel}","templated":true}]}}