{"id":1160,"date":"2023-10-10T12:43:58","date_gmt":"2023-10-10T11:43:58","guid":{"rendered":"https:\/\/oanhbeautyspa.com\/?post_type=product&#038;p=1160"},"modified":"2023-10-31T21:21:26","modified_gmt":"2023-10-31T21:21:26","slug":"total-beautifying-eye-cream-15ml","status":"publish","type":"product","link":"https:\/\/oanhbeautyspa.com\/index.php\/product\/total-beautifying-eye-cream-15ml\/","title":{"rendered":"Total Beautifying Eye Cream &#8211; 15ml"},"content":{"rendered":"<p>Kem m\u1eaft ng\u1ecdc trai \u0111\u1eb9p t\u1ed5ng th\u1ec3, x\u00f3a nh\u0103n, s\u0103n m\u1ecbn, gi\u1ea3m b\u1ecdng, m\u1edd th\u00e2m<\/p>\n<p><strong>C\u00d4NG D\u1ee4NG V\u00c0 TH\u00c0NH PH\u1ea6N CH\u00cdNH<\/strong><br \/>\nV\u00f9ng da xung quanh m\u1eaft \u0111\u01b0\u1ee3c l\u00e0m \u0111\u1eb9p v\u00e0 tr\u1ebb h\u00f3a r\u00f5 r\u1ec7t, chi\u1ebft xu\u1ea5t t\u1eeb ng\u1ecdc trai gi\u00fap l\u00e0m m\u1ecbn v\u00f9ng da m\u1eaft, vectorised cafeine t\u1eeb c\u00e0 ph\u00ea xanh ng\u0103n ng\u1eeba b\u1ecdng m\u1ee1 m\u1eaft. Acid Maslinic t\u1eeb \u00d4 liu: b\u1ed5 sung d\u01b0\u1ee1ng ch\u1ea5t, Oligogalacturonans &amp; Polyphenolic t\u1eeb c\u00e2y sim gi\u00fap t\u1ed1i \u01b0u h\u00f3a tu\u1ed5i th\u1ecd c\u1ee7a t\u1ebf b\u00e0o v\u00e0 ch\u1ed1ng oxy h\u00f3a. Hesperitin t\u1eeb cam ng\u1ecdt, ch\u1ed1ng qu\u1ea7ng th\u00e2m v\u00e0 ch\u1ed1ng ch\u1ea3y x\u1ec7. Chi\u1ebft xu\u1ea5t ng\u1ecdc trai gi\u00fap l\u00e0m m\u1ecbn v\u00e0 l\u00e0m \u0111\u1eb9p v\u00f9ng da m\u1eaft.<\/p>\n<p><strong>LO\u1ea0I DA PH\u00d9 H\u1ee2P<\/strong><br \/>\nDa v\u00f9ng m\u1eaft c\u00f3 c\u00e1c d\u1ea5u hi\u1ec7u r\u00f5 r\u00e0ng c\u1ee7a l\u00e3o h\u00f3a to\u00e0n di\u1ec7n nh\u01b0 ch\u00f9ng nh\u00e3o, n\u1ebfp nh\u0103n, b\u1ecdng m\u1eaft, qu\u1ea7ng th\u00e2m.<\/p>\n<p><strong>C\u00c1CH S\u1eec D\u1ee4NG<\/strong><br \/>\nThoa l\u00ean v\u00f9ng m\u1eaft m\u1ed9t ho\u1eb7c hai l\u1ea7n trong ng\u00e0y.<\/p>\n","protected":false},"excerpt":{"rendered":"<p>V\u00f9ng da xung quanh m\u1eaft \u0111\u01b0\u1ee3c l\u00e0m \u0111\u1eb9p v\u00e0 tr\u1ebb h\u00f3a r\u00f5 r\u1ec7t, chi\u1ebft xu\u1ea5t t\u1eeb ng\u1ecdc trai gi\u00fap l\u00e0m m\u1ecbn v\u00f9ng da m\u1eaft, vectorised cafeine t\u1eeb c\u00e0 ph\u00ea xanh ng\u0103n ng\u1eeba b\u1ecdng m\u1ee1 m\u1eaft. Acid Maslinic t\u1eeb \u00d4 liu: b\u1ed5 sung d\u01b0\u1ee1ng ch\u1ea5t, Oligogalacturonans &amp; Polyphenolic t\u1eeb c\u00e2y sim gi\u00fap t\u1ed1i \u01b0u h\u00f3a tu\u1ed5i th\u1ecd c\u1ee7a t\u1ebf b\u00e0o v\u00e0 ch\u1ed1ng oxy h\u00f3a. Hesperitin t\u1eeb cam ng\u1ecdt, ch\u1ed1ng qu\u1ea7ng th\u00e2m v\u00e0 ch\u1ed1ng ch\u1ea3y x\u1ec7. Chi\u1ebft xu\u1ea5t ng\u1ecdc trai gi\u00fap l\u00e0m m\u1ecbn v\u00e0 l\u00e0m \u0111\u1eb9p v\u00f9ng da m\u1eaft.<\/p>\n","protected":false},"featured_media":1926,"comment_status":"open","ping_status":"closed","template":"","meta":{"site-sidebar-layout":"default","site-content-layout":"default","ast-global-header-display":"","ast-banner-title-visibility":"","ast-main-header-display":"","ast-hfb-above-header-display":"","ast-hfb-below-header-display":"","ast-hfb-mobile-header-display":"","site-post-title":"","ast-breadcrumbs-content":"","ast-featured-img":"","footer-sml-layout":"","theme-transparent-header-meta":"default","adv-header-id-meta":"","stick-header-meta":"","header-above-stick-meta":"","header-main-stick-meta":"","header-below-stick-meta":""},"product_cat":[42],"product_tag":[],"_links":{"self":[{"href":"https:\/\/oanhbeautyspa.com\/index.php\/wp-json\/wp\/v2\/product\/1160"}],"collection":[{"href":"https:\/\/oanhbeautyspa.com\/index.php\/wp-json\/wp\/v2\/product"}],"about":[{"href":"https:\/\/oanhbeautyspa.com\/index.php\/wp-json\/wp\/v2\/types\/product"}],"replies":[{"embeddable":true,"href":"https:\/\/oanhbeautyspa.com\/index.php\/wp-json\/wp\/v2\/comments?post=1160"}],"wp:featuredmedia":[{"embeddable":true,"href":"https:\/\/oanhbeautyspa.com\/index.php\/wp-json\/wp\/v2\/media\/1926"}],"wp:attachment":[{"href":"https:\/\/oanhbeautyspa.com\/index.php\/wp-json\/wp\/v2\/media?parent=1160"}],"wp:term":[{"taxonomy":"product_cat","embeddable":true,"href":"https:\/\/oanhbeautyspa.com\/index.php\/wp-json\/wp\/v2\/product_cat?post=1160"},{"taxonomy":"product_tag","embeddable":true,"href":"https:\/\/oanhbeautyspa.com\/index.php\/wp-json\/wp\/v2\/product_tag?post=1160"}],"curies":[{"name":"wp","href":"https:\/\/api.w.org\/{rel}","templated":true}]}}