{"id":1158,"date":"2023-10-10T12:43:58","date_gmt":"2023-10-10T11:43:58","guid":{"rendered":"https:\/\/oanhbeautyspa.com\/?post_type=product&#038;p=1158"},"modified":"2024-07-05T18:39:47","modified_gmt":"2024-07-05T17:39:47","slug":"deep-cleansing-t-zone-exfolitor-50ml","status":"publish","type":"product","link":"https:\/\/oanhbeautyspa.com\/index.php\/product\/deep-cleansing-t-zone-exfolitor-50ml\/","title":{"rendered":"Deep Cleansing T Zone Exfolitor &#8211; 50ml"},"content":{"rendered":"<p>Kem h\u1ea1t m\u1ecbn t\u1ea9y da ch\u1ebft l\u00e0m s\u1ea1ch m\u1ee5n c\u00e1m, m\u1ee5n \u0111\u1ea7u \u0111en v\u00e0 v\u00f9ng T-zone<br \/>\n<strong>C\u00d4NG D\u1ee4NG v\u00e0 THANH PH\u1ea6N CH\u00cdNH<\/strong><br \/>\nKem t\u1ea9y t\u1ebf b\u00e0o ch\u1ebft v\u1edbi vi h\u1ea1t silicat c\u00f3 t\u00e1c d\u1ee5ng t\u1ea9y c\u1eb7n, l\u00e0m s\u1ea1ch s\u00e2u, c\u1ea3i thi\u1ec7n khuy\u1ebft \u0111i\u1ec3m v\u00f9ng ch\u1eef T \u0111\u1ec3 c\u00f3 ngay l\u00e0n da s\u1ea1ch m\u1ee5n \u0111\u1ea7u \u0111en v\u00e0 s\u00e1ng m\u1ecbn t\u1ee9c th\u00ec \u0111\u1ed3ng th\u1eddi c\u0169ng l\u00e0m d\u1ecbu da.<\/p>\n<p><strong>LO\u1ea0I DA PH\u00d9 H\u1ee2P<\/strong><br \/>\nCh\u1ec9 \u0111\u1ecbnh ccho t\u1ea5t c\u1ea3 c\u00e1c lo\u1ea1i da c\u00f3 m\u1ee5n \u0111\u1ea7u \u0111en, m\u1ee5n c\u00e1m. Da d\u00e0y s\u1eebng, da c\u00f3 m\u1ee5n \u1ea9n<\/p>\n<p><strong>C\u00c1CH S\u1eec D\u1ee4NG<\/strong><br \/>\nL\u1ea5y 1 l\u01b0\u1ee3ng v\u1eeba \u0111\u1ee7 ra tay, thoa l\u00ean v\u00f9ng ch\u1eef T theo chuy\u1ec3n \u0111\u1ed9ng tr\u00f2n. Nh\u0169 h\u00f3a v\u1edbi n\u01b0\u1edbc r\u1ed3i r\u1eeda s\u1ea1ch, th\u1ea5m kh\u00f4 da.<\/p>\n","protected":false},"excerpt":{"rendered":"<p>Kem t\u1ea9y t\u1ebf b\u00e0o ch\u1ebft v\u1edbi vi h\u1ea1t silicat c\u00f3 t\u00e1c d\u1ee5ng t\u1ea9y c\u1eb7n, l\u00e0m s\u1ea1ch s\u00e2u, c\u1ea3i thi\u1ec7n khuy\u1ebft \u0111i\u1ec3m v\u00f9ng ch\u1eef T \u0111\u1ec3 c\u00f3 ngay l\u00e0n da s\u1ea1ch m\u1ee5n \u0111\u1ea7u \u0111en v\u00e0 s\u00e1ng m\u1ecbn t\u1ee9c th\u00ec \u0111\u1ed3ng th\u1eddi c\u0169ng l\u00e0m d\u1ecbu da.<\/p>\n","protected":false},"featured_media":2712,"comment_status":"open","ping_status":"closed","template":"","meta":{"site-sidebar-layout":"default","site-content-layout":"default","ast-global-header-display":"","ast-banner-title-visibility":"","ast-main-header-display":"","ast-hfb-above-header-display":"","ast-hfb-below-header-display":"","ast-hfb-mobile-header-display":"","site-post-title":"","ast-breadcrumbs-content":"","ast-featured-img":"","footer-sml-layout":"","theme-transparent-header-meta":"default","adv-header-id-meta":"","stick-header-meta":"","header-above-stick-meta":"","header-main-stick-meta":"","header-below-stick-meta":""},"product_cat":[37,55],"product_tag":[],"_links":{"self":[{"href":"https:\/\/oanhbeautyspa.com\/index.php\/wp-json\/wp\/v2\/product\/1158"}],"collection":[{"href":"https:\/\/oanhbeautyspa.com\/index.php\/wp-json\/wp\/v2\/product"}],"about":[{"href":"https:\/\/oanhbeautyspa.com\/index.php\/wp-json\/wp\/v2\/types\/product"}],"replies":[{"embeddable":true,"href":"https:\/\/oanhbeautyspa.com\/index.php\/wp-json\/wp\/v2\/comments?post=1158"}],"wp:featuredmedia":[{"embeddable":true,"href":"https:\/\/oanhbeautyspa.com\/index.php\/wp-json\/wp\/v2\/media\/2712"}],"wp:attachment":[{"href":"https:\/\/oanhbeautyspa.com\/index.php\/wp-json\/wp\/v2\/media?parent=1158"}],"wp:term":[{"taxonomy":"product_cat","embeddable":true,"href":"https:\/\/oanhbeautyspa.com\/index.php\/wp-json\/wp\/v2\/product_cat?post=1158"},{"taxonomy":"product_tag","embeddable":true,"href":"https:\/\/oanhbeautyspa.com\/index.php\/wp-json\/wp\/v2\/product_tag?post=1158"}],"curies":[{"name":"wp","href":"https:\/\/api.w.org\/{rel}","templated":true}]}}