{"id":1157,"date":"2023-10-10T12:43:58","date_gmt":"2023-10-10T11:43:58","guid":{"rendered":"https:\/\/oanhbeautyspa.com\/?post_type=product&#038;p=1157"},"modified":"2023-10-31T21:21:40","modified_gmt":"2023-10-31T21:21:40","slug":"hyaluronic-moisturising-cream-mask-50ml","status":"publish","type":"product","link":"https:\/\/oanhbeautyspa.com\/index.php\/product\/hyaluronic-moisturising-cream-mask-50ml\/","title":{"rendered":"Hyaluronic Moisturising Cream Mask &#8211; 50ml"},"content":{"rendered":"<p>Kem ki\u00eam m\u1eb7t n\u1ea1 Hyaluronic c\u1ea5p n\u01b0\u1edbc, d\u01b0\u1ee1ng v\u00e0 gi\u1eef \u1ea9m t\u0103ng c\u01b0\u1eddng<br \/>\n<strong>C\u00d4NG D\u1ee4NG V\u00c0 TH\u00c0NH PH\u1ea6N CH\u00cdNH<\/strong><br \/>\nM\u1eb7t n\u1ea1 d\u1ea1ng kem d\u00e0nh cho l\u00e0n da si\u00eau kh\u00f4 d\u01b0\u1edbi \u0111i\u1ec1u ki\u1ec7n kh\u00ed h\u1eadu kh\u1eafc nghi\u1ec7t, cung c\u1ea5p dinh d\u01b0\u1ee1ng v\u00e0 \u0111\u1ed9 \u1ea9m chuy\u00ean s\u00e2u, ph\u1ee5c h\u1ed3i t\u1ee9c th\u00ec c\u00e1c d\u1ea5u hi\u1ec7u kh\u00f4 c\u0103ng v\u00e0 m\u1ea5t n\u01b0\u1edbc tr\u00ean da. M\u1eb7t n\u1ea1 d\u1ea1ng kem t\u1eadp trung Hyaluronic Acid , Vitamin E t\u1eeb m\u1ea7m l\u00faa m\u00ec, Polyphenol t\u1eeb hoa nho c\u00f9ng v\u1edbi acid b\u00e9o thi\u1ebft y\u1ebfu t\u1eeb hoa h\u1ed3ng, b\u01a1 h\u1ea1t m\u1ee1 v\u00e0 qu\u1ea3 t\u1ea7m xu\u00e2n gi\u00fap d\u01b0\u1ee1ng \u1ea9m, ph\u1ee5c h\u1ed3i v\u00e0 l\u00e0m d\u1ecbu da ngay l\u1eadp t\u1ee9c \u0111\u1ed3ng th\u1eddi ch\u1ed1ng g\u1ed1c t\u1ef1 do.<\/p>\n<p><strong>LO\u1ea0I DA PH\u00d9 H\u1ee2P<\/strong><br \/>\nDa kh\u00f4 thi\u1ebfu n\u01b0\u1edbc, thi\u1ebfu \u1ea9m<\/p>\n<p><strong>C\u00c1CH S\u1eec D\u1ee4NG<\/strong><br \/>\n1. M\u1eb7t n\u1ea1 ng\u1ee7: thoa m\u1ed9t l\u1edbp v\u1eeba ph\u1ea3i tr\u01b0\u1edbc khi \u0111i ng\u1ee7, \u0111\u1ec3 qua \u0111\u00eam.<br \/>\n2. Kem d\u01b0\u1ee1ng ng\u00e0y: thoa nh\u01b0 m\u1ed9t lo\u1ea1i kem d\u01b0\u1ee1ng da ban ng\u00e0y l\u00ean kh\u1eafp m\u1eb7t v\u00e0 c\u1ed5.<br \/>\n3. M\u1eb7t n\u1ea1: thoa m\u1ed9t l\u1edbp d\u00e0y. L\u01b0u tr\u00ean da cho \u0111\u1ebfn khi th\u1ea9m th\u1ea5u ho\u00e0n to\u00e0n ho\u1eb7c sau 20 ph\u00fat lo\u1ea1i b\u1ecf ph\u1ea7n d\u01b0 th\u1eeba b\u1eb1ng m\u1ed9t mi\u1ebfng b\u00f4ng c\u00f3 th\u00e1m n\u01b0\u1edbc c\u00e2n b\u1eb1ng ho\u1eb7c r\u1eeda s\u1ea1ch v\u1edbi n\u01b0\u1edbc.<\/p>\n","protected":false},"excerpt":{"rendered":"<p>M\u1eb7t n\u1ea1 d\u1ea1ng kem d\u00e0nh cho l\u00e0n da si\u00eau kh\u00f4 d\u01b0\u1edbi \u0111i\u1ec1u ki\u1ec7n kh\u00ed h\u1eadu kh\u1eafc nghi\u1ec7t, cung c\u1ea5p dinh d\u01b0\u1ee1ng v\u00e0 \u0111\u1ed9 \u1ea9m chuy\u00ean s\u00e2u, ph\u1ee5c h\u1ed3i t\u1ee9c th\u00ec c\u00e1c d\u1ea5u hi\u1ec7u kh\u00f4 c\u0103ng v\u00e0 m\u1ea5t n\u01b0\u1edbc tr\u00ean da. M\u1eb7t n\u1ea1 d\u1ea1ng kem t\u1eadp trung Hyaluronic Acid , Vitamin E t\u1eeb m\u1ea7m l\u00faa m\u00ec, Polyphenol t\u1eeb hoa nho c\u00f9ng v\u1edbi acid b\u00e9o thi\u1ebft y\u1ebfu t\u1eeb hoa h\u1ed3ng, b\u01a1 h\u1ea1t m\u1ee1 v\u00e0 qu\u1ea3 t\u1ea7m xu\u00e2n gi\u00fap d\u01b0\u1ee1ng \u1ea9m, ph\u1ee5c h\u1ed3i v\u00e0 l\u00e0m d\u1ecbu da ngay l\u1eadp t\u1ee9c \u0111\u1ed3ng th\u1eddi ch\u1ed1ng g\u1ed1c t\u1ef1 do.<\/p>\n","protected":false},"featured_media":1347,"comment_status":"open","ping_status":"closed","template":"","meta":{"site-sidebar-layout":"default","site-content-layout":"default","ast-global-header-display":"","ast-banner-title-visibility":"","ast-main-header-display":"","ast-hfb-above-header-display":"","ast-hfb-below-header-display":"","ast-hfb-mobile-header-display":"","site-post-title":"","ast-breadcrumbs-content":"","ast-featured-img":"","footer-sml-layout":"","theme-transparent-header-meta":"default","adv-header-id-meta":"","stick-header-meta":"","header-above-stick-meta":"","header-main-stick-meta":"","header-below-stick-meta":""},"product_cat":[37,40],"product_tag":[],"_links":{"self":[{"href":"https:\/\/oanhbeautyspa.com\/index.php\/wp-json\/wp\/v2\/product\/1157"}],"collection":[{"href":"https:\/\/oanhbeautyspa.com\/index.php\/wp-json\/wp\/v2\/product"}],"about":[{"href":"https:\/\/oanhbeautyspa.com\/index.php\/wp-json\/wp\/v2\/types\/product"}],"replies":[{"embeddable":true,"href":"https:\/\/oanhbeautyspa.com\/index.php\/wp-json\/wp\/v2\/comments?post=1157"}],"wp:featuredmedia":[{"embeddable":true,"href":"https:\/\/oanhbeautyspa.com\/index.php\/wp-json\/wp\/v2\/media\/1347"}],"wp:attachment":[{"href":"https:\/\/oanhbeautyspa.com\/index.php\/wp-json\/wp\/v2\/media?parent=1157"}],"wp:term":[{"taxonomy":"product_cat","embeddable":true,"href":"https:\/\/oanhbeautyspa.com\/index.php\/wp-json\/wp\/v2\/product_cat?post=1157"},{"taxonomy":"product_tag","embeddable":true,"href":"https:\/\/oanhbeautyspa.com\/index.php\/wp-json\/wp\/v2\/product_tag?post=1157"}],"curies":[{"name":"wp","href":"https:\/\/api.w.org\/{rel}","templated":true}]}}