{"id":1156,"date":"2023-10-10T12:43:58","date_gmt":"2023-10-10T11:43:58","guid":{"rendered":"https:\/\/oanhbeautyspa.com\/?post_type=product&#038;p=1156"},"modified":"2023-10-31T21:20:35","modified_gmt":"2023-10-31T21:20:35","slug":"hyaluronic-moisturising-cream-50ml","status":"publish","type":"product","link":"https:\/\/oanhbeautyspa.com\/index.php\/product\/hyaluronic-moisturising-cream-50ml\/","title":{"rendered":"Hyaluronic Moisturising Cream &#8211; 50ml"},"content":{"rendered":"<p>Kem Hyaluronic d\u01b0\u1ee1ng v\u00e0 gi\u1eef \u1ea9m chuy\u00ean s\u00e2u cho da kh\u00f4 thi\u1ebfu n\u01b0\u1edbc<\/p>\n<p><strong>C\u00d4NG D\u1ee4NG V\u00c0 TH\u00c0NH PH\u1ea6N CH\u00cdNH<\/strong><br \/>\nM\u1ed9t lo\u1ea1i kem gi\u00e0u ch\u1ee9a h\u1ed7n h\u1ee3p acid hyaluronic, vitamin E t\u1eeb h\u1ea1t l\u00faa m\u00ec, c\u00e1c y\u1ebfu t\u1ed1 vi l\u01b0\u1ee3ng v\u00e0 polyphenol t\u1eeb hoa nho, gi\u00fap duy tr\u00ec \u0111\u1ed9 \u1ea9m l\u00e2u d\u00e0i. Acid Hyaluronic gi\u00fap l\u00e0m \u0111\u1ea7y.<br \/>\nKho\u00e1ng ch\u1ea5t + vi l\u01b0\u1ee3ng + ch\u1ea5t ch\u1ed1ng oxy h\u00f3a polyphenols t\u1eeb hoa Vine<br \/>\nVitamine E b\u1ea3o v\u1ec7 t\u1eeb m\u1ea7m l\u00faa m\u00ec<br \/>\nOmegas 6 dinh d\u01b0\u1ee1ng t\u1eeb h\u1ea1t m\u00e8<br \/>\nC\u00e2y h\u1ea1t m\u1ee1 gi\u00fap tr\u1ebb h\u00f3a l\u00e0n da<br \/>\nKh\u00f4ng ch\u1ee9a Parabens, Silicone, d\u1ea7u kho\u00e1ng, ch\u1ea5t t\u1ea1o m\u00e0u<\/p>\n<p><strong>LO\u1ea0I DA PH\u00d9 H\u1ee2P<\/strong><br \/>\nDa m\u1ea5t n\u01b0\u1edbc, thi\u1ebfu \u1ea9m<\/p>\n<p><strong>C\u00c1CH S\u1eec D\u1ee4NG<\/strong><br \/>\nL\u1ea5y m\u1ed9t l\u01b0\u1ee3ng v\u1eeda \u0111\u1ee7 ra tay, thoa \u0111\u1ec1u l\u00ean khu v\u1ef1c c\u1ea7n d\u01b0\u1ee1ng \u1ea9m cho \u0111\u1ebfn khi s\u1ea3n ph\u1ea9m th\u1ea9m th\u1ea5u h\u1ebft. S\u1eed d\u1ee5ng s\u00e1ng v\u00e0 t\u1ed1i sau c\u00e1c b\u01b0\u1edbc l\u00e0m s\u1ea1ch, toner v\u00e0 serum.<\/p>\n","protected":false},"excerpt":{"rendered":"<p>M\u1ed9t lo\u1ea1i kem gi\u00e0u ch\u1ee9a h\u1ed7n h\u1ee3p acid hyaluronic, vitamin E t\u1eeb h\u1ea1t l\u00faa m\u00ec, c\u00e1c y\u1ebfu t\u1ed1 vi l\u01b0\u1ee3ng v\u00e0 polyphenol t\u1eeb hoa nho, gi\u00fap duy tr\u00ec \u0111\u1ed9 \u1ea9m l\u00e2u d\u00e0i. Acid Hyaluronic gi\u00fap l\u00e0m \u0111\u1ea7y.<\/p>\n","protected":false},"featured_media":1346,"comment_status":"open","ping_status":"closed","template":"","meta":{"site-sidebar-layout":"default","site-content-layout":"default","ast-global-header-display":"","ast-banner-title-visibility":"","ast-main-header-display":"","ast-hfb-above-header-display":"","ast-hfb-below-header-display":"","ast-hfb-mobile-header-display":"","site-post-title":"","ast-breadcrumbs-content":"","ast-featured-img":"","footer-sml-layout":"","theme-transparent-header-meta":"default","adv-header-id-meta":"","stick-header-meta":"","header-above-stick-meta":"","header-main-stick-meta":"","header-below-stick-meta":""},"product_cat":[37,41],"product_tag":[],"_links":{"self":[{"href":"https:\/\/oanhbeautyspa.com\/index.php\/wp-json\/wp\/v2\/product\/1156"}],"collection":[{"href":"https:\/\/oanhbeautyspa.com\/index.php\/wp-json\/wp\/v2\/product"}],"about":[{"href":"https:\/\/oanhbeautyspa.com\/index.php\/wp-json\/wp\/v2\/types\/product"}],"replies":[{"embeddable":true,"href":"https:\/\/oanhbeautyspa.com\/index.php\/wp-json\/wp\/v2\/comments?post=1156"}],"wp:featuredmedia":[{"embeddable":true,"href":"https:\/\/oanhbeautyspa.com\/index.php\/wp-json\/wp\/v2\/media\/1346"}],"wp:attachment":[{"href":"https:\/\/oanhbeautyspa.com\/index.php\/wp-json\/wp\/v2\/media?parent=1156"}],"wp:term":[{"taxonomy":"product_cat","embeddable":true,"href":"https:\/\/oanhbeautyspa.com\/index.php\/wp-json\/wp\/v2\/product_cat?post=1156"},{"taxonomy":"product_tag","embeddable":true,"href":"https:\/\/oanhbeautyspa.com\/index.php\/wp-json\/wp\/v2\/product_tag?post=1156"}],"curies":[{"name":"wp","href":"https:\/\/api.w.org\/{rel}","templated":true}]}}