{"id":1154,"date":"2023-10-10T12:43:58","date_gmt":"2023-10-10T11:43:58","guid":{"rendered":"https:\/\/oanhbeautyspa.com\/?post_type=product&#038;p=1154"},"modified":"2023-10-31T21:20:06","modified_gmt":"2023-10-31T21:20:06","slug":"tomato-hydra-silky-body-lotion-150ml","status":"publish","type":"product","link":"https:\/\/oanhbeautyspa.com\/index.php\/product\/tomato-hydra-silky-body-lotion-150ml\/","title":{"rendered":"Tomato Hydra Silky Body Lotion &#8211; 150ml"},"content":{"rendered":"<p>S\u1eefa d\u01b0\u1ee1ng th\u1ec3 s\u00e1ng m\u1ecbn v\u00e0 d\u01b0\u1ee1ng \u1ea9m chuy\u00ean s\u00e2u<\/p>\n<p><strong>C\u00d4NG D\u1ee4NG V\u00c0 TH\u00c0NH PH\u1ea6N CH\u00cdNH<\/strong><br \/>\nD\u01b0\u1ee1ng th\u1ec3 d\u1ea1ng s\u1eefa gi\u00fap da m\u1ec1m m\u01b0\u1ee3t, m\u1ecbn m\u00e0ng nh\u01b0 t\u01a1, chi\u1ebft xu\u1ea5t t\u1eeb x\u00e0 c\u1eeb v\u00e0 l\u00ea gai, s\u00e1p jojoba cung c\u1ea5p \u0111\u1ed9 \u1ea9m, nu\u00f4i d\u01b0\u1ee1ng, c\u00f9ng v\u1edbi li\u1ec7u ph\u00e1p l\u00e0m \u0111\u1eb9p gi\u00fap c\u01a1 th\u1ec3 th\u00eam r\u1ea1ng r\u1ee1. Lycopen t\u1eeb c\u00e0 chua h\u1eefu c\u01a1 gi\u00fap ch\u1ed1ng oxy h\u00f3a.<\/p>\n<p><strong>LO\u1ea0I DA PH\u00d9 H\u1ee2P<\/strong><br \/>\nT\u1ea5t c\u1ea3 lo\u1ea1i da<\/p>\n<p><strong>C\u00c1CH S\u1eec D\u1ee4NG<\/strong><br \/>\nThoa l\u00ean c\u01a1 th\u1ec3 ng\u00e0y 2 l\u1ea7n s\u00e1ng v\u00e0 t\u1ed1i.<br \/>\nC\u00f3 th\u1ec3 \u0111\u01b0\u1ee3c s\u1eed d\u1ee5ng nh\u01b0 m\u1ed9t s\u1ea3n ph\u1ea9m ch\u0103m s\u00f3c da h\u00e0ng ng\u00e0y ho\u1eb7c \u0111i\u1ec1u tr\u1ecb nhi\u1ec1u l\u1ea7n trong n\u0103m: chuy\u1ec3n m\u00f9a, tr\u01b0\u1edbc\/sau khi ra n\u1eafng.<br \/>\nN\u00ean d\u00f9ng k\u1ebft h\u1ee3p c\u00f9ng kem t\u1ea9y t\u1ebf b\u00e0o ch\u1ebft to\u00e0n th\u00e2n<\/p>\n","protected":false},"excerpt":{"rendered":"<p>D\u01b0\u1ee1ng th\u1ec3 d\u1ea1ng s\u1eefa gi\u00fap da m\u1ec1m m\u01b0\u1ee3t, m\u1ecbn m\u00e0ng nh\u01b0 t\u01a1, chi\u1ebft xu\u1ea5t t\u1eeb x\u00e0 c\u1eeb v\u00e0 l\u00ea gai, s\u00e1p jojoba cung c\u1ea5p \u0111\u1ed9 \u1ea9m, nu\u00f4i d\u01b0\u1ee1ng, c\u00f9ng v\u1edbi li\u1ec7u ph\u00e1p l\u00e0m \u0111\u1eb9p gi\u00fap c\u01a1 th\u1ec3 th\u00eam r\u1ea1ng r\u1ee1. Lycopen t\u1eeb c\u00e0 chua h\u1eefu c\u01a1 gi\u00fap ch\u1ed1ng oxy h\u00f3a.<\/p>\n","protected":false},"featured_media":1344,"comment_status":"open","ping_status":"closed","template":"","meta":{"site-sidebar-layout":"default","site-content-layout":"default","ast-global-header-display":"","ast-banner-title-visibility":"","ast-main-header-display":"","ast-hfb-above-header-display":"","ast-hfb-below-header-display":"","ast-hfb-mobile-header-display":"","site-post-title":"","ast-breadcrumbs-content":"","ast-featured-img":"","footer-sml-layout":"","theme-transparent-header-meta":"default","adv-header-id-meta":"","stick-header-meta":"","header-above-stick-meta":"","header-main-stick-meta":"","header-below-stick-meta":""},"product_cat":[37,51],"product_tag":[],"_links":{"self":[{"href":"https:\/\/oanhbeautyspa.com\/index.php\/wp-json\/wp\/v2\/product\/1154"}],"collection":[{"href":"https:\/\/oanhbeautyspa.com\/index.php\/wp-json\/wp\/v2\/product"}],"about":[{"href":"https:\/\/oanhbeautyspa.com\/index.php\/wp-json\/wp\/v2\/types\/product"}],"replies":[{"embeddable":true,"href":"https:\/\/oanhbeautyspa.com\/index.php\/wp-json\/wp\/v2\/comments?post=1154"}],"wp:featuredmedia":[{"embeddable":true,"href":"https:\/\/oanhbeautyspa.com\/index.php\/wp-json\/wp\/v2\/media\/1344"}],"wp:attachment":[{"href":"https:\/\/oanhbeautyspa.com\/index.php\/wp-json\/wp\/v2\/media?parent=1154"}],"wp:term":[{"taxonomy":"product_cat","embeddable":true,"href":"https:\/\/oanhbeautyspa.com\/index.php\/wp-json\/wp\/v2\/product_cat?post=1154"},{"taxonomy":"product_tag","embeddable":true,"href":"https:\/\/oanhbeautyspa.com\/index.php\/wp-json\/wp\/v2\/product_tag?post=1154"}],"curies":[{"name":"wp","href":"https:\/\/api.w.org\/{rel}","templated":true}]}}