{"id":1153,"date":"2023-10-10T12:43:53","date_gmt":"2023-10-10T11:43:53","guid":{"rendered":"https:\/\/oanhbeautyspa.com\/?post_type=product&#038;p=1153"},"modified":"2023-10-31T21:23:35","modified_gmt":"2023-10-31T21:23:35","slug":"tomato-cleansing-oil-200ml","status":"publish","type":"product","link":"https:\/\/oanhbeautyspa.com\/index.php\/product\/tomato-cleansing-oil-200ml\/","title":{"rendered":"Tomato Cleansing Oil &#8211; 200ml"},"content":{"rendered":"<p>D\u1ea7u t\u1ea9y trang m\u1ec1m m\u01b0\u1ee3t, s\u00e1ng da ho\u00e0n h\u1ea3o<\/p>\n<p><strong>C\u00d4NG D\u1ee4NG V\u00c0 TH\u00c0NH PH\u1ea6N CH\u00cdNH<\/strong><br \/>\nL\u00e0m s\u1ea1ch, t\u1ea9y trang to\u00e0n m\u1eb7t v\u1edbi d\u1ea1ng d\u1ea7u d\u1ec5 h\u00f2a tan t\u1eeb 3 lo\u1ea1i d\u1ea7u l\u00e0m \u0111\u1eb9p cao c\u1ea5p gi\u00fap l\u00e0m tan s\u1ea1ch v\u00e0 lo\u1ea1i b\u1ecf c\u00e1c l\u1edbp trang \u0111i\u1ec3m m\u1ed9t c\u00e1ch ho\u00e0n h\u1ea3o, k\u1ec3 c\u1ea3 c\u00e1c l\u1edbp trang \u0111i\u1ec3m d\u1ea1ng n\u1eb7ng, si\u00eau b\u00e1m hay c\u00e1c lo\u1ea1i trang \u0111i\u1ec3m ch\u1ed1ng tr\u00f4i, ch\u1ed1ng n\u01b0\u1edbc. V\u1edbi chi\u1ebft xu\u1ea5t Phytosterols t\u1eeb d\u1ea7u h\u1ea1t c\u00e0 chua h\u1eefu c\u01a1 v\u00e0 Vitamin E gi\u00fap ch\u1ed1ng m\u1ea5t \u1ea9m, l\u00e0m s\u00e1ng v\u00e0 t\u01b0\u01a1i m\u1edbi l\u00e0n da. Omega 6&amp;9 t\u1eeb d\u1ea7u h\u1ea1t nho, Gamma &#8211; Oryzanol t\u1eeb d\u1ea7u c\u00e1m g\u1ea1o nu\u00f4i d\u01b0\u01a1ng v\u00e0 b\u1ea3o v\u1ec7 da.<\/p>\n<p><strong>LO\u1ea0I DA PH\u00d9 H\u1ee2P<\/strong><br \/>\nDa c\u00f3 trang \u0111i\u1ec3m ti\u1ebfp x\u00fac v\u1edbi m\u00f4i tr\u01b0\u1eddng \u00f4 nhi\u1ec5m.<\/p>\n<p><strong>C\u00c1CH S\u1eec D\u1ee4NG<\/strong><br \/>\n&#8211; D\u00f9ng \u0111\u1ea7u ng\u00f3n tay thoa \u0111\u1ec1u s\u1ea3n ph\u1ea9m l\u00ean m\u1eb7t, m\u1eaft, di chuy\u1ec3n theo chuy\u1ec3n \u0111\u1ed9ng tr\u00f2n.<br \/>\n&#8211; Th\u00eam n\u01b0\u1edbc \u0111\u1ec3 chuy\u1ec3n d\u1ea1ng d\u1ea7u th\u00e0nh d\u1ea1ng s\u1eefa.<br \/>\n&#8211; R\u1eeda l\u1ea1i b\u1eb1ng n\u01b0\u1edbc s\u1ea1ch.<\/p>\n","protected":false},"excerpt":{"rendered":"<p>L\u00e0m s\u1ea1ch, t\u1ea9y trang to\u00e0n m\u1eb7t v\u1edbi d\u1ea1ng d\u1ea7u d\u1ec5 h\u00f2a tan t\u1eeb 3 lo\u1ea1i d\u1ea7u l\u00e0m \u0111\u1eb9p cao c\u1ea5p gi\u00fap l\u00e0m tan s\u1ea1ch v\u00e0 lo\u1ea1i b\u1ecf c\u00e1c l\u1edbp trang \u0111i\u1ec3m m\u1ed9t c\u00e1ch ho\u00e0n h\u1ea3o, k\u1ec3 c\u1ea3 c\u00e1c l\u1edbp trang \u0111i\u1ec3m d\u1ea1ng n\u1eb7ng, si\u00eau b\u00e1m hay c\u00e1c lo\u1ea1i trang \u0111i\u1ec3m ch\u1ed1ng tr\u00f4i, ch\u1ed1ng n\u01b0\u1edbc. V\u1edbi chi\u1ebft xu\u1ea5t Phytosterols t\u1eeb d\u1ea7u h\u1ea1t c\u00e0 chua h\u1eefu c\u01a1 v\u00e0 Vitamin E gi\u00fap ch\u1ed1ng m\u1ea5t \u1ea9m, l\u00e0m s\u00e1ng v\u00e0 t\u01b0\u01a1i m\u1edbi l\u00e0n da. Omega 6&amp;9 t\u1eeb d\u1ea7u h\u1ea1t nho, Gamma &#8211; Oryzanol t\u1eeb d\u1ea7u c\u00e1m g\u1ea1o nu\u00f4i d\u01b0\u01a1ng v\u00e0 b\u1ea3o v\u1ec7 da.<\/p>\n","protected":false},"featured_media":1343,"comment_status":"open","ping_status":"closed","template":"","meta":{"site-sidebar-layout":"default","site-content-layout":"default","ast-global-header-display":"","ast-banner-title-visibility":"","ast-main-header-display":"","ast-hfb-above-header-display":"","ast-hfb-below-header-display":"","ast-hfb-mobile-header-display":"","site-post-title":"","ast-breadcrumbs-content":"","ast-featured-img":"","footer-sml-layout":"","theme-transparent-header-meta":"default","adv-header-id-meta":"","stick-header-meta":"","header-above-stick-meta":"","header-main-stick-meta":"","header-below-stick-meta":""},"product_cat":[37,43],"product_tag":[],"_links":{"self":[{"href":"https:\/\/oanhbeautyspa.com\/index.php\/wp-json\/wp\/v2\/product\/1153"}],"collection":[{"href":"https:\/\/oanhbeautyspa.com\/index.php\/wp-json\/wp\/v2\/product"}],"about":[{"href":"https:\/\/oanhbeautyspa.com\/index.php\/wp-json\/wp\/v2\/types\/product"}],"replies":[{"embeddable":true,"href":"https:\/\/oanhbeautyspa.com\/index.php\/wp-json\/wp\/v2\/comments?post=1153"}],"wp:featuredmedia":[{"embeddable":true,"href":"https:\/\/oanhbeautyspa.com\/index.php\/wp-json\/wp\/v2\/media\/1343"}],"wp:attachment":[{"href":"https:\/\/oanhbeautyspa.com\/index.php\/wp-json\/wp\/v2\/media?parent=1153"}],"wp:term":[{"taxonomy":"product_cat","embeddable":true,"href":"https:\/\/oanhbeautyspa.com\/index.php\/wp-json\/wp\/v2\/product_cat?post=1153"},{"taxonomy":"product_tag","embeddable":true,"href":"https:\/\/oanhbeautyspa.com\/index.php\/wp-json\/wp\/v2\/product_tag?post=1153"}],"curies":[{"name":"wp","href":"https:\/\/api.w.org\/{rel}","templated":true}]}}