{"id":1150,"date":"2023-10-10T12:43:53","date_gmt":"2023-10-10T11:43:53","guid":{"rendered":"https:\/\/oanhbeautyspa.com\/?post_type=product&#038;p=1150"},"modified":"2024-07-05T18:13:14","modified_gmt":"2024-07-05T17:13:14","slug":"tomato-radiance-toner-200ml","status":"publish","type":"product","link":"https:\/\/oanhbeautyspa.com\/index.php\/product\/tomato-radiance-toner-200ml\/","title":{"rendered":"Tomato Radiance Toner &#8211; 200ml"},"content":{"rendered":"<p>Dung d\u1ecbch c\u00e2n b\u1eb1ng d\u1ea7u n\u01b0\u1edbc, ch\u1ed1ng oxy h\u00f3a, s\u00e1ng da ho\u00e0n h\u1ea3o<\/p>\n<p><strong>C\u00d4NG D\u1ee4NG V\u00c0 TH\u00c0NH PH\u1ea6N CH\u00cdNH<\/strong><br \/>\nLo\u1ea1i n\u01b0\u1edbc d\u01b0\u1ee1ng \u1ea9m l\u00e0m \u0111\u1eb9p ch\u1ed1ng oxy h\u00f3a, gi\u00fap l\u00e0n da th\u00eam t\u01b0\u01a1i s\u00e1ng r\u1ea1ng r\u1ee1 v\u00e0 s\u0103n ch\u1eafc, m\u1ecbn k\u1ebft c\u1ea5u da m\u1ed9t c\u00e1ch \u1ea5n t\u01b0\u1ee3ng, \u0111\u1ed3ng th\u1eddi c\u1ee7ng c\u1ed1 s\u1ef1 b\u1ea3o v\u1ec7 t\u1ef1 nhi\u00ean c\u1ee7a l\u00e0n da b\u1ea1n trong su\u1ed1t ng\u00e0y d\u00e0i.<br \/>\nLactic Probiotics gi\u00fap kh\u1ecfe da, t\u0103ng \u0111\u1ec1 kh\u00e1ng<br \/>\nChi\u1ebft xu\u1ea5t v\u1ecf c\u00e0 chua h\u00f3a l\u1ecfng gi\u00fap t\u0103ng d\u1ed9 s\u00e1ng r\u1ea1ng r\u1ee1 c\u1ee7a da v\u00e0 ch\u1ed1ng oxy h\u00f3a,<br \/>\nChi\u1ebft xu\u1ea5t t\u1eeb n\u1ea5m tr\u1eafng Agaric l\u00e0m m\u1ecbn da v\u00e0 se kh\u00edt l\u1ed7 ch\u00e2n l\u00f4ng.<br \/>\nKh\u00f4ng ch\u1ee9a Parabens, Silicones, d\u1ea7u kho\u00e1ng.<\/p>\n<p><strong>LO\u1ea0I DA PH\u00d9 H\u1ee2P<\/strong><br \/>\nPh\u00f9 h\u1ee3p t\u1ea5t c\u1ea3 m\u1ecdi lo\u1ea1i da<\/p>\n<p><strong>C\u00c1CH S\u1eec D\u1ee4NG<\/strong><br \/>\nD\u00f9ng sau b\u01b0\u1edbc l\u00e0m sach ho\u1eb7c sau khi \u0111\u1eafp m\u1eb7t n\u1ea1<br \/>\n&#8211; Cho s\u1ea3n ph\u1ea9m th\u1ea5m \u0111\u1eabm l\u00ean mi\u1ebfng cotton, thoa \u0111\u1ec1u l\u00ean da \u0111\u1ec3 c\u00e2n b\u1eb1ng, s\u0103n ch\u1eafc, m\u1ecbn da<br \/>\n&#8211; Cho s\u1ea3n ph\u1ea9m ra l\u00f2ng b\u00e0n tay, d\u00f9ng ng\u00f3n tay thoa \u0111\u1ec1u v\u00e0 chuy\u1ec3n \u0111\u1ed9ng tr\u00f2n nh\u1eb9 nh\u00e0ng l\u00ean m\u1eb7t, c\u1ed5 \u0111\u1ec3 c\u1ee7ng c\u1ed1 \u0111\u1ed9 s\u0103n ch\u1eafc v\u00e0 gi\u00fap da m\u1ecbn m\u00e0ng h\u01a1n.<\/p>\n","protected":false},"excerpt":{"rendered":"<p>Lo\u1ea1i n\u01b0\u1edbc d\u01b0\u1ee1ng \u1ea9m l\u00e0m \u0111\u1eb9p ch\u1ed1ng oxy h\u00f3a, gi\u00fap l\u00e0n da th\u00eam t\u01b0\u01a1i s\u00e1ng r\u1ea1ng r\u1ee1 v\u00e0 s\u0103n ch\u1eafc, m\u1ecbn k\u1ebft c\u1ea5u da m\u1ed9t c\u00e1ch \u1ea5n t\u01b0\u1ee3ng, \u0111\u1ed3ng th\u1eddi c\u1ee7ng c\u1ed1 s\u1ef1 b\u1ea3o v\u1ec7 t\u1ef1 nhi\u00ean c\u1ee7a l\u00e0n da b\u1ea1n trong su\u1ed1t ng\u00e0y d\u00e0i.<\/p>\n","protected":false},"featured_media":2707,"comment_status":"open","ping_status":"closed","template":"","meta":{"site-sidebar-layout":"default","site-content-layout":"default","ast-global-header-display":"","ast-banner-title-visibility":"","ast-main-header-display":"","ast-hfb-above-header-display":"","ast-hfb-below-header-display":"","ast-hfb-mobile-header-display":"","site-post-title":"","ast-breadcrumbs-content":"","ast-featured-img":"","footer-sml-layout":"","theme-transparent-header-meta":"default","adv-header-id-meta":"","stick-header-meta":"","header-above-stick-meta":"","header-main-stick-meta":"","header-below-stick-meta":""},"product_cat":[37,45],"product_tag":[],"_links":{"self":[{"href":"https:\/\/oanhbeautyspa.com\/index.php\/wp-json\/wp\/v2\/product\/1150"}],"collection":[{"href":"https:\/\/oanhbeautyspa.com\/index.php\/wp-json\/wp\/v2\/product"}],"about":[{"href":"https:\/\/oanhbeautyspa.com\/index.php\/wp-json\/wp\/v2\/types\/product"}],"replies":[{"embeddable":true,"href":"https:\/\/oanhbeautyspa.com\/index.php\/wp-json\/wp\/v2\/comments?post=1150"}],"wp:featuredmedia":[{"embeddable":true,"href":"https:\/\/oanhbeautyspa.com\/index.php\/wp-json\/wp\/v2\/media\/2707"}],"wp:attachment":[{"href":"https:\/\/oanhbeautyspa.com\/index.php\/wp-json\/wp\/v2\/media?parent=1150"}],"wp:term":[{"taxonomy":"product_cat","embeddable":true,"href":"https:\/\/oanhbeautyspa.com\/index.php\/wp-json\/wp\/v2\/product_cat?post=1150"},{"taxonomy":"product_tag","embeddable":true,"href":"https:\/\/oanhbeautyspa.com\/index.php\/wp-json\/wp\/v2\/product_tag?post=1150"}],"curies":[{"name":"wp","href":"https:\/\/api.w.org\/{rel}","templated":true}]}}