{"id":1149,"date":"2023-10-10T12:43:53","date_gmt":"2023-10-10T11:43:53","guid":{"rendered":"https:\/\/oanhbeautyspa.com\/?post_type=product&#038;p=1149"},"modified":"2024-07-05T18:41:22","modified_gmt":"2024-07-05T17:41:22","slug":"tomato-cleansing-cream-bar-100gr","status":"publish","type":"product","link":"https:\/\/oanhbeautyspa.com\/index.php\/product\/tomato-cleansing-cream-bar-100gr\/","title":{"rendered":"Tomato Cleansing Cream Bar 100gr"},"content":{"rendered":"<p>Thanh soap-free r\u1eeda m\u1eb7t \u00eam d\u1ecbu, s\u1ea1ch s\u00e2u s\u00e1ng da ho\u00e0n h\u1ea3o<\/p>\n<p><strong>C\u00d4NG D\u1ee4NG V\u00c0 TH\u00c0NH PH\u1ea6N CH\u00cdNH<\/strong><br \/>\nB\u00e1nh r\u1eeda m\u1eb7t kem l\u1ea1nh s\u1eed d\u1ee5ng cho m\u1eb7t v\u00e0 c\u01a1 th\u1ec3, c\u1ea5p \u1ea9m, l\u00e0m m\u1ec1m da. S\u1ea3n ph\u1ea9m l\u00e0m s\u1ea1ch s\u00e2u nh\u1edd chi\u1ebft xu\u1ea5t t\u1eeb c\u00e2y ch\u00f9m ng\u00e2y gi\u00fap da thanh s\u1ea1ch. Chi\u1ebft xu\u1ea5t t\u1eeb c\u00e0 chua h\u1eefu c\u01a1 gi\u00fap l\u00e0m d\u1ecbu da, ch\u1ed1ng oxy h\u00f3a v\u00e0 b\u1ea3o v\u1ec7 da.<br \/>\nB\u00e1nh r\u1eeda m\u1eb7t soap-free kh\u00f4ng ch\u1ee9a x\u00e0 ph\u00f2ng, kh\u00f4ng ch\u1ee9a Parabens, Silicones v\u00e0 ch\u1ea5t t\u1ea1o m\u00e0u<\/p>\n<p><strong>LO\u1ea0I DA PH\u00d9 H\u1ee2P<\/strong><br \/>\nPh\u00f9 h\u1ee3p v\u1edbi m\u1ecdi lo\u1ea1i da k\u1ec3 c\u1ea3 da nh\u1ea1y c\u1ea3m<\/p>\n<p><strong>C\u00c1CH S\u1eec D\u1ee4NG<\/strong><br \/>\n1. T\u1ea1o b\u1ecdt d\u01b0\u1edbi n\u01b0\u1edbc trong l\u00f2ng b\u00e0n tay, sau \u0111\u00f3 th\u1ef1c hi\u1ec7n c\u00e1c \u0111\u1ed9ng t\u00e1c tr\u00f2n tr\u00ean m\u1eb7t v\u00e0 c\u1ed5 \u0111\u1ec3 tan h\u1ebft b\u1ee5i b\u1ea9n. R\u1eeda s\u1ea1ch v\u00e0 lau kh\u00f4 nh\u1eb9 nh\u00e0ng.<\/p>\n<p>2. Ho\u1eb7c t\u1ea1o b\u1ecdt tr\u00ean thanh kem l\u1ea1nh v\u1edbi ch\u1ed5i Ella Brush \u01b0\u1edbt r\u1ed3i xoa theo chuy\u1ec3n \u0111\u1ed9ng tr\u00f2n tr\u00ean m\u1eb7t v\u00e0 c\u1ed5 \u0111\u1ec3 h\u00f2a tan c\u00e1c ch\u1ea5t b\u1ea9n. R\u1eeda l\u1ea1i v\u1edbi n\u01b0\u1edbc v\u00e0 th\u1ea5m kh\u00f4<\/p>\n","protected":false},"excerpt":{"rendered":"<p>B\u00e1nh r\u1eeda m\u1eb7t kem l\u1ea1nh s\u1eed d\u1ee5ng cho m\u1eb7t v\u00e0 c\u01a1 th\u1ec3, c\u1ea5p \u1ea9m, l\u00e0m m\u1ec1m da. S\u1ea3n ph\u1ea9m l\u00e0m s\u1ea1ch s\u00e2u nh\u1edd chi\u1ebft xu\u1ea5t t\u1eeb c\u00e2y ch\u00f9m ng\u00e2y gi\u00fap da thanh s\u1ea1ch. Chi\u1ebft xu\u1ea5t t\u1eeb c\u00e0 chua h\u1eefu c\u01a1 gi\u00fap l\u00e0m d\u1ecbu da, ch\u1ed1ng oxy h\u00f3a v\u00e0 b\u1ea3o v\u1ec7 da.<br \/>\nB\u00e1nh r\u1eeda m\u1eb7t soap-free kh\u00f4ng ch\u1ee9a x\u00e0 ph\u00f2ng, kh\u00f4ng ch\u1ee9a Parabens, Silicones v\u00e0 ch\u1ea5t t\u1ea1o m\u00e0u<\/p>\n","protected":false},"featured_media":2713,"comment_status":"open","ping_status":"closed","template":"","meta":{"site-sidebar-layout":"default","site-content-layout":"default","ast-global-header-display":"","ast-banner-title-visibility":"","ast-main-header-display":"","ast-hfb-above-header-display":"","ast-hfb-below-header-display":"","ast-hfb-mobile-header-display":"","site-post-title":"","ast-breadcrumbs-content":"","ast-featured-img":"","footer-sml-layout":"","theme-transparent-header-meta":"default","adv-header-id-meta":"","stick-header-meta":"","header-above-stick-meta":"","header-main-stick-meta":"","header-below-stick-meta":""},"product_cat":[37,44],"product_tag":[],"_links":{"self":[{"href":"https:\/\/oanhbeautyspa.com\/index.php\/wp-json\/wp\/v2\/product\/1149"}],"collection":[{"href":"https:\/\/oanhbeautyspa.com\/index.php\/wp-json\/wp\/v2\/product"}],"about":[{"href":"https:\/\/oanhbeautyspa.com\/index.php\/wp-json\/wp\/v2\/types\/product"}],"replies":[{"embeddable":true,"href":"https:\/\/oanhbeautyspa.com\/index.php\/wp-json\/wp\/v2\/comments?post=1149"}],"wp:featuredmedia":[{"embeddable":true,"href":"https:\/\/oanhbeautyspa.com\/index.php\/wp-json\/wp\/v2\/media\/2713"}],"wp:attachment":[{"href":"https:\/\/oanhbeautyspa.com\/index.php\/wp-json\/wp\/v2\/media?parent=1149"}],"wp:term":[{"taxonomy":"product_cat","embeddable":true,"href":"https:\/\/oanhbeautyspa.com\/index.php\/wp-json\/wp\/v2\/product_cat?post=1149"},{"taxonomy":"product_tag","embeddable":true,"href":"https:\/\/oanhbeautyspa.com\/index.php\/wp-json\/wp\/v2\/product_tag?post=1149"}],"curies":[{"name":"wp","href":"https:\/\/api.w.org\/{rel}","templated":true}]}}