{"id":1146,"date":"2023-10-10T12:43:52","date_gmt":"2023-10-10T11:43:52","guid":{"rendered":"https:\/\/oanhbeautyspa.com\/?post_type=product&#038;p=1146"},"modified":"2023-10-31T21:25:36","modified_gmt":"2023-10-31T21:25:36","slug":"brightening-bi-phase-veil-spf45pa-45ml","status":"publish","type":"product","link":"https:\/\/oanhbeautyspa.com\/index.php\/product\/brightening-bi-phase-veil-spf45pa-45ml\/","title":{"rendered":"Brightening Bi- Phase Veil Spf45Pa+++ &#8211; 45ml"},"content":{"rendered":"<p>Nh\u0169 t\u01b0\u01a1ng ch\u1ed1ng n\u1eafng tr\u1eafng da, phi\u00ean b\u1ea3n m\u00e0ng l\u1ecdc kho\u00e1ng ch\u1ea5t ch\u1ed1ng \u00f4 nhi\u1ec5m v\u00e0 kh\u00e1ng tia, hi\u1ec7u ch\u1ec9nh m\u00e0u s\u1eafc th\u00f4ng minh, ch\u1ec9 s\u1ed1 SPF 45 PA++<\/p>\n<p><strong>C\u00d4NG D\u1ee4NG V\u00c0 TH\u00c0NH PH\u1ea6N CH\u00cdNH<\/strong><br \/>\nChi\u1ebft xu\u1ea5t N\u1ea5m l\u00ean men Thermus, N\u1ea5m Bifida, m\u00e0ng l\u1ecdc ch\u1ee9a 100% kho\u00e1ng ch\u1ea5t v\u00e0 c\u00e1c y\u1ebfu t\u1ed1 ch\u1ed1ng oxy h\u00f3a. C\u00f3 ch\u1ee9c n\u0103ng nh\u01b0 m\u1ed9t chi\u1ebfc k\u00e9n tinh khi\u1ebft b\u1ea3o v\u1ec7 da an to\u00e0n tuy\u1ec7t \u0111\u1ed1i d\u01b0\u1edbi \u00e1nh n\u1eafng m\u1eb7t tr\u1eddi v\u00e0 c\u00e1i n\u00f3ng kh\u1eafc nghi\u1ec7t c\u1ee7a v\u00f9ng Ch\u00e2u \u00c1. C\u00f3 kh\u1ea3 n\u0103ng lo\u1ea1i tr\u1eeb m\u1ecdi t\u00e1c nh\u00e2n g\u00e2y \u00f4 nhi\u1ec5m, ng\u0103n ch\u1eb7n t\u1eadn g\u1ed1c qu\u00e1 tr\u00ecnh t\u1ed5ng h\u1ee3p h\u1eafc t\u1ed1 s\u00e2u trong t\u1ebf b\u00e0o. Gi\u00fap da tr\u1eafng h\u1ed3ng r\u1ea1ng r\u1ee1. C\u00f3 th\u1ec3 s\u1eed d\u1ee5ng nh\u01b0 kem l\u00f3t trang \u0111i\u1ec3m.<\/p>\n<p><strong>LO\u1ea0I DA PH\u00d9 H\u1ee2P<\/strong><br \/>\nH\u1ed7 tr\u1ee3: Da b\u1ecb t\u00e1c \u0111\u1ed9ng b\u1edfi \u00f4 nhi\u1ec5m \u0111\u00f4 th\u1ecb, b\u1ea3o v\u1ec7 UVA\/UVB<br \/>\nLo\u1ea1i da: M\u1ecdi lo\u1ea1i da<\/p>\n<p><strong>C\u00c1CH S\u1eec D\u1ee4NG<\/strong><br \/>\nS\u1eed d\u1ee5ng l\u00e0m l\u1edbp b\u1ea3o v\u1ec7 cho da. L\u1eafc \u0111\u1ec1u tr\u01b0\u1edbc khi s\u1eed d\u1ee5ng. N\u00ean k\u1ebft h\u1ee3p v\u1edbi c\u00e1c sp dinh d\u01b0\u1ee1ng kh\u00e1c \u0111\u1ec3 \u0111\u1ea1t hi\u1ec7u qu\u1ea3 cao h\u01a1n.<\/p>\n","protected":false},"excerpt":{"rendered":"<p>Chi\u1ebft xu\u1ea5t N\u1ea5m l\u00ean men Thermus, N\u1ea5m Bifida, m\u00e0ng l\u1ecdc ch\u1ee9a 100% kho\u00e1ng ch\u1ea5t v\u00e0 c\u00e1c y\u1ebfu t\u1ed1 ch\u1ed1ng oxy h\u00f3a. C\u00f3 ch\u1ee9c n\u0103ng nh\u01b0 m\u1ed9t chi\u1ebfc k\u00e9n tinh khi\u1ebft b\u1ea3o v\u1ec7 da an to\u00e0n tuy\u1ec7t \u0111\u1ed1i d\u01b0\u1edbi \u00e1nh n\u1eafng m\u1eb7t tr\u1eddi v\u00e0 c\u00e1i n\u00f3ng kh\u1eafc nghi\u1ec7t c\u1ee7a v\u00f9ng Ch\u00e2u \u00c1. C\u00f3 kh\u1ea3 n\u0103ng lo\u1ea1i tr\u1eeb m\u1ecdi t\u00e1c nh\u00e2n g\u00e2y \u00f4 nhi\u1ec5m, ng\u0103n ch\u1eb7n t\u1eadn g\u1ed1c qu\u00e1 tr\u00ecnh t\u1ed5ng h\u1ee3p h\u1eafc t\u1ed1 s\u00e2u trong t\u1ebf b\u00e0o. Gi\u00fap da tr\u1eafng h\u1ed3ng r\u1ea1ng r\u1ee1. C\u00f3 th\u1ec3 s\u1eed d\u1ee5ng nh\u01b0 kem l\u00f3t trang \u0111i\u1ec3m.<\/p>\n","protected":false},"featured_media":1336,"comment_status":"open","ping_status":"closed","template":"","meta":{"site-sidebar-layout":"default","site-content-layout":"default","ast-global-header-display":"","ast-banner-title-visibility":"","ast-main-header-display":"","ast-hfb-above-header-display":"","ast-hfb-below-header-display":"","ast-hfb-mobile-header-display":"","site-post-title":"","ast-breadcrumbs-content":"","ast-featured-img":"","footer-sml-layout":"","theme-transparent-header-meta":"default","adv-header-id-meta":"","stick-header-meta":"","header-above-stick-meta":"","header-main-stick-meta":"","header-below-stick-meta":""},"product_cat":[36,54],"product_tag":[],"_links":{"self":[{"href":"https:\/\/oanhbeautyspa.com\/index.php\/wp-json\/wp\/v2\/product\/1146"}],"collection":[{"href":"https:\/\/oanhbeautyspa.com\/index.php\/wp-json\/wp\/v2\/product"}],"about":[{"href":"https:\/\/oanhbeautyspa.com\/index.php\/wp-json\/wp\/v2\/types\/product"}],"replies":[{"embeddable":true,"href":"https:\/\/oanhbeautyspa.com\/index.php\/wp-json\/wp\/v2\/comments?post=1146"}],"wp:featuredmedia":[{"embeddable":true,"href":"https:\/\/oanhbeautyspa.com\/index.php\/wp-json\/wp\/v2\/media\/1336"}],"wp:attachment":[{"href":"https:\/\/oanhbeautyspa.com\/index.php\/wp-json\/wp\/v2\/media?parent=1146"}],"wp:term":[{"taxonomy":"product_cat","embeddable":true,"href":"https:\/\/oanhbeautyspa.com\/index.php\/wp-json\/wp\/v2\/product_cat?post=1146"},{"taxonomy":"product_tag","embeddable":true,"href":"https:\/\/oanhbeautyspa.com\/index.php\/wp-json\/wp\/v2\/product_tag?post=1146"}],"curies":[{"name":"wp","href":"https:\/\/api.w.org\/{rel}","templated":true}]}}