{"id":1145,"date":"2023-10-10T12:43:52","date_gmt":"2023-10-10T11:43:52","guid":{"rendered":"https:\/\/oanhbeautyspa.com\/?post_type=product&#038;p=1145"},"modified":"2023-10-31T21:25:51","modified_gmt":"2023-10-31T21:25:51","slug":"daytime-brightening-power-emulsion-50ml","status":"publish","type":"product","link":"https:\/\/oanhbeautyspa.com\/index.php\/product\/daytime-brightening-power-emulsion-50ml\/","title":{"rendered":"Daytime Brightening Power Emulsion &#8211; 50ml"},"content":{"rendered":"<p>Kem d\u01b0\u1ee1ng tr\u1eafng to\u00e0n di\u1ec7n da ban ng\u00e0y<\/p>\n<p><strong>C\u00d4NG D\u1ee4NG V\u00c0 TH\u00c0NH PH\u1ea6N CH\u00cdNH<\/strong><br \/>\nKem d\u01b0\u1ee1ng \u1ea9m, tr\u1eafng s\u00e1ng da \u0111\u1ed9t ph\u00e1 v\u1edbi k\u1ebft c\u1ea5u si\u00eau nh\u1eb9 nh\u01b0ng gi\u00e0u d\u01b0\u1ee1ng ch\u1ea5t thi\u1ebft y\u1ebfu, gi\u00e0u dinh d\u01b0\u1ee1ng, ch\u1ee9a h\u1ee3p ch\u1ea5t ch\u1ed1ng oxy h\u00f3a v\u00e0 h\u1ee3p ch\u1ea5t chi\u1ebft xu\u1ea5t t\u1eeb R\u1ec5 cam th\u1ea3o, Chi\u1ebft xu\u1ea5t qu\u1ea3 m\u1eadn, t\u1ea3o \u0111\u1ecf, v\u00e0 h\u1ee3p ch\u1ea5t Cellactel 2, c\u00f9ng c\u00f4ng ngh\u1ec7 tr\u1eafng s\u00e1ng \u0111\u1ed9t ph\u00e1 HD White. Kem c\u00f3 kh\u1ea3 n\u0103ng gi\u1ea3m c\u00e1c ph\u1ea3n \u1ee9ng vi\u00eam v\u00e0 t\u00ecnh tr\u1ea1ng m\u1ea5t c\u00e2n b\u1eb1ng tr\u00ean da, ng\u0103n ch\u1eb7n t\u00ecnh tr\u1ea1ng r\u1ed1i lo\u1ea1n, t\u0103ng sinh s\u1eafc t\u1ed1 da v\u00e0o ban ng\u00e0y, \u0111\u00e0o th\u1ea3i d\u1ea7n l\u1edbp melanin n\u1eb1m s\u00e2u d\u01b0\u1edbi da v\u00e0 l\u00e0m m\u1edd \u0111\u1ed1m n\u00e2u. T\u0103ng c\u01b0\u1eddng h\u1ec7 mi\u1ec5n d\u1ecbch, b\u1ea3o v\u1ec7 da kh\u1ecfi c\u00e1c t\u00e1c nh\u00e2n g\u00e2y h\u1ea1i t\u1eeb m\u00f4i tr\u01b0\u1eddng \u00f4 nhi\u1ec5m. L\u00e0 l\u1edbp n\u1ec1n ho\u00e0n h\u1ea3o d\u1ec5 d\u00e0ng k\u1ebft h\u1ee3p v\u1edbi b\u1ea5t k\u1ef3 lo\u1ea1i ch\u1ed1ng n\u1eafng hay lo\u1ea1i kem trang \u0111i\u1ec3m.<\/p>\n<p><strong>LO\u1ea0I DA PH\u00d9 H\u1ee2P<\/strong><br \/>\nH\u1ed7 tr\u1ee3: Da kh\u00f4ng \u0111\u1ec1u m\u00e0u, da m\u1ea5t n\u01b0\u1edbc, s\u1ea1m n\u00e1m, \u1ea3nh h\u01b0\u1edfng \u0111\u1eddi s\u1ed1ng \u00f4 nhi\u1ec5m \u0111\u00f4 th\u1ecb<br \/>\nLo\u1ea1i da: Da th\u01b0\u1eddng, da kh\u00f4 h\u1ed7n h\u1ee3p<\/p>\n<p><strong>C\u00c1CH S\u1eec D\u1ee4NG<\/strong><br \/>\nS\u1eed d\u1ee5ng v\u00e0o bu\u1ed5i s\u00e1ng sau khi r\u1eeda m\u1eb7t s\u1ea1ch v\u00e0 d\u00f9ng sau b\u01b0\u1edbc Brightening Diamond Serum. L\u1ea5y m\u1ed9t l\u01b0\u1ee3ng kem v\u1eeba \u0111\u1ee7 ra l\u00f2ng b\u00e0n tay, massage nh\u1eb9 nh\u00e0ng v\u00e0 v\u1ed7 \u0111\u1ec1u l\u00ean m\u1eb7t. Kem d\u01b0\u1ee1ng tr\u1eafng to\u00e0n di\u1ec7n da ban ng\u00e0y c\u00f3 th\u1ec3 d\u00f9ng li\u00ean t\u1ee5c quanh n\u0103m \u0111\u1ec3 nu\u00f4i d\u01b0\u1ee1ng da lu\u00f4n tr\u1eafng s\u00e1ng. L\u01b0u \u00fd c\u1ea7n d\u00f9ng kem ch\u1ed1ng n\u1eafng c\u00f3 ch\u1ec9 s\u1ed1 SPF th\u00edch h\u1ee3p \u0111\u1ec3 b\u1ea3o v\u1ec7 da v\u00e0o ban ng\u00e0y l\u00e0 Brightening Bi-Phase Veil SPF PA 45+++<\/p>\n","protected":false},"excerpt":{"rendered":"<p>Kem d\u01b0\u1ee1ng \u1ea9m, tr\u1eafng s\u00e1ng da \u0111\u1ed9t ph\u00e1 v\u1edbi k\u1ebft c\u1ea5u si\u00eau nh\u1eb9 nh\u01b0ng gi\u00e0u d\u01b0\u1ee1ng ch\u1ea5t thi\u1ebft y\u1ebfu, gi\u00e0u dinh d\u01b0\u1ee1ng, ch\u1ee9a h\u1ee3p ch\u1ea5t ch\u1ed1ng oxy h\u00f3a v\u00e0 h\u1ee3p ch\u1ea5t chi\u1ebft xu\u1ea5t t\u1eeb R\u1ec5 cam th\u1ea3o, Chi\u1ebft xu\u1ea5t qu\u1ea3 m\u1eadn, t\u1ea3o \u0111\u1ecf, v\u00e0 h\u1ee3p ch\u1ea5t Cellactel 2, c\u00f9ng c\u00f4ng ngh\u1ec7 tr\u1eafng s\u00e1ng \u0111\u1ed9t ph\u00e1 HD White. Kem c\u00f3 kh\u1ea3 n\u0103ng gi\u1ea3m c\u00e1c ph\u1ea3n \u1ee9ng vi\u00eam v\u00e0 t\u00ecnh tr\u1ea1ng m\u1ea5t c\u00e2n b\u1eb1ng tr\u00ean da, ng\u0103n ch\u1eb7n t\u00ecnh tr\u1ea1ng r\u1ed1i lo\u1ea1n, t\u0103ng sinh s\u1eafc t\u1ed1 da v\u00e0o ban ng\u00e0y, \u0111\u00e0o th\u1ea3i d\u1ea7n l\u1edbp melanin n\u1eb1m s\u00e2u d\u01b0\u1edbi da v\u00e0 l\u00e0m m\u1edd \u0111\u1ed1m n\u00e2u. T\u0103ng c\u01b0\u1eddng h\u1ec7 mi\u1ec5n d\u1ecbch, b\u1ea3o v\u1ec7 da kh\u1ecfi c\u00e1c t\u00e1c nh\u00e2n g\u00e2y h\u1ea1i t\u1eeb m\u00f4i tr\u01b0\u1eddng \u00f4 nhi\u1ec5m. L\u00e0 l\u1edbp n\u1ec1n ho\u00e0n h\u1ea3o d\u1ec5 d\u00e0ng k\u1ebft h\u1ee3p v\u1edbi b\u1ea5t k\u1ef3 lo\u1ea1i ch\u1ed1ng n\u1eafng hay lo\u1ea1i kem trang \u0111i\u1ec3m.<\/p>\n<p>&nbsp;<\/p>\n","protected":false},"featured_media":1335,"comment_status":"open","ping_status":"closed","template":"","meta":{"site-sidebar-layout":"default","site-content-layout":"default","ast-global-header-display":"","ast-banner-title-visibility":"","ast-main-header-display":"","ast-hfb-above-header-display":"","ast-hfb-below-header-display":"","ast-hfb-mobile-header-display":"","site-post-title":"","ast-breadcrumbs-content":"","ast-featured-img":"","footer-sml-layout":"","theme-transparent-header-meta":"default","adv-header-id-meta":"","stick-header-meta":"","header-above-stick-meta":"","header-main-stick-meta":"","header-below-stick-meta":""},"product_cat":[36,41],"product_tag":[],"_links":{"self":[{"href":"https:\/\/oanhbeautyspa.com\/index.php\/wp-json\/wp\/v2\/product\/1145"}],"collection":[{"href":"https:\/\/oanhbeautyspa.com\/index.php\/wp-json\/wp\/v2\/product"}],"about":[{"href":"https:\/\/oanhbeautyspa.com\/index.php\/wp-json\/wp\/v2\/types\/product"}],"replies":[{"embeddable":true,"href":"https:\/\/oanhbeautyspa.com\/index.php\/wp-json\/wp\/v2\/comments?post=1145"}],"wp:featuredmedia":[{"embeddable":true,"href":"https:\/\/oanhbeautyspa.com\/index.php\/wp-json\/wp\/v2\/media\/1335"}],"wp:attachment":[{"href":"https:\/\/oanhbeautyspa.com\/index.php\/wp-json\/wp\/v2\/media?parent=1145"}],"wp:term":[{"taxonomy":"product_cat","embeddable":true,"href":"https:\/\/oanhbeautyspa.com\/index.php\/wp-json\/wp\/v2\/product_cat?post=1145"},{"taxonomy":"product_tag","embeddable":true,"href":"https:\/\/oanhbeautyspa.com\/index.php\/wp-json\/wp\/v2\/product_tag?post=1145"}],"curies":[{"name":"wp","href":"https:\/\/api.w.org\/{rel}","templated":true}]}}