{"id":1144,"date":"2023-10-10T12:43:52","date_gmt":"2023-10-10T11:43:52","guid":{"rendered":"https:\/\/oanhbeautyspa.com\/?post_type=product&#038;p=1144"},"modified":"2023-10-31T21:26:31","modified_gmt":"2023-10-31T21:26:31","slug":"brightening-diamond-serum-35ml","status":"publish","type":"product","link":"https:\/\/oanhbeautyspa.com\/index.php\/product\/brightening-diamond-serum-35ml\/","title":{"rendered":"Brightening Diamond Serum &#8211; 35ml"},"content":{"rendered":"<p>Tinh ch\u1ea5t kim c\u01b0\u01a1ng tr\u1eafng s\u00e1ng \u0111\u1ed9t ph\u00e1<\/p>\n<p><strong>C\u00d4NG D\u1ee4NG V\u00c0 TH\u00c0NH PH\u1ea6N CH\u00cdNH<\/strong><br \/>\nChi\u1ebft xu\u1ea5t t\u1eeb kim c\u01b0\u01a1ng t\u1ef1 nhi\u00ean v\u00e0 h\u1ed3ng ng\u1ecdc trai c\u00f9ng c\u00e1c ph\u00e2n t\u1eed Polymer, k\u1ebft d\u00ednh c\u00e1c si\u00eau ph\u00e2n t\u1eed kim c\u01b0\u01a1ng th\u00e0nh chu\u1ed7i, h\u1ea5p thu \u00e1nh s\u00e1ng t\u1ea1o \u0111\u1ed9 ph\u1ea3n chi\u1ebfu quang h\u1ecdc cho l\u00e0n da l\u1eadp t\u1ee9c tr\u1eafng s\u00e1ng. T\u00e1c d\u1ee5ng d\u01b0\u1ee3c l\u00fd Waglerin-1 (chi\u1ebft xu\u1ea5t n\u00e0y gi\u1ed1ng nh\u01b0 chu\u1ed7i peptide n\u1ecdc r\u1eafn Syn-Ake) khi ti\u1ebfp x\u00fac v\u1edbi b\u1ec1 m\u1eb7t da gi\u00fap da th\u01b0 gi\u00e3n, gi\u1ea3m thi\u1ec3u n\u1ebfp nh\u0103n, c\u00f4ng ngh\u1ec7 t\u1ebf b\u00e0o g\u1ed1c trong h\u1ee3p ch\u1ea5t Cellactel 2 white gi\u00fap n\u00e2ng c\u01a1, x\u00f3a nh\u0103n, ng\u0103n ch\u1eb7n s\u1ef1 ph\u00e1t tri\u1ec3n r\u1ed1i lo\u1ea1n s\u1eafc t\u1ed1, t\u1eadp trung s\u1ee9c m\u1ea1nh x\u00f3a n\u00e1m v\u00e0 \u0111\u1ed1m n\u00e2u hi\u1ec7u qu\u1ea3, l\u00e0m \u0111\u1ed3ng \u0111\u1ec1u s\u1eafc t\u1ed1 da, c\u00f4ng ngh\u1ec7 HD-White Complex v\u1edbi c\u00f4ng th\u1ee9c th\u00f4ng minh Smart Liposomal Complex c\u00f3 kh\u1ea3 n\u0103ng ch\u1ee9a, b\u1ea3o v\u1ec7, v\u1eadn chuy\u1ec3n v\u00e0 gi\u1ea3i ph\u00f3ng nguy\u00ean v\u1eb9n c\u00e1c ho\u1ea1t ch\u1ea5t dinh d\u01b0\u1ee1ng \u0111\u1ebfn \u0111\u00fang v\u1ecb tr\u00ed mong mu\u1ed1n. Spot &#8211; Off l\u00e0 ho\u1ea1t ch\u1ea5t si\u00eau h\u00f2a tan, c\u00f3 kh\u1ea3 n\u0103ng \u1ee9c ch\u1ebf melanin, l\u00e0m tr\u1eafng \u0111\u1ed9t ph\u00e1, b\u1ea3o v\u1ec7 da kh\u1ecfi t\u00e1c h\u1ea1i c\u1ee7a tia UV.<\/p>\n<p><strong>LO\u1ea0I DA PH\u00d9 H\u1ee2P<\/strong><br \/>\nH\u1ed7 tr\u1ee3: S\u1ea1m n\u00e1m, m\u00e0u da kh\u00f4ng \u0111\u1ec1u, da m\u1edd nh\u1ee3t<br \/>\nLo\u1ea1i da: M\u1ecdi lo\u1ea1i da (tr\u1eeb da nh\u1ea1y c\u1ea3m)<\/p>\n<p><strong>C\u00c1CH S\u1eec D\u1ee4NG<\/strong><br \/>\nD\u00f9ng cho c\u1ea3 ng\u00e0y v\u00e0 \u0111\u00eam. Nh\u1ea5n nh\u1eb9 nh\u00e0ng v\u00e0o \u0111\u1ea7u n\u1eafp cho 2 sp ra tay, xoa nh\u1eb9 \u0111\u1ec3 2 sp h\u00f2a v\u00e0o nhau r\u1ed3i thoa nh\u1eb9 nh\u00e0ng kh\u1eafp m\u1eb7t, tr\u00e1nh v\u00f9ng m\u1eaft.<\/p>\n","protected":false},"excerpt":{"rendered":"<p>Chi\u1ebft xu\u1ea5t t\u1eeb kim c\u01b0\u01a1ng t\u1ef1 nhi\u00ean v\u00e0 h\u1ed3ng ng\u1ecdc trai c\u00f9ng c\u00e1c ph\u00e2n t\u1eed Polymer, k\u1ebft d\u00ednh c\u00e1c si\u00eau ph\u00e2n t\u1eed kim c\u01b0\u01a1ng th\u00e0nh chu\u1ed7i, h\u1ea5p thu \u00e1nh s\u00e1ng t\u1ea1o \u0111\u1ed9 ph\u1ea3n chi\u1ebfu quang h\u1ecdc cho l\u00e0n da l\u1eadp t\u1ee9c tr\u1eafng s\u00e1ng. T\u00e1c d\u1ee5ng d\u01b0\u1ee3c l\u00fd Waglerin-1 (chi\u1ebft xu\u1ea5t n\u00e0y gi\u1ed1ng nh\u01b0 chu\u1ed7i peptide n\u1ecdc r\u1eafn Syn-Ake) khi ti\u1ebfp x\u00fac v\u1edbi b\u1ec1 m\u1eb7t da gi\u00fap da th\u01b0 gi\u00e3n, gi\u1ea3m thi\u1ec3u n\u1ebfp nh\u0103n, c\u00f4ng ngh\u1ec7 t\u1ebf b\u00e0o g\u1ed1c trong h\u1ee3p ch\u1ea5t Cellactel 2 white gi\u00fap n\u00e2ng c\u01a1, x\u00f3a nh\u0103n, ng\u0103n ch\u1eb7n s\u1ef1 ph\u00e1t tri\u1ec3n r\u1ed1i lo\u1ea1n s\u1eafc t\u1ed1, t\u1eadp trung s\u1ee9c m\u1ea1nh x\u00f3a n\u00e1m v\u00e0 \u0111\u1ed1m n\u00e2u hi\u1ec7u qu\u1ea3, l\u00e0m \u0111\u1ed3ng \u0111\u1ec1u s\u1eafc t\u1ed1 da, c\u00f4ng ngh\u1ec7 HD-White Complex v\u1edbi c\u00f4ng th\u1ee9c th\u00f4ng minh Smart Liposomal Complex c\u00f3 kh\u1ea3 n\u0103ng ch\u1ee9a, b\u1ea3o v\u1ec7, v\u1eadn chuy\u1ec3n v\u00e0 gi\u1ea3i ph\u00f3ng nguy\u00ean v\u1eb9n c\u00e1c ho\u1ea1t ch\u1ea5t dinh d\u01b0\u1ee1ng \u0111\u1ebfn \u0111\u00fang v\u1ecb tr\u00ed mong mu\u1ed1n. Spot &#8211; Off l\u00e0 ho\u1ea1t ch\u1ea5t si\u00eau h\u00f2a tan, c\u00f3 kh\u1ea3 n\u0103ng \u1ee9c ch\u1ebf melanin, l\u00e0m tr\u1eafng \u0111\u1ed9t ph\u00e1, b\u1ea3o v\u1ec7 da kh\u1ecfi t\u00e1c h\u1ea1i c\u1ee7a tia UV.<\/p>\n","protected":false},"featured_media":1334,"comment_status":"open","ping_status":"closed","template":"","meta":{"site-sidebar-layout":"default","site-content-layout":"default","ast-global-header-display":"","ast-banner-title-visibility":"","ast-main-header-display":"","ast-hfb-above-header-display":"","ast-hfb-below-header-display":"","ast-hfb-mobile-header-display":"","site-post-title":"","ast-breadcrumbs-content":"","ast-featured-img":"","footer-sml-layout":"","theme-transparent-header-meta":"default","adv-header-id-meta":"","stick-header-meta":"","header-above-stick-meta":"","header-main-stick-meta":"","header-below-stick-meta":""},"product_cat":[36,38],"product_tag":[],"_links":{"self":[{"href":"https:\/\/oanhbeautyspa.com\/index.php\/wp-json\/wp\/v2\/product\/1144"}],"collection":[{"href":"https:\/\/oanhbeautyspa.com\/index.php\/wp-json\/wp\/v2\/product"}],"about":[{"href":"https:\/\/oanhbeautyspa.com\/index.php\/wp-json\/wp\/v2\/types\/product"}],"replies":[{"embeddable":true,"href":"https:\/\/oanhbeautyspa.com\/index.php\/wp-json\/wp\/v2\/comments?post=1144"}],"wp:featuredmedia":[{"embeddable":true,"href":"https:\/\/oanhbeautyspa.com\/index.php\/wp-json\/wp\/v2\/media\/1334"}],"wp:attachment":[{"href":"https:\/\/oanhbeautyspa.com\/index.php\/wp-json\/wp\/v2\/media?parent=1144"}],"wp:term":[{"taxonomy":"product_cat","embeddable":true,"href":"https:\/\/oanhbeautyspa.com\/index.php\/wp-json\/wp\/v2\/product_cat?post=1144"},{"taxonomy":"product_tag","embeddable":true,"href":"https:\/\/oanhbeautyspa.com\/index.php\/wp-json\/wp\/v2\/product_tag?post=1144"}],"curies":[{"name":"wp","href":"https:\/\/api.w.org\/{rel}","templated":true}]}}