{"id":1143,"date":"2023-10-10T12:43:52","date_gmt":"2023-10-10T11:43:52","guid":{"rendered":"https:\/\/oanhbeautyspa.com\/?post_type=product&#038;p=1143"},"modified":"2023-10-31T21:26:45","modified_gmt":"2023-10-31T21:26:45","slug":"facial-cleansing-foam-160ml","status":"publish","type":"product","link":"https:\/\/oanhbeautyspa.com\/index.php\/product\/facial-cleansing-foam-160ml\/","title":{"rendered":"Facial Cleansing Foam &#8211; 160ml"},"content":{"rendered":"<p>S\u1eefa r\u1eeda m\u1eb7t tinh khi\u1ebft v\u00e0 tr\u1eafng s\u00e1ng da ho\u00e0n h\u1ea3o<\/p>\n<p><strong>C\u00d4NG D\u1ee4NG V\u00c0 TH\u00c0NH PH\u1ea6N CH\u00cdNH<\/strong><br \/>\nChi\u1ebft xu\u1ea5t Silica Th\u1ea1ch anh t\u1ef1 nhi\u00ean, t\u00e1c \u0111\u1ed9ng l\u00ean b\u1ec1 m\u1eb7t da gi\u00fap t\u1ea9y s\u1ea1ch t\u1ebf b\u00e0o ch\u1ebft tr\u00ean da nh\u01b0ng kh\u00f4ng g\u00e2y b\u00e0o m\u00f2n da, Rau m\u00e1 v\u00e0 B\u1ea1ch qu\u1ea3 gi\u00fap t\u00e1i t\u1ea1o v\u00e0 tr\u1ebb h\u00f3a t\u1ebf b\u00e0o m\u00f4, ch\u1ed1ng oxy h\u00f3a m\u1ea1nh, c\u00f3 kh\u1ea3 n\u0103ng t\u1ef1 b\u1ea3o v\u1ec7 v\u00e0 kh\u00e1ng vi\u00eam cho da, \u0111\u01b0\u1eddng Betain c\u00f3 trong c\u1ee7 c\u1ea3i \u0111\u01b0\u1eddng t\u1ea1o l\u1edbp m\u00e0ng bao ph\u1ee7 b\u1ec1 m\u1eb7t da, c\u1ea5p \u1ea9m v\u00e0 ti\u1ebfp n\u01b0\u1edbc ng\u0103n ng\u1eeba t\u00ecnh tr\u1ea1ng m\u1ea5t n\u01b0\u1edbc c\u1ee7a da, gi\u00fap da lu\u00f4n t\u01b0\u01a1i s\u00e1ng v\u00e0 m\u1ec1m m\u01b0\u1ee3t.<\/p>\n<p><strong>LO\u1ea0I DA PH\u00d9 H\u1ee2P<\/strong><br \/>\nH\u1ed7 tr\u1ee3: S\u1ea1m n\u00e1m, da m\u1edd nh\u1ee3t, \u00f4 nhi\u1ec5m \u0111\u00f4 th\u1ecb, m\u1ee5n<br \/>\nLo\u1ea1i da: M\u1ecdi lo\u1ea1i da<\/p>\n<p><strong>C\u00c1CH S\u1eec D\u1ee4NG<\/strong><br \/>\nS\u1eed d\u1ee5ng \u0111\u1ec1u \u0111\u1eb7n ng\u00e0y 2 l\u1ea7n s\u00e1ng, t\u1ed1i. L\u00e0m \u01b0\u1edbt m\u1eb7t, l\u1ea5y l\u01b0\u1ee3ng s\u1ea3n ph\u1ea9m v\u1eeba \u0111\u1ee7 ra tay, xoa nh\u1eb9 nh\u00e0ng hai tay v\u00e0o nhau, sau \u0111\u00f3 d\u00f9ng hai tay massage nh\u1eb9 nh\u00e0ng kh\u1eafp m\u1eb7t theo thao t\u00e1c r\u1eeda m\u1eb7t. R\u1eeda l\u1ea1i v\u1edbi n\u01b0\u1edbc s\u1ea1ch. \u0110\u1ec3 \u0111\u1ea1t hi\u1ec7u qu\u1ea3 l\u00e0m tr\u1eafng n\u00ean k\u1ebft h\u1ee3p v\u1edbi Facial Brightening Essence sau b\u01b0\u1edbc r\u1eeda m\u1eb7t.<\/p>\n","protected":false},"excerpt":{"rendered":"<p>Chi\u1ebft xu\u1ea5t Silica Th\u1ea1ch anh t\u1ef1 nhi\u00ean, t\u00e1c \u0111\u1ed9ng l\u00ean b\u1ec1 m\u1eb7t da gi\u00fap t\u1ea9y s\u1ea1ch t\u1ebf b\u00e0o ch\u1ebft tr\u00ean da nh\u01b0ng kh\u00f4ng g\u00e2y b\u00e0o m\u00f2n da, Rau m\u00e1 v\u00e0 B\u1ea1ch qu\u1ea3 gi\u00fap t\u00e1i t\u1ea1o v\u00e0 tr\u1ebb h\u00f3a t\u1ebf b\u00e0o m\u00f4, ch\u1ed1ng oxy h\u00f3a m\u1ea1nh, c\u00f3 kh\u1ea3 n\u0103ng t\u1ef1 b\u1ea3o v\u1ec7 v\u00e0 kh\u00e1ng vi\u00eam cho da, \u0111\u01b0\u1eddng Betain c\u00f3 trong c\u1ee7 c\u1ea3i \u0111\u01b0\u1eddng t\u1ea1o l\u1edbp m\u00e0ng bao ph\u1ee7 b\u1ec1 m\u1eb7t da, c\u1ea5p \u1ea9m v\u00e0 ti\u1ebfp n\u01b0\u1edbc ng\u0103n ng\u1eeba t\u00ecnh tr\u1ea1ng m\u1ea5t n\u01b0\u1edbc c\u1ee7a da, gi\u00fap da lu\u00f4n t\u01b0\u01a1i s\u00e1ng v\u00e0 m\u1ec1m m\u01b0\u1ee3t.<\/p>\n","protected":false},"featured_media":1333,"comment_status":"open","ping_status":"closed","template":"","meta":{"site-sidebar-layout":"default","site-content-layout":"default","ast-global-header-display":"","ast-banner-title-visibility":"","ast-main-header-display":"","ast-hfb-above-header-display":"","ast-hfb-below-header-display":"","ast-hfb-mobile-header-display":"","site-post-title":"","ast-breadcrumbs-content":"","ast-featured-img":"","footer-sml-layout":"","theme-transparent-header-meta":"default","adv-header-id-meta":"","stick-header-meta":"","header-above-stick-meta":"","header-main-stick-meta":"","header-below-stick-meta":""},"product_cat":[36,44],"product_tag":[],"_links":{"self":[{"href":"https:\/\/oanhbeautyspa.com\/index.php\/wp-json\/wp\/v2\/product\/1143"}],"collection":[{"href":"https:\/\/oanhbeautyspa.com\/index.php\/wp-json\/wp\/v2\/product"}],"about":[{"href":"https:\/\/oanhbeautyspa.com\/index.php\/wp-json\/wp\/v2\/types\/product"}],"replies":[{"embeddable":true,"href":"https:\/\/oanhbeautyspa.com\/index.php\/wp-json\/wp\/v2\/comments?post=1143"}],"wp:featuredmedia":[{"embeddable":true,"href":"https:\/\/oanhbeautyspa.com\/index.php\/wp-json\/wp\/v2\/media\/1333"}],"wp:attachment":[{"href":"https:\/\/oanhbeautyspa.com\/index.php\/wp-json\/wp\/v2\/media?parent=1143"}],"wp:term":[{"taxonomy":"product_cat","embeddable":true,"href":"https:\/\/oanhbeautyspa.com\/index.php\/wp-json\/wp\/v2\/product_cat?post=1143"},{"taxonomy":"product_tag","embeddable":true,"href":"https:\/\/oanhbeautyspa.com\/index.php\/wp-json\/wp\/v2\/product_tag?post=1143"}],"curies":[{"name":"wp","href":"https:\/\/api.w.org\/{rel}","templated":true}]}}