{"id":1141,"date":"2023-10-10T12:43:52","date_gmt":"2023-10-10T11:43:52","guid":{"rendered":"https:\/\/oanhbeautyspa.com\/?post_type=product&#038;p=1141"},"modified":"2023-10-31T21:24:58","modified_gmt":"2023-10-31T21:24:58","slug":"purifying-toner-swissline-160ml","status":"publish","type":"product","link":"https:\/\/oanhbeautyspa.com\/index.php\/product\/purifying-toner-swissline-160ml\/","title":{"rendered":"Purifying Toner Swissline &#8211; 160ml"},"content":{"rendered":"<p>Dung d\u1ecbch \u1ed5n \u0111\u1ecbnh d\u1ea7u v\u00e0 tinh khi\u1ebft l\u00e0n da<\/p>\n<p><strong>C\u00d4NG D\u1ee4NG V\u00c0 TH\u00c0NH PH\u1ea6N CH\u00cdNH<\/strong><br \/>\nChi\u1ebft xu\u1ea5t c\u00e2y c\u1ea3i xoong k\u1ebft h\u1ee3p v\u1edbi n\u01b0\u1edbc kho\u00e1ng thi\u00ean nhi\u00ean t\u1eeb v\u00f9ng n\u00fai Alpine v\u00e0 th\u00e0nh ph\u1ea7n Y d\u01b0\u1ee3c Bioecolia, c\u00e2y T\u1ea7m ma tr\u1eafng m\u1ed9t lo\u1ea1i th\u1ef1c v\u1eadt s\u1ed1ng \u1edf r\u1eebng \u0110\u1ecba trung h\u1ea3i, c\u00e1c chi\u1ebft xu\u1ea5t kh\u00e1ng vi\u00eam t\u1eeb th\u1ef1c v\u1eadt t\u0103ng c\u01b0\u1eddng kh\u1ea3 n\u0103ng trao \u0111\u1ed5i ch\u1ea5t v\u00e0 gi\u1ea3i \u0111\u1ed9c t\u1ed1 cho da m\u1ed9t c\u00e1ch \u00eam d\u1ecbu, lo\u1ea1i b\u1ecf tr\u1ea1ng th\u00e1i k\u00edch \u1ee9ng, ch\u00e2m ch\u00edch hay ng\u1ee9a da, c\u00f3 kh\u1ea3 n\u0103ng ch\u1ed1ng oxy h\u00f3a t\u1ed1i \u0111a, t\u0103ng c\u01b0\u1eddng \u0111\u1ed9 \u0111\u00e0n h\u1ed3i cho da, tri\u1ec7t ti\u00eau b\u00e3 nh\u1eddn l\u00e0m tinh khi\u1ebft l\u00e0n da.<\/p>\n<p><strong>LO\u1ea0I DA PH\u00d9 H\u1ee2P<\/strong><br \/>\nH\u1ed7 tr\u1ee3: Da b\u1ecb t\u00e1c \u0111\u1ed9ng b\u1edfi \u00f4 nhi\u1ec5m \u0111\u00f4 th\u1ecb, ki\u1ec3m so\u00e1t d\u1ea7u<br \/>\nLo\u1ea1i da: Da h\u1ed7n h\u1ee3p, d\u1ea7u, d\u1ec5 b\u1ecb m\u1ee5n<\/p>\n<p><strong>C\u00c1CH S\u1eec D\u1ee4NG<\/strong><br \/>\nD\u00f9ng b\u00f4ng cotton th\u1ea5m \u01b0\u1edbt dung d\u1ecbch lau \u0111\u1ec1u kh\u1eafp m\u1eb7t, ng\u00e0y 2 l\u1ea7n s\u00e1ng, t\u1ed1i.<\/p>\n","protected":false},"excerpt":{"rendered":"<p>Chi\u1ebft xu\u1ea5t c\u00e2y c\u1ea3i xoong k\u1ebft h\u1ee3p v\u1edbi n\u01b0\u1edbc kho\u00e1ng thi\u00ean nhi\u00ean t\u1eeb v\u00f9ng n\u00fai Alpine v\u00e0 th\u00e0nh ph\u1ea7n Y d\u01b0\u1ee3c Bioecolia, c\u00e2y T\u1ea7m ma tr\u1eafng m\u1ed9t lo\u1ea1i th\u1ef1c v\u1eadt s\u1ed1ng \u1edf r\u1eebng \u0110\u1ecba trung h\u1ea3i, c\u00e1c chi\u1ebft xu\u1ea5t kh\u00e1ng vi\u00eam t\u1eeb th\u1ef1c v\u1eadt t\u0103ng c\u01b0\u1eddng kh\u1ea3 n\u0103ng trao \u0111\u1ed5i ch\u1ea5t v\u00e0 gi\u1ea3i \u0111\u1ed9c t\u1ed1 cho da m\u1ed9t c\u00e1ch \u00eam d\u1ecbu, lo\u1ea1i b\u1ecf tr\u1ea1ng th\u00e1i k\u00edch \u1ee9ng, ch\u00e2m ch\u00edch hay ng\u1ee9a da, c\u00f3 kh\u1ea3 n\u0103ng ch\u1ed1ng oxy h\u00f3a t\u1ed1i \u0111a, t\u0103ng c\u01b0\u1eddng \u0111\u1ed9 \u0111\u00e0n h\u1ed3i cho da, tri\u1ec7t ti\u00eau b\u00e3 nh\u1eddn l\u00e0m tinh khi\u1ebft l\u00e0n da.<\/p>\n","protected":false},"featured_media":1331,"comment_status":"open","ping_status":"closed","template":"","meta":{"site-sidebar-layout":"default","site-content-layout":"default","ast-global-header-display":"","ast-banner-title-visibility":"","ast-main-header-display":"","ast-hfb-above-header-display":"","ast-hfb-below-header-display":"","ast-hfb-mobile-header-display":"","site-post-title":"","ast-breadcrumbs-content":"","ast-featured-img":"","footer-sml-layout":"","theme-transparent-header-meta":"default","adv-header-id-meta":"","stick-header-meta":"","header-above-stick-meta":"","header-main-stick-meta":"","header-below-stick-meta":""},"product_cat":[36,45],"product_tag":[],"_links":{"self":[{"href":"https:\/\/oanhbeautyspa.com\/index.php\/wp-json\/wp\/v2\/product\/1141"}],"collection":[{"href":"https:\/\/oanhbeautyspa.com\/index.php\/wp-json\/wp\/v2\/product"}],"about":[{"href":"https:\/\/oanhbeautyspa.com\/index.php\/wp-json\/wp\/v2\/types\/product"}],"replies":[{"embeddable":true,"href":"https:\/\/oanhbeautyspa.com\/index.php\/wp-json\/wp\/v2\/comments?post=1141"}],"wp:featuredmedia":[{"embeddable":true,"href":"https:\/\/oanhbeautyspa.com\/index.php\/wp-json\/wp\/v2\/media\/1331"}],"wp:attachment":[{"href":"https:\/\/oanhbeautyspa.com\/index.php\/wp-json\/wp\/v2\/media?parent=1141"}],"wp:term":[{"taxonomy":"product_cat","embeddable":true,"href":"https:\/\/oanhbeautyspa.com\/index.php\/wp-json\/wp\/v2\/product_cat?post=1141"},{"taxonomy":"product_tag","embeddable":true,"href":"https:\/\/oanhbeautyspa.com\/index.php\/wp-json\/wp\/v2\/product_tag?post=1141"}],"curies":[{"name":"wp","href":"https:\/\/api.w.org\/{rel}","templated":true}]}}