{"id":1136,"date":"2023-10-10T12:43:52","date_gmt":"2023-10-10T11:43:52","guid":{"rendered":"https:\/\/oanhbeautyspa.com\/?post_type=product&#038;p=1136"},"modified":"2023-10-31T21:27:16","modified_gmt":"2023-10-31T21:27:16","slug":"skin-friendly-cleaner-150ml","status":"publish","type":"product","link":"https:\/\/oanhbeautyspa.com\/index.php\/product\/skin-friendly-cleaner-150ml\/","title":{"rendered":"Skin Friendly Cleaner &#8211; 150ml"},"content":{"rendered":"<p>GEl ho\u1ea1t h\u00f3a enzym r\u1eeda m\u1eb7t ki\u00eam t\u1ea9y trang, l\u00e0m s\u1ea1ch tinh khi\u1ebft m\u1ecdi l\u00e0n da<\/p>\n<p><strong>C\u00d4NG D\u1ee4NG V\u00c0 TH\u00c0NH PH\u1ea6N CH\u00cdNH<\/strong><br \/>\nS\u1eefa r\u1eeda m\u1eb7t d\u1ea1ng gel ki\u00eam t\u1ea9y trang \u00e1p d\u1ee5ng &#8221; c\u00f4ng ngh\u1ec7 Micelles&#8221; l\u00e0m s\u1ea1ch b\u00e3 nh\u1eddn, b\u1ee5i b\u1ea9n, l\u1edbp trang \u0111i\u1ec3m, ch\u1ed1ng n\u1eafng. C\u00f4ng th\u1ee9c l\u00e0m s\u1ea1ch s\u00e2u,tinh khi\u1ebft ho\u00e0n h\u1ea3o kh\u00f4ng ch\u1ee9a c\u1ed3n v\u00e0 c\u00e1c ch\u1ea5t g\u00e2y k\u00edch \u1ee9ng n\u00ean th\u00e2n thi\u1ec7n v\u1edbi l\u00e0n da. &#8220;C\u00f4ng ngh\u1ec7 XPERTMOIST\u00ae &#8221; ch\u1ed1ng l\u00e3o h\u00f3a l\u00e0m m\u1edd n\u1ebfp nh\u0103n, gi\u1ea3m ti\u1ebft d\u1ea7u ph\u1ee5c h\u1ed3i da nh\u1ea1y c\u1ea3m. K\u1ebft h\u1ee3p c\u00f9ng panthenol &amp; aloe vera c\u00f3 kh\u1ea3 n\u0103ng kh\u00e1ng vi\u00eam, gi\u1ea3m m\u1ea9n \u0111\u1ecf v\u00e0 c\u1ea5p \u1ea9m cho da. Amino acid gi\u00fap t\u0103ng c\u01b0\u1eddng s\u1ee9c \u0111\u1ec3 kh\u00e1ng ch\u1ed1ng oxy h\u00f3a cho da. Latic acid gi\u00fap da c\u00e2n b\u1eb1ng v\u00e0 lu\u00f4n t\u01b0\u01a1i tr\u1ebb.<\/p>\n<p><strong>LO\u1ea0I DA PH\u00d9 H\u1ee2P<\/strong><br \/>\nH\u1ed7 tr\u1ee3: Da m\u1ea5t n\u01b0\u1edbc, da m\u1edd nh\u1ea1t<br \/>\nLo\u1ea1i da: M\u1ecdi lo\u1ea1i da<\/p>\n<p><strong>C\u00c1CH S\u1eec D\u1ee4NG<\/strong><br \/>\nL\u1ea5y m\u1ed9t l\u01b0\u1ee3ng gel v\u1eeba \u0111\u1ee7 nh\u1eb9 nh\u00e0ng massage kh\u1eafp m\u1eb7t \u0111\u1ec3 l\u1ea5y \u0111i h\u1ebft b\u1ee5i b\u1ea9n, l\u00e0m tan l\u1edbp trang \u0111i\u1ec3m. Sau \u0111\u00f3 lau s\u1ea1ch b\u1eb1ng b\u00f4ng t\u1ea9y trang n\u1ebfu d\u00f9ng nh\u01b0 t\u1ea9y trang ho\u1eb7c l\u1ea5y th\u00eam 1 l\u01b0\u1ee3ng gel r\u1eeda s\u1ea1ch m\u1eb7t l\u1ea7n n\u1eefa v\u1edbi n\u01b0\u1edbc n\u1ebfu d\u00f9ng nh\u01b0 s\u1eefa r\u1eeda m\u1eb7t.<\/p>\n","protected":false},"excerpt":{"rendered":"<p>S\u1eefa r\u1eeda m\u1eb7t d\u1ea1ng gel ki\u00eam t\u1ea9y trang \u00e1p d\u1ee5ng &#8221; c\u00f4ng ngh\u1ec7 Micelles&#8221; l\u00e0m s\u1ea1ch b\u00e3 nh\u1eddn, b\u1ee5i b\u1ea9n, l\u1edbp trang \u0111i\u1ec3m, ch\u1ed1ng n\u1eafng. C\u00f4ng th\u1ee9c l\u00e0m s\u1ea1ch s\u00e2u,tinh khi\u1ebft ho\u00e0n h\u1ea3o kh\u00f4ng ch\u1ee9a c\u1ed3n v\u00e0 c\u00e1c ch\u1ea5t g\u00e2y k\u00edch \u1ee9ng n\u00ean th\u00e2n thi\u1ec7n v\u1edbi l\u00e0n da. &#8220;C\u00f4ng ngh\u1ec7 XPERTMOIST\u00ae &#8221; ch\u1ed1ng l\u00e3o h\u00f3a l\u00e0m m\u1edd n\u1ebfp nh\u0103n, gi\u1ea3m ti\u1ebft d\u1ea7u ph\u1ee5c h\u1ed3i da nh\u1ea1y c\u1ea3m. K\u1ebft h\u1ee3p c\u00f9ng panthenol &amp; aloe vera c\u00f3 kh\u1ea3 n\u0103ng kh\u00e1ng vi\u00eam, gi\u1ea3m m\u1ea9n \u0111\u1ecf v\u00e0 c\u1ea5p \u1ea9m cho da. Amino acid gi\u00fap t\u0103ng c\u01b0\u1eddng s\u1ee9c \u0111\u1ec3 kh\u00e1ng ch\u1ed1ng oxy h\u00f3a cho da. Latic acid gi\u00fap da c\u00e2n b\u1eb1ng v\u00e0 lu\u00f4n t\u01b0\u01a1i tr\u1ebb.<\/p>\n","protected":false},"featured_media":1326,"comment_status":"open","ping_status":"closed","template":"","meta":{"site-sidebar-layout":"default","site-content-layout":"default","ast-global-header-display":"","ast-banner-title-visibility":"","ast-main-header-display":"","ast-hfb-above-header-display":"","ast-hfb-below-header-display":"","ast-hfb-mobile-header-display":"","site-post-title":"","ast-breadcrumbs-content":"","ast-featured-img":"","footer-sml-layout":"","theme-transparent-header-meta":"default","adv-header-id-meta":"","stick-header-meta":"","header-above-stick-meta":"","header-main-stick-meta":"","header-below-stick-meta":""},"product_cat":[36,44],"product_tag":[],"_links":{"self":[{"href":"https:\/\/oanhbeautyspa.com\/index.php\/wp-json\/wp\/v2\/product\/1136"}],"collection":[{"href":"https:\/\/oanhbeautyspa.com\/index.php\/wp-json\/wp\/v2\/product"}],"about":[{"href":"https:\/\/oanhbeautyspa.com\/index.php\/wp-json\/wp\/v2\/types\/product"}],"replies":[{"embeddable":true,"href":"https:\/\/oanhbeautyspa.com\/index.php\/wp-json\/wp\/v2\/comments?post=1136"}],"wp:featuredmedia":[{"embeddable":true,"href":"https:\/\/oanhbeautyspa.com\/index.php\/wp-json\/wp\/v2\/media\/1326"}],"wp:attachment":[{"href":"https:\/\/oanhbeautyspa.com\/index.php\/wp-json\/wp\/v2\/media?parent=1136"}],"wp:term":[{"taxonomy":"product_cat","embeddable":true,"href":"https:\/\/oanhbeautyspa.com\/index.php\/wp-json\/wp\/v2\/product_cat?post=1136"},{"taxonomy":"product_tag","embeddable":true,"href":"https:\/\/oanhbeautyspa.com\/index.php\/wp-json\/wp\/v2\/product_tag?post=1136"}],"curies":[{"name":"wp","href":"https:\/\/api.w.org\/{rel}","templated":true}]}}