{"id":1134,"date":"2023-10-10T12:43:51","date_gmt":"2023-10-10T11:43:51","guid":{"rendered":"https:\/\/oanhbeautyspa.com\/?post_type=product&#038;p=1134"},"modified":"2023-10-31T21:29:59","modified_gmt":"2023-10-31T21:29:59","slug":"the-swiss-line-cure-day-night-ampoules-6x5ml","status":"publish","type":"product","link":"https:\/\/oanhbeautyspa.com\/index.php\/product\/the-swiss-line-cure-day-night-ampoules-6x5ml\/","title":{"rendered":"The Swiss Line Cure Day &#038; Night Ampoules &#8211; 6X5ml"},"content":{"rendered":"<p>\u1ed0ng ph\u1ee5c h\u1ed3i, n\u00e2ng c\u01a1 chuy\u00ean s\u00e2u, t\u00e1i t\u1ea1o v\u00e0 tr\u1ebb h\u00f3a t\u1ebf b\u00e0o da<\/p>\n<p><strong>C\u00d4NG D\u1ee4NG V\u00c0 TH\u00c0NH PH\u1ea6N CH\u00cdNH<\/strong><br \/>\nC\u00f4ng ngh\u1ec7 Cellactel 2 truy\u1ec1n th\u1ed1ng, Collagen t\u01b0\u01a1i h\u00f2a tan ( Soluble Collagen), Genistein c\u00f3 trong \u0111\u1eadu n\u00e0nh, Protein t\u1eeb t\u01a1 t\u1eb1m, t\u1ebf b\u00e0o th\u1ef1c v\u1eadt kombucha, th\u00f4ng Th\u1ee5y S\u1ef9 l\u00e0 vua tr\u00ean d\u00e3y n\u00fai Alps, hoa h\u1ed3ng Portulaca Grandiflora. L\u00e0 b\u1ed9 \u0111\u00f4i s\u1ea3n ph\u1ea9m d\u00e0nh cho ng\u00e0y v\u00e0 \u0111\u00eam.<br \/>\nTHE SWISS CURE DAY AMPOULES: c\u00f3 kh\u1ea3 n\u0103ng \u0111\u1ea9y m\u1ea1nh qu\u00e1 tr\u00ecnh t\u1ef1 s\u1eeda ch\u1eefa v\u00e0 thay m\u1edbi t\u1ebf b\u00e0o, ph\u1ee5c h\u1ed3i m\u1ecdi t\u1ed5n th\u01b0\u01a1ng, collagen h\u00f2a tan k\u00edch th\u00edch kh\u1ea3 n\u0103ng t\u1ef1 ch\u1eefa l\u00e0nh, t\u0103ng sinh t\u1ebf b\u00e0o m\u1edbi, gia t\u0103ng \u0111\u1ed9 \u0111\u00e0n h\u1ed3i l\u1ea5p \u0111\u1ea7y nh\u1eefng n\u1ebfp nh\u0103n v\u00e0 v\u1ebft ch\u00e2n chim, l\u00e0m m\u1edd n\u00e1m v\u00e0 h\u1ea1n ch\u1ebf r\u1ed1i lo\u1ea1n s\u1eafc t\u1ed1, gi\u1ea3m h\u00ecnh th\u00e0nh \u0111\u1ed1m n\u00e2u.<br \/>\nTHE SWISS CURE NIGHT AMPOULES: c\u00f3 kh\u1ea3 n\u0103ng cung c\u1ea5p d\u01b0\u1ee1ng ch\u1ea5t thi\u1ebft y\u1ebfu t\u00e1i t\u1ea1o n\u0103ng l\u01b0\u1ee3ng t\u1ebf b\u00e0o, collagen bi\u1ec3n t\u01b0\u01a1i ch\u1ee9a nhi\u1ec1u vitamin, kho\u00e1ng ch\u1ea5t v\u00e0 acid amin k\u00edch th\u00edch kh\u1ea3 n\u0103ng t\u1ef1 ch\u1eefa l\u00e0nh v\u00e0 t\u0103ng sinh t\u1ebf b\u00e0o m\u1edbi \u0111\u1ea9y m\u1ea1nh ho\u1ea1t \u0111\u1ed9ng s\u1ea3n xu\u1ea5t collagen v\u00e0 ch\u1ea5t l\u00e0m \u0111\u1ea7y hyaluronic acid, chi\u1ebft xu\u1ea5t t\u1ebf b\u00e0o th\u1ef1c v\u1eadt kombucha c\u00f3 kh\u1ea3 n\u0103ng l\u00e0m m\u1ec1m t\u00e1i t\u1ea1o da tuy\u1ec7t \u0111\u1ed1i n\u00e2ng c\u01a1 gi\u00fap gi\u1ea3m \u0111\u1ed9 s\u1ea7n s\u00f9i s\u1ea1m n\u00e1m, th\u00f4ng Th\u1ee5y S\u1ef5 l\u00e0m gi\u1ea3m c\u00e1c th\u1ef1c th\u1ec3 n\u01a1 ron th\u1ea7n kinh g\u00e2y n\u00ean t\u00ecnh tr\u1ea1ng vi\u00eam hay ho\u1ea1t \u0111\u1ed9ng qu\u00e1 m\u1ee9c \u1edf da nh\u1ea1y c\u1ea3m, gi\u1ea3m k\u00edch \u1ee9ng v\u00e0 \u0111\u1ecf da v\u00e0o bu\u1ed5i t\u1ed1i<\/p>\n<p><strong>LO\u1ea0I DA PH\u00d9 H\u1ee2P<\/strong><br \/>\nH\u1ed7 tr\u1ee3: Da nhi\u1ec1u n\u1ebfp nh\u0103n, d\u1ef1 l\u00e3o h\u00f3a, da \u1ea3nh h\u01b0\u1edfng c\u1ee7a c\u0103ng th\u1eb3ng, stress<br \/>\nLo\u1ea1i da: T\u1ea5t c\u1ea3 lo\u1ea1i da<\/p>\n<p><strong>C\u00c1CH S\u1eec D\u1ee4NG<\/strong><br \/>\nD\u00f9ng \u1ed1ng Day ampoules (m\u00e0u h\u1ed3ng) v\u00e0o bu\u1ed5i s\u00e1ng v\u00e0 \u1ed1ng Night ampoules (m\u00e0u v\u00e0ng) tr\u01b0\u1edbc khi \u0111i ng\u1ee7.<br \/>\nD\u00f9ng ampoules massage nh\u1eb9 nh\u00e0ng kh\u1eafp m\u1eb7t v\u00e0 v\u00f9ng da duwois c\u1ed5, ti\u1ebfp theo l\u00e0 kem d\u01b0\u1ee1ng \u1ea9m. M\u1ed7i \u1ed1ng \u0111\u01b0\u1ee3c thi\u1ebft k\u1ebf s\u1eed d\u1ee5ng kho\u1ea3ng 10 ng\u00e0y. M\u1ed9t b\u1ed9 30 ng\u00e0y xuy\u00ean su\u1ed1t. C\u00f3 th\u1ebf s\u1eed d\u1ee5ng ti\u1ebfp kho\u1ea3ng 4-6 th\u00e1ng sau li\u1ec7u tr\u00ecnh \u0111\u1ea7u.<\/p>\n","protected":false},"excerpt":{"rendered":"<p>C\u00f4ng ngh\u1ec7 Cellactel 2 truy\u1ec1n th\u1ed1ng, Collagen t\u01b0\u01a1i h\u00f2a tan ( Soluble Collagen), Genistein c\u00f3 trong \u0111\u1eadu n\u00e0nh, Protein t\u1eeb t\u01a1 t\u1eb1m, t\u1ebf b\u00e0o th\u1ef1c v\u1eadt kombucha, th\u00f4ng Th\u1ee5y S\u1ef9 l\u00e0 vua tr\u00ean d\u00e3y n\u00fai Alps, hoa h\u1ed3ng Portulaca Grandiflora. L\u00e0 b\u1ed9 \u0111\u00f4i s\u1ea3n ph\u1ea9m d\u00e0nh cho ng\u00e0y v\u00e0 \u0111\u00eam.<\/p>\n","protected":false},"featured_media":1324,"comment_status":"open","ping_status":"closed","template":"","meta":{"site-sidebar-layout":"default","site-content-layout":"default","ast-global-header-display":"","ast-banner-title-visibility":"","ast-main-header-display":"","ast-hfb-above-header-display":"","ast-hfb-below-header-display":"","ast-hfb-mobile-header-display":"","site-post-title":"","ast-breadcrumbs-content":"","ast-featured-img":"","footer-sml-layout":"","theme-transparent-header-meta":"default","adv-header-id-meta":"","stick-header-meta":"","header-above-stick-meta":"","header-main-stick-meta":"","header-below-stick-meta":""},"product_cat":[36,38],"product_tag":[],"_links":{"self":[{"href":"https:\/\/oanhbeautyspa.com\/index.php\/wp-json\/wp\/v2\/product\/1134"}],"collection":[{"href":"https:\/\/oanhbeautyspa.com\/index.php\/wp-json\/wp\/v2\/product"}],"about":[{"href":"https:\/\/oanhbeautyspa.com\/index.php\/wp-json\/wp\/v2\/types\/product"}],"replies":[{"embeddable":true,"href":"https:\/\/oanhbeautyspa.com\/index.php\/wp-json\/wp\/v2\/comments?post=1134"}],"wp:featuredmedia":[{"embeddable":true,"href":"https:\/\/oanhbeautyspa.com\/index.php\/wp-json\/wp\/v2\/media\/1324"}],"wp:attachment":[{"href":"https:\/\/oanhbeautyspa.com\/index.php\/wp-json\/wp\/v2\/media?parent=1134"}],"wp:term":[{"taxonomy":"product_cat","embeddable":true,"href":"https:\/\/oanhbeautyspa.com\/index.php\/wp-json\/wp\/v2\/product_cat?post=1134"},{"taxonomy":"product_tag","embeddable":true,"href":"https:\/\/oanhbeautyspa.com\/index.php\/wp-json\/wp\/v2\/product_tag?post=1134"}],"curies":[{"name":"wp","href":"https:\/\/api.w.org\/{rel}","templated":true}]}}