{"id":1133,"date":"2023-10-10T12:43:51","date_gmt":"2023-10-10T11:43:51","guid":{"rendered":"https:\/\/oanhbeautyspa.com\/?post_type=product&#038;p=1133"},"modified":"2023-10-31T21:29:40","modified_gmt":"2023-10-31T21:29:40","slug":"al-essential-serum-30ml","status":"publish","type":"product","link":"https:\/\/oanhbeautyspa.com\/index.php\/product\/al-essential-serum-30ml\/","title":{"rendered":"Al Essential Serum &#8211; 30ml"},"content":{"rendered":"<p>Huy\u1ebft thanh vi sinh thi\u1ebft y\u1ebfu nu\u00f4i d\u01b0\u1ee1ng, c\u00e2n b\u1eb1ng v\u00e0 t\u00e1i sinh l\u00e0n da<\/p>\n<p><strong>C\u00d4NG D\u1ee4NG V\u00c0 TH\u00c0NH PH\u1ea6N CH\u00cdNH<\/strong><br \/>\nC\u00f4ng ngh\u1ec7 Madecassoside\u00ae by Bayer, ATP, Ectoin\u00ae v\u00e0 Actibiome Complex. Chi\u1ebft xu\u1ea5t t\u00edch tuy\u1ebft th\u1ea3o hay l\u00f4i c\u00f4ng th\u1ea3o. Si\u00eau ph\u1ea9m n\u00e0y ch\u1ee9a th\u00e0nh ph\u1ea7n m\u1edbi l\u1ea1, \u0111\u1ed9c \u0111\u00e1o c\u00f3 kh\u1ea3 n\u0103ng t\u00e1i c\u1ea5u tr\u00fac b\u1ec1 m\u1eb7t da, ch\u1ed1ng oxy h\u00f3a m\u1ea1nh m\u1ebd, k\u00edch th\u00edch t\u1ed5ng h\u1ee3p collagen gi\u00fap c\u00e2n b\u1eb1ng m\u00f4i tr\u01b0\u1eddng t\u1ef1 nhi\u00ean c\u1ee7a da, t\u0103ng c\u01b0\u1eddng kh\u1ea3 n\u0103ng mi\u1ec5n d\u1ecbch \u1edf l\u1edbp th\u01b0\u1ee3ng b\u00ec. Tinh ch\u1ea5t Essential serum l\u00e0 s\u1ea3n ph\u1ea9m cho hi\u1ec7u qu\u1ea3 t\u1ed1i \u01b0u trong qu\u00e1 tr\u00ecnh tr\u1ecb li\u1ec7u v\u00e0 ch\u0103m s\u00f3c da.Nghi\u00ean c\u1ee9u l\u00e2m s\u00e0ng cho th\u1ea5y l\u00e0n da tr\u1eafng s\u00e1ng h\u01a1n, gi\u1ea3m n\u1ebft nh\u0103n s\u00e2u, da ph\u1eb3ng m\u01b0\u1ee3t v\u00e0 tr\u00e0n \u0111\u1ea7y n\u0103ng l\u01b0\u1ee3ng<\/p>\n<p><strong>LO\u1ea0I DA PH\u00d9 H\u1ee2P<\/strong><br \/>\nV\u1ea5n \u0111\u1ec1: M\u1ea5t n\u01b0\u1edbc, l\u1ed7 ch\u00e2n l\u00f4ng to, da m\u1edd nh\u1ea1t<br \/>\nLo\u1ea1i da: M\u1ecdi lo\u1ea1i da<\/p>\n<p><strong>C\u00c1CH S\u1eec D\u1ee4NG<\/strong><br \/>\nS\u00e1ng, t\u1ed1i. N\u00ean k\u1ebft h\u1ee3p v\u1edbi c\u00e1c lo\u1ea1i booster v\u00e0 t\u1ebf b\u00e0o g\u1ed1c \u0111\u1ec3 t\u1ed1i \u01b0u hi\u1ec7u qu\u1ea3 trong tr\u1ecb li\u1ec7u.C\u1ea7n s\u1eed d\u1ee5ng th\u00eam c\u00e1c s\u1ea3n ph\u1ea9m cung c\u1ea5p \u1ea9m v\u00e0 ch\u1ed1ng n\u1eafng \u0111\u1ec3 b\u1ea3o v\u1ec7 cho l\u00e0n da. C\u00f3 th\u1ec3 s\u1eed d\u1ee5ng thay cho t\u1ebf b\u00e0o g\u1ed1c \u0111\u1ec3 duy tr\u00ec sau th\u1eddi gian tr\u1ecb li\u1ec7u v\u1edbi t\u1ebf b\u00e0o g\u1ed1c.<\/p>\n","protected":false},"excerpt":{"rendered":"<p>C\u00f4ng ngh\u1ec7 Madecassoside\u00ae by Bayer, ATP, Ectoin\u00ae v\u00e0 Actibiome Complex. Chi\u1ebft xu\u1ea5t t\u00edch tuy\u1ebft th\u1ea3o hay l\u00f4i c\u00f4ng th\u1ea3o. Si\u00eau ph\u1ea9m n\u00e0y ch\u1ee9a th\u00e0nh ph\u1ea7n m\u1edbi l\u1ea1, \u0111\u1ed9c \u0111\u00e1o c\u00f3 kh\u1ea3 n\u0103ng t\u00e1i c\u1ea5u tr\u00fac b\u1ec1 m\u1eb7t da, ch\u1ed1ng oxy h\u00f3a m\u1ea1nh m\u1ebd, k\u00edch th\u00edch t\u1ed5ng h\u1ee3p collagen gi\u00fap c\u00e2n b\u1eb1ng m\u00f4i tr\u01b0\u1eddng t\u1ef1 nhi\u00ean c\u1ee7a da, t\u0103ng c\u01b0\u1eddng kh\u1ea3 n\u0103ng mi\u1ec5n d\u1ecbch \u1edf l\u1edbp th\u01b0\u1ee3ng b\u00ec. Tinh ch\u1ea5t Essential serum l\u00e0 s\u1ea3n ph\u1ea9m cho hi\u1ec7u qu\u1ea3 t\u1ed1i \u01b0u trong qu\u00e1 tr\u00ecnh tr\u1ecb li\u1ec7u v\u00e0 ch\u0103m s\u00f3c da.Nghi\u00ean c\u1ee9u l\u00e2m s\u00e0ng cho th\u1ea5y l\u00e0n da tr\u1eafng s\u00e1ng h\u01a1n, gi\u1ea3m n\u1ebft nh\u0103n s\u00e2u, da ph\u1eb3ng m\u01b0\u1ee3t v\u00e0 tr\u00e0n \u0111\u1ea7y n\u0103ng l\u01b0\u1ee3ng<\/p>\n","protected":false},"featured_media":1323,"comment_status":"open","ping_status":"closed","template":"","meta":{"site-sidebar-layout":"default","site-content-layout":"default","ast-global-header-display":"","ast-banner-title-visibility":"","ast-main-header-display":"","ast-hfb-above-header-display":"","ast-hfb-below-header-display":"","ast-hfb-mobile-header-display":"","site-post-title":"","ast-breadcrumbs-content":"","ast-featured-img":"","footer-sml-layout":"","theme-transparent-header-meta":"default","adv-header-id-meta":"","stick-header-meta":"","header-above-stick-meta":"","header-main-stick-meta":"","header-below-stick-meta":""},"product_cat":[36,38],"product_tag":[],"_links":{"self":[{"href":"https:\/\/oanhbeautyspa.com\/index.php\/wp-json\/wp\/v2\/product\/1133"}],"collection":[{"href":"https:\/\/oanhbeautyspa.com\/index.php\/wp-json\/wp\/v2\/product"}],"about":[{"href":"https:\/\/oanhbeautyspa.com\/index.php\/wp-json\/wp\/v2\/types\/product"}],"replies":[{"embeddable":true,"href":"https:\/\/oanhbeautyspa.com\/index.php\/wp-json\/wp\/v2\/comments?post=1133"}],"wp:featuredmedia":[{"embeddable":true,"href":"https:\/\/oanhbeautyspa.com\/index.php\/wp-json\/wp\/v2\/media\/1323"}],"wp:attachment":[{"href":"https:\/\/oanhbeautyspa.com\/index.php\/wp-json\/wp\/v2\/media?parent=1133"}],"wp:term":[{"taxonomy":"product_cat","embeddable":true,"href":"https:\/\/oanhbeautyspa.com\/index.php\/wp-json\/wp\/v2\/product_cat?post=1133"},{"taxonomy":"product_tag","embeddable":true,"href":"https:\/\/oanhbeautyspa.com\/index.php\/wp-json\/wp\/v2\/product_tag?post=1133"}],"curies":[{"name":"wp","href":"https:\/\/api.w.org\/{rel}","templated":true}]}}