{"id":1132,"date":"2023-10-10T12:43:51","date_gmt":"2023-10-10T11:43:51","guid":{"rendered":"https:\/\/oanhbeautyspa.com\/?post_type=product&#038;p=1132"},"modified":"2023-10-31T21:29:24","modified_gmt":"2023-10-31T21:29:24","slug":"ai-smart-cream-50ml","status":"publish","type":"product","link":"https:\/\/oanhbeautyspa.com\/index.php\/product\/ai-smart-cream-50ml\/","title":{"rendered":"AI Smart Cream &#8211; 50ml"},"content":{"rendered":"<p>Kem t\u1ebf b\u00e0o g\u1ed1c, nu\u00f4i d\u01b0\u1ee1ng t\u00e1i sinh l\u00e0n da<\/p>\n<p><strong>C\u00d4NG D\u1ee4NG V\u00c0 TH\u00c0NH PH\u1ea6N<\/strong><br \/>\nC\u00f4ng ngh\u1ec7 Madecassoside\u00ae, ATP, Ectoin\u00ae. Chi\u1ebft xu\u1ea5t c\u00e2y rau m\u00e1. l\u00e0 s\u1ea3n ph\u1ea9m c\u00f4ng ngh\u1ec7 cao &#8221; high-tech&#8221; c\u00f3 kh\u1ea3 n\u0103ng nu\u00f4i d\u01b0\u1ee1ng v\u00e0 b\u1ea3o v\u1ec7 da kh\u1ecfi c\u00e1c t\u00e1c h\u1ea1i c\u1ee7a m\u00f4i tr\u01b0\u1eddng. Kem c\u00f3 k\u1ebft c\u1ea5u v\u00f4 c\u00f9ng \u0111\u1eb7c bi\u1ec7t v\u00e0 \u0111\u1ed9c \u0111\u00e1o, h\u00ecnh d\u1ea1ng v\u1eadt l\u00fd nh\u00ecn gi\u1ed1ng nh\u01b0 gel cream nh\u01b0ng khi ch\u1ea1m v\u00e0o th\u00ec l\u1eadp t\u1ee9c tan th\u00e0nh tinh ch\u1ea5t v\u00e0 th\u1ea9m th\u1ea5u ngay v\u00e0o s\u00e2u b\u00ean trong da, t\u1ea1o cho da c\u1ea3m gi\u00e1c m\u1ec1m m\u01b0\u1ee3t, gi\u1ea3i c\u1ee9u l\u00e0n da m\u1ec7t m\u1ecfi, thi\u1ebfu s\u1ee9c s\u1ed1ng ch\u1ec9 t\u00edch t\u1eafc. Ph\u00f9 h\u1ee3p cho nh\u1eefng l\u00e0n da m\u1ec7t m\u1ecfi, c\u0103ng th\u1eb3ng stress, do di chuy\u1ec3n nhi\u1ec1u.<\/p>\n<p><strong>LO\u1ea0I DA PH\u00d9 H\u1ee2P<\/strong><br \/>\nH\u1ed7 tr\u1ee3: Da m\u1ea5t n\u01b0\u1edbc, x\u1ec9n m\u00e0u<br \/>\nLo\u1ea1i da: B\u00ecnh th\u01b0\u1eddng, da kh\u00f4, da h\u1ed7n h\u1ee3p<\/p>\n<p><strong>C\u00c1CH S\u1eec D\u1ee4NG<\/strong><br \/>\nS\u00e1ng, t\u1ed1i. Sau b\u01b0\u1edbc l\u00e0m s\u1ea1ch da th\u00f4ng th\u01b0\u1eddng. \u0110\u1ec3 \u0111\u1ea1t k\u1ebft qu\u1ea3 t\u1ed1i \u01b0u n\u00ean k\u1ebft h\u1ee3p v\u1edbi c\u00e1c lo\u1ea1i boosters. Tr\u00e1nh ti\u1ebfp x\u00fac v\u00f9ng m\u1eaft<\/p>\n","protected":false},"excerpt":{"rendered":"<p>C\u00f4ng ngh\u1ec7 Madecassoside\u00ae, ATP, Ectoin\u00ae. Chi\u1ebft xu\u1ea5t c\u00e2y rau m\u00e1. l\u00e0 s\u1ea3n ph\u1ea9m c\u00f4ng ngh\u1ec7 cao &#8221; high-tech&#8221; c\u00f3 kh\u1ea3 n\u0103ng nu\u00f4i d\u01b0\u1ee1ng v\u00e0 b\u1ea3o v\u1ec7 da kh\u1ecfi c\u00e1c t\u00e1c h\u1ea1i c\u1ee7a m\u00f4i tr\u01b0\u1eddng. Kem c\u00f3 k\u1ebft c\u1ea5u v\u00f4 c\u00f9ng \u0111\u1eb7c bi\u1ec7t v\u00e0 \u0111\u1ed9c \u0111\u00e1o, h\u00ecnh d\u1ea1ng v\u1eadt l\u00fd nh\u00ecn gi\u1ed1ng nh\u01b0 gel cream nh\u01b0ng khi ch\u1ea1m v\u00e0o th\u00ec l\u1eadp t\u1ee9c tan th\u00e0nh tinh ch\u1ea5t v\u00e0 th\u1ea9m th\u1ea5u ngay v\u00e0o s\u00e2u b\u00ean trong da, t\u1ea1o cho da c\u1ea3m gi\u00e1c m\u1ec1m m\u01b0\u1ee3t, gi\u1ea3i c\u1ee9u l\u00e0n da m\u1ec7t m\u1ecfi, thi\u1ebfu s\u1ee9c s\u1ed1ng ch\u1ec9 t\u00edch t\u1eafc. Ph\u00f9 h\u1ee3p cho nh\u1eefng l\u00e0n da m\u1ec7t m\u1ecfi, c\u0103ng th\u1eb3ng stress, do di chuy\u1ec3n nhi\u1ec1u.<\/p>\n","protected":false},"featured_media":1322,"comment_status":"open","ping_status":"closed","template":"","meta":{"site-sidebar-layout":"default","site-content-layout":"default","ast-global-header-display":"","ast-banner-title-visibility":"","ast-main-header-display":"","ast-hfb-above-header-display":"","ast-hfb-below-header-display":"","ast-hfb-mobile-header-display":"","site-post-title":"","ast-breadcrumbs-content":"","ast-featured-img":"","footer-sml-layout":"","theme-transparent-header-meta":"default","adv-header-id-meta":"","stick-header-meta":"","header-above-stick-meta":"","header-main-stick-meta":"","header-below-stick-meta":""},"product_cat":[36,41],"product_tag":[],"_links":{"self":[{"href":"https:\/\/oanhbeautyspa.com\/index.php\/wp-json\/wp\/v2\/product\/1132"}],"collection":[{"href":"https:\/\/oanhbeautyspa.com\/index.php\/wp-json\/wp\/v2\/product"}],"about":[{"href":"https:\/\/oanhbeautyspa.com\/index.php\/wp-json\/wp\/v2\/types\/product"}],"replies":[{"embeddable":true,"href":"https:\/\/oanhbeautyspa.com\/index.php\/wp-json\/wp\/v2\/comments?post=1132"}],"wp:featuredmedia":[{"embeddable":true,"href":"https:\/\/oanhbeautyspa.com\/index.php\/wp-json\/wp\/v2\/media\/1322"}],"wp:attachment":[{"href":"https:\/\/oanhbeautyspa.com\/index.php\/wp-json\/wp\/v2\/media?parent=1132"}],"wp:term":[{"taxonomy":"product_cat","embeddable":true,"href":"https:\/\/oanhbeautyspa.com\/index.php\/wp-json\/wp\/v2\/product_cat?post=1132"},{"taxonomy":"product_tag","embeddable":true,"href":"https:\/\/oanhbeautyspa.com\/index.php\/wp-json\/wp\/v2\/product_tag?post=1132"}],"curies":[{"name":"wp","href":"https:\/\/api.w.org\/{rel}","templated":true}]}}