{"id":1131,"date":"2023-10-10T12:43:51","date_gmt":"2023-10-10T11:43:51","guid":{"rendered":"https:\/\/oanhbeautyspa.com\/?post_type=product&#038;p=1131"},"modified":"2023-10-31T21:29:10","modified_gmt":"2023-10-31T21:29:10","slug":"al-source-booster-20ml","status":"publish","type":"product","link":"https:\/\/oanhbeautyspa.com\/index.php\/product\/al-source-booster-20ml\/","title":{"rendered":"Al Source Booster &#8211; 20ml"},"content":{"rendered":"<p>CS AI Source Booster 1,5% Hyaluronic Acid Booster l\u00e0m \u0111\u1ea7y, ti\u1ebfp n\u01b0\u1edbc, c\u1ea5p \u1ea9m chuy\u00ean s\u00e2u v\u00e0 t\u00e1i t\u1ea1o n\u0103ng l\u01b0\u1ee3ng c\u1ea5p t\u1ed1c<\/p>\n<p><strong>C\u00d4NG D\u1ee4NG V\u00c0 TH\u00c0NH PH\u1ea6N CH\u00cdNH<\/strong><br \/>\n\u0110\u01b0\u1ee3c m\u1ec7nh danh l\u00e0 d\u1ea1ng HA cho hi\u1ec7u qu\u1ea3 \u0111\u1ed9t ph\u00e1 nh\u1ea5t ng\u00e0nh y h\u1ecdc hi\u1ec7n nay. C\u00f3 kh\u1ea3 n\u0103ng th\u00e2m nh\u1eadp s\u00e2u v\u00e0o b\u00ean trong da, c\u1ea5p \u1ea9m v\u00e0 cung c\u1ea5p n\u0103ng l\u01b0\u1ee3ng cho da, l\u00e0m \u0111\u1ea7y m\u1ecdi n\u1ebfp nh\u0103n s\u00e2u nh\u1ea5t, \u0111\u1ed3ng th\u1eddi ph\u00e2n t\u1eed n\u0103ng l\u01b0\u1ee3ng ATP (Adenosine Triphosphate) cung c\u1ea5p v\u00e0 v\u1eadn chuy\u1ec3n n\u0103ng l\u01b0\u1ee3ng cho t\u1ebf b\u00e0o, t\u1ed1i \u01b0u h\u00f3a kh\u1ea3 n\u0103ng ph\u1ee5c h\u1ed3i v\u00e0 t\u00e1i t\u1ea1o n\u0103ng l\u01b0\u1ee3ng cho da. Kh\u1ea3 n\u0103ng ng\u1eadm h\u00fat n\u01b0\u1edbc \u0111a chi\u1ec1u \u1edf m\u1ee9c \u0111\u1ed9 s\u00e2u, len l\u1ecfi v\u00e0o b\u00ean trong l\u00e0m c\u0103ng m\u01b0\u1ee3t da.<\/p>\n<p><strong>LO\u1ea0I DA PH\u00d9 H\u1ee2P<\/strong><br \/>\nH\u1ed7 tr\u1ee3: Da m\u1ea5t n\u01b0\u1edbc, n\u1ebfp nh\u0103n, da x\u1ec9n m\u00e0u, nh\u0103n<br \/>\nLo\u1ea1i da: T\u1ea5t c\u1ea3 c\u00e1c lo\u1ea1i da<\/p>\n<p><strong>C\u00c1CH S\u1eec D\u1ee4NG<\/strong><br \/>\nS\u00e1ng, t\u1ed1i. Ho\u1eb7c khi n\u00e0o c\u1ea7n t\u00e1i t\u1ea1o n\u0103ng l\u01b0\u1ee3ng v\u00e0 s\u1ee9c s\u1ed1ng m\u1edbi cho l\u00e0n da. K\u1ebft h\u1ee3p v\u1edbi CS Al Recovery Serum hay c\u00e1c s\u1ea3n ph\u1ea9m dinh d\u01b0\u1ee1ng kh\u00e1c \u0111\u1ec3 t\u1ed1i \u01b0u h\u00f3a hi\u1ec7u qu\u1ea3 tr\u1ecb li\u1ec7u.<\/p>\n","protected":false},"excerpt":{"rendered":"<p>\u0110\u01b0\u1ee3c m\u1ec7nh danh l\u00e0 d\u1ea1ng HA cho hi\u1ec7u qu\u1ea3 \u0111\u1ed9t ph\u00e1 nh\u1ea5t ng\u00e0nh y h\u1ecdc hi\u1ec7n nay. C\u00f3 kh\u1ea3 n\u0103ng th\u00e2m nh\u1eadp s\u00e2u v\u00e0o b\u00ean trong da, c\u1ea5p \u1ea9m v\u00e0 cung c\u1ea5p n\u0103ng l\u01b0\u1ee3ng cho da, l\u00e0m \u0111\u1ea7y m\u1ecdi n\u1ebfp nh\u0103n s\u00e2u nh\u1ea5t, \u0111\u1ed3ng th\u1eddi ph\u00e2n t\u1eed n\u0103ng l\u01b0\u1ee3ng ATP (Adenosine Triphosphate) cung c\u1ea5p v\u00e0 v\u1eadn chuy\u1ec3n n\u0103ng l\u01b0\u1ee3ng cho t\u1ebf b\u00e0o, t\u1ed1i \u01b0u h\u00f3a kh\u1ea3 n\u0103ng ph\u1ee5c h\u1ed3i v\u00e0 t\u00e1i t\u1ea1o n\u0103ng l\u01b0\u1ee3ng cho da. Kh\u1ea3 n\u0103ng ng\u1eadm h\u00fat n\u01b0\u1edbc \u0111a chi\u1ec1u \u1edf m\u1ee9c \u0111\u1ed9 s\u00e2u, len l\u1ecfi v\u00e0o b\u00ean trong l\u00e0m c\u0103ng m\u01b0\u1ee3t da.<\/p>\n","protected":false},"featured_media":1303,"comment_status":"open","ping_status":"closed","template":"","meta":{"site-sidebar-layout":"default","site-content-layout":"default","ast-global-header-display":"","ast-banner-title-visibility":"","ast-main-header-display":"","ast-hfb-above-header-display":"","ast-hfb-below-header-display":"","ast-hfb-mobile-header-display":"","site-post-title":"","ast-breadcrumbs-content":"","ast-featured-img":"","footer-sml-layout":"","theme-transparent-header-meta":"default","adv-header-id-meta":"","stick-header-meta":"","header-above-stick-meta":"","header-main-stick-meta":"","header-below-stick-meta":""},"product_cat":[36,38],"product_tag":[],"_links":{"self":[{"href":"https:\/\/oanhbeautyspa.com\/index.php\/wp-json\/wp\/v2\/product\/1131"}],"collection":[{"href":"https:\/\/oanhbeautyspa.com\/index.php\/wp-json\/wp\/v2\/product"}],"about":[{"href":"https:\/\/oanhbeautyspa.com\/index.php\/wp-json\/wp\/v2\/types\/product"}],"replies":[{"embeddable":true,"href":"https:\/\/oanhbeautyspa.com\/index.php\/wp-json\/wp\/v2\/comments?post=1131"}],"wp:featuredmedia":[{"embeddable":true,"href":"https:\/\/oanhbeautyspa.com\/index.php\/wp-json\/wp\/v2\/media\/1303"}],"wp:attachment":[{"href":"https:\/\/oanhbeautyspa.com\/index.php\/wp-json\/wp\/v2\/media?parent=1131"}],"wp:term":[{"taxonomy":"product_cat","embeddable":true,"href":"https:\/\/oanhbeautyspa.com\/index.php\/wp-json\/wp\/v2\/product_cat?post=1131"},{"taxonomy":"product_tag","embeddable":true,"href":"https:\/\/oanhbeautyspa.com\/index.php\/wp-json\/wp\/v2\/product_tag?post=1131"}],"curies":[{"name":"wp","href":"https:\/\/api.w.org\/{rel}","templated":true}]}}