{"id":1128,"date":"2023-10-10T12:43:51","date_gmt":"2023-10-10T11:43:51","guid":{"rendered":"https:\/\/oanhbeautyspa.com\/?post_type=product&#038;p=1128"},"modified":"2023-10-31T21:32:57","modified_gmt":"2023-10-31T21:32:57","slug":"age-intelligence-recovery-serum-30ml","status":"publish","type":"product","link":"https:\/\/oanhbeautyspa.com\/index.php\/product\/age-intelligence-recovery-serum-30ml\/","title":{"rendered":"Age Intelligence Recovery Serum &#8211; 30ml"},"content":{"rendered":"<p>T\u1ebf b\u00e0o g\u1ed1c th\u00f4ng minh ch\u1ed1ng l\u00e3o h\u00f3a v\u00e0 ph\u1ee5c h\u1ed3i t\u1ebf b\u00e0o th\u1ebf h\u1ec7 III<\/p>\n<p><strong>C\u00d4NG D\u1ee4NG V\u00c0 TH\u00c0NH PH\u1ea6N CH\u00cdNH<\/strong><br \/>\nC\u00f4ng ngh\u1ec7 Cellactel II, Age Intelligence Complex ,Madecassoside \u00ae From Bayer,Ronacare \u00ae Merck. C\u00f3 kh\u1ea3 n\u0103ng kh\u00e1ng vi\u00eam v\u00e0 ch\u1ed1ng oxy h\u00f3a m\u1ea1nh chi\u1ebft xu\u1ea5t t\u1eeb t\u00edch tuy\u1ebft th\u1ea3o gi\u1ea3m k\u00edch \u1ee9ng, ng\u0103n ng\u1eeba \u0111i\u1ec1u ch\u1ec9nh r\u1ed1i lo\u1ea1n mi\u1ec5n d\u1ecbch b\u1eb1ng c\u00e1ch kh\u00f3a c\u00e1c chu\u1ed7i Neuron th\u1ea7n kinh t\u1ea1i c\u00e1c v\u00f9ng t\u1ebf b\u00e0o b\u1ecb vi\u00eam, kh\u00f4i ph\u1ee5c kh\u1ea3 n\u0103ng t\u1ef1 ph\u00f2ng v\u1ec7 c\u1ee7a l\u1edbp t\u1ebf b\u00e0o s\u1eebng. L\u00e0 s\u1ea3n ph\u1ea9m ho\u00e0n h\u1ea3o cho m\u1ecdi v\u1ea5n \u0111\u1ec1 c\u1ee7a l\u00e0n da.<\/p>\n<p><strong>LO\u1ea0I DA PH\u00d9 H\u1ee2P<\/strong><br \/>\nH\u1ed7 tr\u1ee3: Da b\u1ecb th\u01b0\u01a1ng t\u1ed5n, vi\u00eam k\u00edch \u1ee9ng, t\u00ecnh tr\u1ea1ng l\u00e3o h\u00f3a, da b\u1ecb stress, c\u0103ng th\u1eb3ng do \u0111\u1eddi s\u1ed1ng \u0111\u00f4 th\u1ecb \u00f4 nhi\u1ec5m \u0111\u1ed9c h\u1ea1i<br \/>\nLo\u1ea1i da: T\u1ea5t c\u1ea3 c\u00e1c lo\u1ea1i da<\/p>\n<p><strong>C\u00c1CH S\u1eec D\u1ee4NG<\/strong><br \/>\nS\u00e1ng, t\u1ed1i trong 1 th\u00e1ng. Cho 1 li\u1ec7u tr\u00ecnh tr\u1ecb li\u1ec7u, ph\u1ee5c h\u1ed3i<br \/>\nC\u00f3 th\u1ec3 d\u00f9ng tr\u01b0\u1edbc v\u00e0 sau khi th\u1ef1c hi\u1ec7n ph\u01b0\u01a1ng li\u1ec7u ph\u00e1p th\u1ea9m m\u1ef9 x\u00e2m l\u1ea5n, hay \u0111i\u1ec1u tr\u1ecb Laser, l\u0103n kim&#8230; \u0111\u1ec3 da c\u00f3 kh\u1ea3 n\u0103ng ph\u1ee5c h\u1ed3i, t\u00e1i t\u1ea1o t\u1ed1t h\u01a1n. (T\u01b0 v\u1ea5n th\u00eam B\u00e1c s\u0129, chuy\u00ean vi\u00ean t\u01b0 v\u1ea5n).<\/p>\n","protected":false},"excerpt":{"rendered":"<p>C\u00f4ng ngh\u1ec7 Cellactel II, Age Intelligence Complex ,Madecassoside \u00ae From Bayer,Ronacare \u00ae Merck. C\u00f3 kh\u1ea3 n\u0103ng kh\u00e1ng vi\u00eam v\u00e0 ch\u1ed1ng oxy h\u00f3a m\u1ea1nh chi\u1ebft xu\u1ea5t t\u1eeb t\u00edch tuy\u1ebft th\u1ea3o gi\u1ea3m k\u00edch \u1ee9ng, ng\u0103n ng\u1eeba \u0111i\u1ec1u ch\u1ec9nh r\u1ed1i lo\u1ea1n mi\u1ec5n d\u1ecbch b\u1eb1ng c\u00e1ch kh\u00f3a c\u00e1c chu\u1ed7i Neuron th\u1ea7n kinh t\u1ea1i c\u00e1c v\u00f9ng t\u1ebf b\u00e0o b\u1ecb vi\u00eam, kh\u00f4i ph\u1ee5c kh\u1ea3 n\u0103ng t\u1ef1 ph\u00f2ng v\u1ec7 c\u1ee7a l\u1edbp t\u1ebf b\u00e0o s\u1eebng. L\u00e0 s\u1ea3n ph\u1ea9m ho\u00e0n h\u1ea3o cho m\u1ecdi v\u1ea5n \u0111\u1ec1 c\u1ee7a l\u00e0n da.<\/p>\n","protected":false},"featured_media":1300,"comment_status":"open","ping_status":"closed","template":"","meta":{"site-sidebar-layout":"default","site-content-layout":"default","ast-global-header-display":"","ast-banner-title-visibility":"","ast-main-header-display":"","ast-hfb-above-header-display":"","ast-hfb-below-header-display":"","ast-hfb-mobile-header-display":"","site-post-title":"","ast-breadcrumbs-content":"","ast-featured-img":"","footer-sml-layout":"","theme-transparent-header-meta":"default","adv-header-id-meta":"","stick-header-meta":"","header-above-stick-meta":"","header-main-stick-meta":"","header-below-stick-meta":""},"product_cat":[36,38],"product_tag":[],"_links":{"self":[{"href":"https:\/\/oanhbeautyspa.com\/index.php\/wp-json\/wp\/v2\/product\/1128"}],"collection":[{"href":"https:\/\/oanhbeautyspa.com\/index.php\/wp-json\/wp\/v2\/product"}],"about":[{"href":"https:\/\/oanhbeautyspa.com\/index.php\/wp-json\/wp\/v2\/types\/product"}],"replies":[{"embeddable":true,"href":"https:\/\/oanhbeautyspa.com\/index.php\/wp-json\/wp\/v2\/comments?post=1128"}],"wp:featuredmedia":[{"embeddable":true,"href":"https:\/\/oanhbeautyspa.com\/index.php\/wp-json\/wp\/v2\/media\/1300"}],"wp:attachment":[{"href":"https:\/\/oanhbeautyspa.com\/index.php\/wp-json\/wp\/v2\/media?parent=1128"}],"wp:term":[{"taxonomy":"product_cat","embeddable":true,"href":"https:\/\/oanhbeautyspa.com\/index.php\/wp-json\/wp\/v2\/product_cat?post=1128"},{"taxonomy":"product_tag","embeddable":true,"href":"https:\/\/oanhbeautyspa.com\/index.php\/wp-json\/wp\/v2\/product_tag?post=1128"}],"curies":[{"name":"wp","href":"https:\/\/api.w.org\/{rel}","templated":true}]}}