{"id":1127,"date":"2023-10-10T12:43:51","date_gmt":"2023-10-10T11:43:51","guid":{"rendered":"https:\/\/oanhbeautyspa.com\/?post_type=product&#038;p=1127"},"modified":"2023-10-31T21:28:29","modified_gmt":"2023-10-31T21:28:29","slug":"al-resurfacing-water","status":"publish","type":"product","link":"https:\/\/oanhbeautyspa.com\/index.php\/product\/al-resurfacing-water\/","title":{"rendered":"Al Resurfacing Water"},"content":{"rendered":"<p>Peel v\u1ed7 thay da 10% Glycolic Acid chuy\u1ec3n \u0111\u1ed5i v\u00e0 thay m\u1edbi b\u1ec1 m\u1eb7t da<\/p>\n<p><strong>C\u00d4NG D\u1ee4NG<\/strong><br \/>\nPac-man l\u00e0m s\u1ea1ch s\u00e2u, lo\u1ea1i b\u1ecf t\u1ebf b\u00e0o s\u1eebng ch\u1ebft v\u00e0 b\u1ee5i b\u1ea9n b\u00e1m tr\u00ean b\u1ec1 m\u1eb7t da.<br \/>\nGi\u00fap se kh\u00edt l\u1ed7 ch\u00e2n l\u00f4ng, gi\u00fap da s\u00e1ng kh\u1ecfe, m\u1ec1m m\u01b0\u1ee3t v\u00e0 ph\u1eb3ng m\u1ecbn, x\u00f3a m\u1edd n\u1ebfp nh\u0103n v\u00e0 m\u1edd s\u1eb9o m\u1ee5n.<br \/>\nCung c\u1ea5p n\u0103ng l\u01b0\u1ee3ng v\u00e0 s\u1ee9c s\u1ed1ng cho da, t\u0103ng c\u01b0\u1eddng hi\u1ec7u qu\u1ea3 tr\u1ecb li\u1ec7u cho c\u00e1c s\u1ea3n ph\u1ea9m \u0111i\u1ec1u tr\u1ecb.<\/p>\n<p><strong>TH\u00c0NH PH\u1ea6N C\u00d4NG NGH\u1ec6<\/strong><br \/>\nMadecassoside \u00ae : th\u00e0nh ph\u1ea7n ch\u00ednh gi\u00fap da gi\u1ea3m k\u00edch \u1ee9ng trong quy tr\u00ecnh khi \u0111i\u1ec1u tr\u1ecb Glycolic Acid n\u1ed3ng \u0111\u1ed9 cao 10%<br \/>\nCellactel II Complex + Argan Plant Cells: gi\u00fap \u0111\u1ea9y m\u1ea1nh qu\u00e1 tr\u00ecnh h\u00f4 h\u1ea5p, trao \u0111\u1ed5i ch\u1ea5t v\u00e0 cung c\u1ea5p d\u01b0\u1ee1ng ch\u1ea5t c\u1ea7n thi\u1ebft t\u00e1i t\u1ea1o n\u0103ng l\u01b0\u1ee3ng t\u1ebf b\u00e0o, \u0111\u1ea9y m\u1ea1nh qu\u00e1 tr\u00ecnh t\u1ef1 s\u1eeda ch\u1eefa v\u00e0 thay m\u1edbi t\u1ebf b\u00e0o da, gi\u00fap ph\u1ee5c h\u1ed3i m\u1ecdi t\u1ed5n th\u01b0\u01a1ng c\u1ee7a da, ch\u1eb7n \u0111\u1ee9ng qu\u00e1 tr\u00ecnh l\u00e3o h\u00f3a, b\u1ea3o v\u1ec7 da lu\u00f4n kh\u1ecfe m\u1ea1nh.<br \/>\nGlycolic Acid 10% chi\u1ebft xu\u1ea5t t\u1eeb \u0111\u01b0\u1eddng m\u00eda, Acid Glycolic l\u00e0 ph\u00e2n t\u1eed nh\u1ecf nh\u1ea5t trong nh\u00f3m AHA, \u0111\u00e2y ch\u00ednh l\u00e0 th\u00e0nh ph\u1ea7n AHA hi\u1ec7u qu\u1ea3 nh\u1ea5t nh\u1edd kh\u1ea3 n\u0103ng d\u1ec5 d\u00e0ng th\u00e2m nh\u1eadp v\u00e0o s\u00e2u trong da.<\/p>\n<p>Th\u00ed nghi\u1ec7m l\u00e2m s\u00e0ng trong v\u00f2ng 4 tu\u1ea7n cho k\u1ebft qu\u1ea3:<br \/>\nDa t\u01b0\u01a1i s\u00e1ng l\u00ean +81%<br \/>\nC\u00e1c n\u1ebfp nh\u0103n s\u00e2u gi\u1ea3m -71%<br \/>\nT\u0103ng c\u01b0\u1eddng ch\u1ee9c n\u0103ng kh\u00e1c c\u1ee7a da v\u00e0 duy tr\u00ec t\u00e1c d\u1ee5ng l\u00e2u d\u00e0i c\u1ee7a s\u1ea3n ph\u1ea9m l\u00ean \u0111\u1ebfn +94%<\/p>\n<p><strong>LO\u1ea0I DA PH\u00d9 H\u1ee2P<\/strong><br \/>\nK\u1ebft c\u1ea5u: Tinh ch\u1ea5t trong<br \/>\nH\u1ed7 tr\u1ee3: V\u1ebft m\u1ee5n, M\u00e0u da kh\u00f4ng \u0111\u1ed3ng \u0111\u1ec1u, Da x\u1ec9n m\u00e0u<br \/>\nLo\u1ea1i da: T\u1ea5t c\u1ea3 c\u00e1c lo\u1ea1i da ngo\u1ea1i tr\u1eeb nh\u1ea1y c\u1ea3m<\/p>\n<p><strong>C\u00c1CH S\u1eec D\u1ee4NG<\/strong><br \/>\nD\u00f9ng gi\u1ea5y coton ho\u1eb7c \u0111\u1ed5 ra l\u00f2ng b\u00e0n tay v\u00e0 thoa\/v\u1ed7 \u0111\u1ec1u kh\u1eafp m\u1eb7t v\u00e0 c\u1ed5. Ch\u1ec9 d\u00f9ng v\u00e0o ban \u0111\u00eam sau b\u01b0\u1edbc r\u1eeda m\u1eb7t v\u00e0 tr\u01b0\u1edbc serum hay kem d\u01b0\u1ee1ng, kh\u00f4ng r\u1eeda l\u1ea1i v\u1edbi n\u01b0\u1edbc sau khi d\u00f9ng. \u0110\u1ec3 c\u00f3 hi\u1ec7u qu\u1ea3 t\u1ed1t nh\u1ea5t, s\u1eed d\u1ee5ng toner trong li\u00ean t\u1ee5c trong v\u00f2ng 1-2 tu\u1ea7n. N\u1ebfu th\u1ea5y qu\u00e1 ch\u00e2m ch\u00edch th\u00ec c\u00f3 th\u1ec3 d\u00f9ng c\u00e1ch \u0111\u00eam ho\u1eb7c d\u00f9ng theo t\u00ecnh tr\u1ea1ng da. V\u00ec s\u1ea3n ph\u1ea9m ch\u1ee9a n\u1ed3ng \u0111\u1ed9 cao Acid Glycolic n\u00ean nh\u1eefng kh\u00e1ch h\u00e0ng m\u1eabn c\u1ea3m v\u1edbi AHA ho\u1eb7c c\u00f3 ti\u1ec1n s\u1eed d\u1ecb \u1ee9ng v\u1edbi th\u00e0nh ph\u1ea7n thay da kh\u00f4ng n\u00ean s\u1eed d\u1ee5ng. Kh\u00f4ng d\u00f9ng v\u00e0o khu v\u1ef1c c\u00f3 v\u1ebft th\u01b0\u01a1ng h\u1edf, \u0111ang k\u00edch \u1ee9ng, m\u1ee5n ho\u1eb7c nh\u1ea1y c\u1ea3m do b\u1ec7nh rosacea. B\u1eaft bu\u1ed9c s\u1eed d\u1ee5ng kem ch\u1ed1ng n\u1eafng \u0111\u1ec3 b\u1ea3o v\u1ec7 da v\u00e0o ban ng\u00e0y<\/p>\n","protected":false},"excerpt":{"rendered":"<p>Pac-man l\u00e0m s\u1ea1ch s\u00e2u, lo\u1ea1i b\u1ecf t\u1ebf b\u00e0o s\u1eebng ch\u1ebft v\u00e0 b\u1ee5i b\u1ea9n b\u00e1m tr\u00ean b\u1ec1 m\u1eb7t da.<br \/>\nGi\u00fap se kh\u00edt l\u1ed7 ch\u00e2n l\u00f4ng, gi\u00fap da s\u00e1ng kh\u1ecfe, m\u1ec1m m\u01b0\u1ee3t v\u00e0 ph\u1eb3ng m\u1ecbn, x\u00f3a m\u1edd n\u1ebfp nh\u0103n v\u00e0 m\u1edd s\u1eb9o m\u1ee5n.<br \/>\nCung c\u1ea5p n\u0103ng l\u01b0\u1ee3ng v\u00e0 s\u1ee9c s\u1ed1ng cho da, t\u0103ng c\u01b0\u1eddng hi\u1ec7u qu\u1ea3 tr\u1ecb li\u1ec7u cho c\u00e1c s\u1ea3n ph\u1ea9m \u0111i\u1ec1u tr\u1ecb.<\/p>\n<p>&nbsp;<\/p>\n","protected":false},"featured_media":1296,"comment_status":"open","ping_status":"closed","template":"","meta":{"site-sidebar-layout":"default","site-content-layout":"default","ast-global-header-display":"","ast-banner-title-visibility":"","ast-main-header-display":"","ast-hfb-above-header-display":"","ast-hfb-below-header-display":"","ast-hfb-mobile-header-display":"","site-post-title":"","ast-breadcrumbs-content":"","ast-featured-img":"","footer-sml-layout":"","theme-transparent-header-meta":"default","adv-header-id-meta":"","stick-header-meta":"","header-above-stick-meta":"","header-main-stick-meta":"","header-below-stick-meta":""},"product_cat":[36,45],"product_tag":[],"_links":{"self":[{"href":"https:\/\/oanhbeautyspa.com\/index.php\/wp-json\/wp\/v2\/product\/1127"}],"collection":[{"href":"https:\/\/oanhbeautyspa.com\/index.php\/wp-json\/wp\/v2\/product"}],"about":[{"href":"https:\/\/oanhbeautyspa.com\/index.php\/wp-json\/wp\/v2\/types\/product"}],"replies":[{"embeddable":true,"href":"https:\/\/oanhbeautyspa.com\/index.php\/wp-json\/wp\/v2\/comments?post=1127"}],"wp:featuredmedia":[{"embeddable":true,"href":"https:\/\/oanhbeautyspa.com\/index.php\/wp-json\/wp\/v2\/media\/1296"}],"wp:attachment":[{"href":"https:\/\/oanhbeautyspa.com\/index.php\/wp-json\/wp\/v2\/media?parent=1127"}],"wp:term":[{"taxonomy":"product_cat","embeddable":true,"href":"https:\/\/oanhbeautyspa.com\/index.php\/wp-json\/wp\/v2\/product_cat?post=1127"},{"taxonomy":"product_tag","embeddable":true,"href":"https:\/\/oanhbeautyspa.com\/index.php\/wp-json\/wp\/v2\/product_tag?post=1127"}],"curies":[{"name":"wp","href":"https:\/\/api.w.org\/{rel}","templated":true}]}}