{"id":1124,"date":"2023-10-10T12:43:51","date_gmt":"2023-10-10T11:43:51","guid":{"rendered":"https:\/\/oanhbeautyspa.com\/?post_type=product&#038;p=1124"},"modified":"2023-10-10T17:40:30","modified_gmt":"2023-10-10T16:40:30","slug":"facial-boosting-essence-150ml","status":"publish","type":"product","link":"https:\/\/oanhbeautyspa.com\/index.php\/product\/facial-boosting-essence-150ml\/","title":{"rendered":"Facial Boosting Essence &#8211; 150ml"},"content":{"rendered":"<p>Tinh ch\u1ea5t th\u1ea7n k\u1ef3 t\u00e1i t\u1ea1o v\u00e0 ph\u1ee5c h\u1ed3i t\u1ebf b\u00e0o<\/p>\n<p>C\u00d4NG D\u1ee4NG V\u00c0 TH\u00c0NH PH\u1ea6N CH\u00cdNH<br \/>\nChi\u1ebft xu\u1ea5t nho tinh khi\u1ebft, n\u1ea5m tr\u01b0\u1eddng sinh, Celactel 2. C\u00f3 kh\u1ea3 n\u0103ng ph\u1ee5c h\u1ed3i, t\u00e1i t\u1ea1o, tr\u1ebb h\u00f3a da, cung c\u1ea5p d\u01b0\u1ee1ng ch\u1ea5t, t\u0103ng c\u01b0\u1eddng kh\u1ea3 n\u0103ng \u0111\u00e0n h\u1ed3i v\u00e0 s\u1ef1 m\u1ec1m m\u1ea1i cho da, c\u00f4ng ngh\u1ec7 Urban Stress c\u00f3 kh\u1ea3 n\u0103ng thanh l\u1ecdc l\u00e0m tr\u1eafng v\u00e0 b\u1ea3o v\u1ec7 da, gi\u00fap da t\u01b0\u01a1i tr\u1ebb v\u00e0 lo\u1ea1i b\u1ecf d\u1ea5u hi\u1ec7u l\u00e3o h\u00f3a. V\u1edbi h\u1ed7n h\u1ee3p c\u00f4ng ngh\u1ec7 cao ch\u1ee9a h\u00e0m l\u01b0\u1ee3ng l\u1edbn n\u0103ng l\u01b0\u1ee3ng v\u00e0 dinh d\u01b0\u1ee1ng d\u01b0\u1edbi d\u1ea1ng n\u01b0\u1edbc tinh ch\u1ea5t, lu\u00f4n gi\u1eef \u1ea9m cho da \u1edf m\u1ee9c cao nh\u1ea5t v\u00e0 gi\u1ea3m t\u1ed1i \u0111a n\u1ebfp nh\u0103n v\u00e0 c\u00e1c d\u1ea5u hi\u1ec7u c\u1ee7a l\u00e0n da m\u1ec7t m\u1ecfi. L\u00e0 s\u1ea3n ph\u1ea9m mang t\u00ednh d\u1eabn tuy\u1ec7t v\u1eddi l\u00e0m b\u01b0\u1edbc \u0111\u1ec7m cho c\u00e1c s\u1ea3n ph\u1ea9m dinh d\u01b0\u1ee1ng kh\u00e1c.<\/p>\n<p>LO\u1ea0I DA PH\u00d9 H\u1ee2P<br \/>\nT\u1ea5t c\u1ea3 lo\u1ea1i da, Da x\u1ec9n m\u00e0u, s\u1ea1m, m\u1ec7t m\u1ecfi, da kh\u00f4 s\u1ea7n, da b\u1ecb \u1ea3nh h\u01b0\u1edfng do c\u0103ng th\u1eb3ng \u00f4 nhi\u1ec5m \u0111\u00f4 th\u1ecb h\u00f3a.<\/p>\n<p>C\u00c1CH S\u1eec D\u1ee4NG<br \/>\nS\u1eed d\u1ee5ng cho c\u1ea3 ng\u00e0y v\u00e0 \u0111\u00eam, d\u00f9ng sau b\u01b0\u1edbc l\u00e0m s\u1ea1ch c\u00e2n b\u1eb1ng v\u00e0 tr\u01b0\u1edbc b\u01b0\u1edbc serum.<br \/>\n\u0110\u1eb7c bi\u1ec7t hi\u1ec7u qu\u1ea3 khi d\u00f9ng tr\u01b0\u1edbc v\u00e0 sau khi ra n\u1eafng \u0111\u1ec3 gi\u1ea3m thi\u1ec7u c\u00e1c t\u00e1c \u0111\u1ed9ng g\u00e2y k\u00edch \u1ee9ng da.<br \/>\n\u0110\u1ed5 ra l\u00f2ng b\u00e0n tay v\u00e0i gi\u1ecdt v\u1ed7 nh\u1eb9 nh\u00e0ng v\u00e0 thoa \u0111\u1ec1u kh\u1eafp m\u1eb7t v\u00e0 c\u1ed5, tr\u00e1nh v\u00f9ng m\u1eaft.<\/p>\n","protected":false},"excerpt":{"rendered":"<p>Tinh ch\u1ea5t th\u1ea7n k\u1ef3 t\u00e1i t\u1ea1o v\u00e0 ph\u1ee5c h\u1ed3i t\u1ebf b\u00e0o C\u00d4NG D\u1ee4NG V\u00c0 TH\u00c0NH PH\u1ea6N CH\u00cdNH Chi\u1ebft xu\u1ea5t nho tinh khi\u1ebft, n\u1ea5m tr\u01b0\u1eddng sinh, Celactel 2. C\u00f3 kh\u1ea3 n\u0103ng ph\u1ee5c h\u1ed3i, t\u00e1i t\u1ea1o, tr\u1ebb h\u00f3a da, cung c\u1ea5p d\u01b0\u1ee1ng ch\u1ea5t, t\u0103ng c\u01b0\u1eddng kh\u1ea3 n\u0103ng \u0111\u00e0n h\u1ed3i v\u00e0 s\u1ef1 m\u1ec1m m\u1ea1i cho da, c\u00f4ng ngh\u1ec7 &hellip;<\/p>\n<p class=\"read-more\"> <a class=\"\" href=\"https:\/\/oanhbeautyspa.com\/index.php\/product\/facial-boosting-essence-150ml\/\"> <span class=\"screen-reader-text\">Facial Boosting Essence &#8211; 150ml<\/span> Read More &raquo;<\/a><\/p>\n","protected":false},"featured_media":1292,"comment_status":"open","ping_status":"closed","template":"","meta":{"site-sidebar-layout":"default","site-content-layout":"default","ast-global-header-display":"","ast-banner-title-visibility":"","ast-main-header-display":"","ast-hfb-above-header-display":"","ast-hfb-below-header-display":"","ast-hfb-mobile-header-display":"","site-post-title":"","ast-breadcrumbs-content":"","ast-featured-img":"","footer-sml-layout":"","theme-transparent-header-meta":"default","adv-header-id-meta":"","stick-header-meta":"","header-above-stick-meta":"","header-main-stick-meta":"","header-below-stick-meta":""},"product_cat":[36,38],"product_tag":[],"_links":{"self":[{"href":"https:\/\/oanhbeautyspa.com\/index.php\/wp-json\/wp\/v2\/product\/1124"}],"collection":[{"href":"https:\/\/oanhbeautyspa.com\/index.php\/wp-json\/wp\/v2\/product"}],"about":[{"href":"https:\/\/oanhbeautyspa.com\/index.php\/wp-json\/wp\/v2\/types\/product"}],"replies":[{"embeddable":true,"href":"https:\/\/oanhbeautyspa.com\/index.php\/wp-json\/wp\/v2\/comments?post=1124"}],"wp:featuredmedia":[{"embeddable":true,"href":"https:\/\/oanhbeautyspa.com\/index.php\/wp-json\/wp\/v2\/media\/1292"}],"wp:attachment":[{"href":"https:\/\/oanhbeautyspa.com\/index.php\/wp-json\/wp\/v2\/media?parent=1124"}],"wp:term":[{"taxonomy":"product_cat","embeddable":true,"href":"https:\/\/oanhbeautyspa.com\/index.php\/wp-json\/wp\/v2\/product_cat?post=1124"},{"taxonomy":"product_tag","embeddable":true,"href":"https:\/\/oanhbeautyspa.com\/index.php\/wp-json\/wp\/v2\/product_tag?post=1124"}],"curies":[{"name":"wp","href":"https:\/\/api.w.org\/{rel}","templated":true}]}}