{"id":1123,"date":"2023-10-10T12:43:46","date_gmt":"2023-10-10T11:43:46","guid":{"rendered":"https:\/\/oanhbeautyspa.com\/?post_type=product&#038;p=1123"},"modified":"2023-10-31T21:35:06","modified_gmt":"2023-10-31T21:35:06","slug":"al-youth-inducing-eye-cream-15ml","status":"publish","type":"product","link":"https:\/\/oanhbeautyspa.com\/index.php\/product\/al-youth-inducing-eye-cream-15ml\/","title":{"rendered":"Al Youth Inducing Eye Cream &#8211; 15ml"},"content":{"rendered":"<p>Kem si\u00eau \u0111\u1eb7c tr\u1ecb v\u00e0 tr\u1ebb h\u00f3a v\u00f9ng da m\u1eaft ho\u00e0n m\u1ef9<\/p>\n<p><strong>C\u00d4NG D\u1ee4NG V\u00c0 TH\u00c0NH PH\u1ea6N CH\u00cdNH<\/strong><br \/>\nV\u1edbi c\u00f4ng ngh\u1ec7 \u0111\u1ed9t ph\u00e1 th\u00f4ng minh, s\u1ea3n ph\u1ea9m gi\u1ea3i quy\u1ebft \u0111\u01b0\u1ee3c t\u1ea5t c\u1ea3 c\u00e1c v\u1ea5n \u0111\u1ec1 c\u1ee7a m\u1eaft nh\u01b0 nh\u0103n, th\u00e2m, b\u1ecdng m\u1eaft v\u00e0 t\u00fai m\u1ee1. Cung c\u1ea5p si\u00eau d\u01b0\u1ee1ng ch\u1ea5t thi\u1ebft y\u1ebfu gi\u00fap t\u00e1c \u0111\u1ed9ng tr\u1ef1c ti\u1ebfp \u0111\u1ebfn kh\u1ea3 n\u0103ng t\u1ef1 ph\u1ee5c h\u1ed3i v\u00e0 lo\u1ea1i b\u1ecf to\u00e0n b\u1ed9 k\u00edch \u1ee9ng do c\u0103ng th\u1eb3ng, stress l\u00e0m \u1ea3nh h\u01b0\u1edfng \u0111\u1ebfn v\u00f9ng m\u1eaft. Th\u00fac \u0111\u1ea9y qu\u00e1 tr\u00ecnh s\u1ea3n sinh collagen l\u00e0m ph\u1eb3ng, c\u1ea1n c\u00e1c n\u1ebfp nh\u0103n s\u00e2u. Gi\u00fap da quanh m\u1eaft lu\u00f4n t\u01b0\u01a1i tr\u1ebb.<\/p>\n<p><strong>LO\u1ea0I DA PH\u00d9 H\u1ee2P<\/strong><br \/>\nT\u1ea5t c\u1ea3 c\u00e1c lo\u1ea1i da<\/p>\n<p><strong>C\u00c1CH S\u1eec D\u1ee4NG<\/strong><br \/>\nThoa v\u00f9ng m\u1eaft sau khi thoa serum m\u1eaft.<\/p>\n","protected":false},"excerpt":{"rendered":"<p>V\u1edbi c\u00f4ng ngh\u1ec7 \u0111\u1ed9t ph\u00e1 th\u00f4ng minh, s\u1ea3n ph\u1ea9m gi\u1ea3i quy\u1ebft \u0111\u01b0\u1ee3c t\u1ea5t c\u1ea3 c\u00e1c v\u1ea5n \u0111\u1ec1 c\u1ee7a m\u1eaft nh\u01b0 nh\u0103n, th\u00e2m, b\u1ecdng m\u1eaft v\u00e0 t\u00fai m\u1ee1. Cung c\u1ea5p si\u00eau d\u01b0\u1ee1ng ch\u1ea5t thi\u1ebft y\u1ebfu gi\u00fap t\u00e1c \u0111\u1ed9ng tr\u1ef1c ti\u1ebfp \u0111\u1ebfn kh\u1ea3 n\u0103ng t\u1ef1 ph\u1ee5c h\u1ed3i v\u00e0 lo\u1ea1i b\u1ecf to\u00e0n b\u1ed9 k\u00edch \u1ee9ng do c\u0103ng th\u1eb3ng, stress l\u00e0m \u1ea3nh h\u01b0\u1edfng \u0111\u1ebfn v\u00f9ng m\u1eaft. Th\u00fac \u0111\u1ea9y qu\u00e1 tr\u00ecnh s\u1ea3n sinh collagen l\u00e0m ph\u1eb3ng, c\u1ea1n c\u00e1c n\u1ebfp nh\u0103n s\u00e2u. Gi\u00fap da quanh m\u1eaft lu\u00f4n t\u01b0\u01a1i tr\u1ebb.<\/p>\n","protected":false},"featured_media":1291,"comment_status":"open","ping_status":"closed","template":"","meta":{"site-sidebar-layout":"default","site-content-layout":"default","ast-global-header-display":"","ast-banner-title-visibility":"","ast-main-header-display":"","ast-hfb-above-header-display":"","ast-hfb-below-header-display":"","ast-hfb-mobile-header-display":"","site-post-title":"","ast-breadcrumbs-content":"","ast-featured-img":"","footer-sml-layout":"","theme-transparent-header-meta":"default","adv-header-id-meta":"","stick-header-meta":"","header-above-stick-meta":"","header-main-stick-meta":"","header-below-stick-meta":""},"product_cat":[36,42],"product_tag":[],"_links":{"self":[{"href":"https:\/\/oanhbeautyspa.com\/index.php\/wp-json\/wp\/v2\/product\/1123"}],"collection":[{"href":"https:\/\/oanhbeautyspa.com\/index.php\/wp-json\/wp\/v2\/product"}],"about":[{"href":"https:\/\/oanhbeautyspa.com\/index.php\/wp-json\/wp\/v2\/types\/product"}],"replies":[{"embeddable":true,"href":"https:\/\/oanhbeautyspa.com\/index.php\/wp-json\/wp\/v2\/comments?post=1123"}],"wp:featuredmedia":[{"embeddable":true,"href":"https:\/\/oanhbeautyspa.com\/index.php\/wp-json\/wp\/v2\/media\/1291"}],"wp:attachment":[{"href":"https:\/\/oanhbeautyspa.com\/index.php\/wp-json\/wp\/v2\/media?parent=1123"}],"wp:term":[{"taxonomy":"product_cat","embeddable":true,"href":"https:\/\/oanhbeautyspa.com\/index.php\/wp-json\/wp\/v2\/product_cat?post=1123"},{"taxonomy":"product_tag","embeddable":true,"href":"https:\/\/oanhbeautyspa.com\/index.php\/wp-json\/wp\/v2\/product_tag?post=1123"}],"curies":[{"name":"wp","href":"https:\/\/api.w.org\/{rel}","templated":true}]}}