{"id":1121,"date":"2023-10-10T12:43:46","date_gmt":"2023-10-10T11:43:46","guid":{"rendered":"https:\/\/oanhbeautyspa.com\/?post_type=product&#038;p=1121"},"modified":"2023-10-31T21:36:56","modified_gmt":"2023-10-31T21:36:56","slug":"360-anti-wrinkle-eye-zone-serum-triple-collagen-infusion-15ml","status":"publish","type":"product","link":"https:\/\/oanhbeautyspa.com\/index.php\/product\/360-anti-wrinkle-eye-zone-serum-triple-collagen-infusion-15ml\/","title":{"rendered":"360 Anti Wrinkle Eye Zone Serum Triple Collagen Infusion &#8211; 15ml"},"content":{"rendered":"<p>Huy\u1ebft thanh Collagen t\u01b0\u01a1i x\u00f3a n\u1ebfp nh\u0103n v\u00e0 qu\u1ea7ng th\u00e2m v\u00f9ng m\u1eaft<\/p>\n<p><strong>C\u00d4NG D\u1ee4NG V\u00c0 TH\u00c0NH PH\u1ea6N CH\u00cdNH<\/strong><br \/>\nV\u1edbi kh\u1ea3 n\u0103ng l\u00e0m m\u1edd c\u00e1c n\u1ebfp nh\u0103n v\u00f9ng m\u1eaft nhanh ch\u00f3ng, ng\u0103n ch\u1eb7n h\u00ecnh th\u00e0nh n\u1ebfp nh\u0103n m\u1edbi, gi\u00fap tr\u1ebb h\u00f3a da v\u00f9ng m\u1eaft, ng\u0103n ch\u1eb7n s\u1ef1 h\u1ee7y ho\u1ea1i l\u00e0m thi\u1ebfu h\u1ee5t collagen. H\u1ee3p ch\u1ea5t tr\u1eafng s\u00e1ng v\u00f9ng da m\u1eaft gi\u00fap \u0111\u00e0o th\u1ea3i \u0111\u1ed9c t\u1ed1 b\u00e1m ch\u1eb7t l\u1edbp ngo\u1ea1i b\u00e0o l\u00e0m v\u00f9ng da n\u00e0y tr\u1edf n\u00ean s\u1eadm m\u00e0u v\u00e0 h\u00ecnh th\u00e0nh b\u1ecdng m\u1ee1. Ngo\u00e0i kh\u1ea3 n\u0103ng l\u00e0m d\u1ecbu v\u00e0 th\u01b0 gi\u00e3n v\u00f9ng m\u1eaft ngay l\u1eadp t\u1ee9c, gi\u00fap v\u00f9ng m\u1eaft lu\u00f4n t\u01b0\u01a1i s\u00e1ng, r\u1ea1ng r\u1ee1.<\/p>\n<p><strong>LO\u1ea0I DA PH\u00d9 H\u1ee2P<\/strong><br \/>\nT\u1ea5t c\u1ea3 lo\u1ea1i da<\/p>\n<p><strong>C\u00c1CH S\u1eec D\u1ee4NG<\/strong><br \/>\nThoa serum v\u00e0o m\u1ed7i bu\u1ed5i s\u00e1ng ho\u1eb7c bu\u1ed5i t\u1ed1i tr\u00ean to\u00e0n b\u1ed9 v\u00f9ng m\u1eaft v\u00e0 sau \u0111\u00f3 thoa kem d\u01b0\u1ee1ng d\u00e0nh cho v\u00f9ng m\u1eaft.<\/p>\n","protected":false},"excerpt":{"rendered":"<p>V\u1edbi kh\u1ea3 n\u0103ng l\u00e0m m\u1edd c\u00e1c n\u1ebfp nh\u0103n v\u00f9ng m\u1eaft nhanh ch\u00f3ng, ng\u0103n ch\u1eb7n h\u00ecnh th\u00e0nh n\u1ebfp nh\u0103n m\u1edbi, gi\u00fap tr\u1ebb h\u00f3a da v\u00f9ng m\u1eaft, ng\u0103n ch\u1eb7n s\u1ef1 h\u1ee7y ho\u1ea1i l\u00e0m thi\u1ebfu h\u1ee5t collagen. H\u1ee3p ch\u1ea5t tr\u1eafng s\u00e1ng v\u00f9ng da m\u1eaft gi\u00fap \u0111\u00e0o th\u1ea3i \u0111\u1ed9c t\u1ed1 b\u00e1m ch\u1eb7t l\u1edbp ngo\u1ea1i b\u00e0o l\u00e0m v\u00f9ng da n\u00e0y tr\u1edf n\u00ean s\u1eadm m\u00e0u v\u00e0 h\u00ecnh th\u00e0nh b\u1ecdng m\u1ee1. Ngo\u00e0i kh\u1ea3 n\u0103ng l\u00e0m d\u1ecbu v\u00e0 th\u01b0 gi\u00e3n v\u00f9ng m\u1eaft ngay l\u1eadp t\u1ee9c, gi\u00fap v\u00f9ng m\u1eaft lu\u00f4n t\u01b0\u01a1i s\u00e1ng, r\u1ea1ng r\u1ee1.<\/p>\n","protected":false},"featured_media":1288,"comment_status":"open","ping_status":"closed","template":"","meta":{"site-sidebar-layout":"default","site-content-layout":"default","ast-global-header-display":"","ast-banner-title-visibility":"","ast-main-header-display":"","ast-hfb-above-header-display":"","ast-hfb-below-header-display":"","ast-hfb-mobile-header-display":"","site-post-title":"","ast-breadcrumbs-content":"","ast-featured-img":"","footer-sml-layout":"","theme-transparent-header-meta":"default","adv-header-id-meta":"","stick-header-meta":"","header-above-stick-meta":"","header-main-stick-meta":"","header-below-stick-meta":""},"product_cat":[36,38],"product_tag":[],"_links":{"self":[{"href":"https:\/\/oanhbeautyspa.com\/index.php\/wp-json\/wp\/v2\/product\/1121"}],"collection":[{"href":"https:\/\/oanhbeautyspa.com\/index.php\/wp-json\/wp\/v2\/product"}],"about":[{"href":"https:\/\/oanhbeautyspa.com\/index.php\/wp-json\/wp\/v2\/types\/product"}],"replies":[{"embeddable":true,"href":"https:\/\/oanhbeautyspa.com\/index.php\/wp-json\/wp\/v2\/comments?post=1121"}],"wp:featuredmedia":[{"embeddable":true,"href":"https:\/\/oanhbeautyspa.com\/index.php\/wp-json\/wp\/v2\/media\/1288"}],"wp:attachment":[{"href":"https:\/\/oanhbeautyspa.com\/index.php\/wp-json\/wp\/v2\/media?parent=1121"}],"wp:term":[{"taxonomy":"product_cat","embeddable":true,"href":"https:\/\/oanhbeautyspa.com\/index.php\/wp-json\/wp\/v2\/product_cat?post=1121"},{"taxonomy":"product_tag","embeddable":true,"href":"https:\/\/oanhbeautyspa.com\/index.php\/wp-json\/wp\/v2\/product_tag?post=1121"}],"curies":[{"name":"wp","href":"https:\/\/api.w.org\/{rel}","templated":true}]}}