{"id":1120,"date":"2023-10-10T12:43:46","date_gmt":"2023-10-10T11:43:46","guid":{"rendered":"https:\/\/oanhbeautyspa.com\/?post_type=product&#038;p=1120"},"modified":"2023-10-31T21:35:36","modified_gmt":"2023-10-31T21:35:36","slug":"360-anti-wrinkle-serum-triple-collagen-complex-30ml","status":"publish","type":"product","link":"https:\/\/oanhbeautyspa.com\/index.php\/product\/360-anti-wrinkle-serum-triple-collagen-complex-30ml\/","title":{"rendered":"360 Anti Wrinkle Serum Triple Collagen Complex &#8211; 30ml"},"content":{"rendered":"<p>Huy\u1ebft thanh Collagen t\u01b0\u01a1i x\u00f3a n\u1ebfp nh\u0103n th\u1ea7n t\u1ed1c<\/p>\n<p><strong>C\u00d4NG D\u1ee4NG V\u00c0 TH\u00c0N&#8217;H PH\u1ea6N CH\u00cdNH<\/strong><br \/>\n\u0110\u01b0\u1ee3c m\u1ec7nh danh l\u00e0 &#8220;Botox thoa th\u1ea7n t\u1ed1c&#8221; v\u1edbi kh\u1ea3 n\u0103ng x\u00f3a b\u1ecf c\u00e1c n\u1ebfp g\u1ea5p da t\u1ee9c th\u00ec, l\u00e0m c\u1ea1n h\u1eb3n c\u00e1c v\u1ebft nh\u0103n s\u00e2u do tu\u1ed5i t\u00e1c, t\u00e1i t\u1ea1o s\u1ef1 \u0111\u00e0n h\u1ed3i t\u1ef1 nhi\u00ean, ng\u0103n ch\u1eb7n h\u00ecnh th\u00e0nh n\u1ebfp nh\u0103n m\u1edbi tr\u00ean da, gi\u00fap tr\u1ebb h\u00f3a t\u1ebf b\u00e0o ch\u1ec9 trong t\u00edch t\u1eafc. C\u00f4ng ngh\u1ec7 \u0111\u1ed9t ph\u00e1 t\u1ebf b\u00e0o \u0111\u1ed9c nh\u1ea5t c\u00f3 kh\u1ea3 n\u0103ng th\u1ea5m s\u00e2u v\u00e0 l\u1edbp s\u1eebng \u0111\u1ec3 ph\u1ee5c h\u1ed3i kh\u1ea3 n\u0103ng \u0111\u00e0n h\u1ed3i v\u00e0 s\u0103n ch\u1eafc t\u1ef1 nhi\u00ean c\u1ee7a da, ng\u0103n ch\u1eb7n s\u1ef1 h\u1ee7y ho\u1ea1i l\u00e0m thi\u1ebfu h\u1ee5t collagen, th\u00fac \u0111\u1ea9y tr\u1ebb h\u00f3a t\u1ebf b\u00e0o theo c\u01a1 ch\u1ebf c\u0103ng da t\u1ef1 nhi\u00ean v\u00e0 tuy\u1ec7t \u0111\u1ed1i an to\u00e0n cho da.<\/p>\n<p><strong>LO\u1ea0I DA PH\u00d9 H\u1ee2P<\/strong><\/p>\n<p>Ph\u00f9 h\u1ee3p: Da m\u1ea5t n\u01b0\u1edbc, kh\u00f4 nh\u0103n, g\u00e3y \u0111\u1ee9t Collagen<br \/>\nLo\u1ea1i da: Da tr\u01b0\u1edfng th\u00e0nh, l\u00e3o h\u00f3a, t\u1ea5t c\u1ea3 c\u00e1c lo\u1ea1i da<\/p>\n<p><strong>C\u00c1CH S\u1eec D\u1ee4NG<\/strong><br \/>\nS\u1eed d\u1ee5ng ng\u00e0y v\u00e0 \u0111\u00eam cho c\u1ea3 v\u00f9ng m\u1eb7t v\u00e0 c\u1ed5 tr\u01b0\u1edbc kem d\u01b0\u1ee1ng .<\/p>\n","protected":false},"excerpt":{"rendered":"<p>\u0110\u01b0\u1ee3c m\u1ec7nh danh l\u00e0 &#8220;Botox thoa th\u1ea7n t\u1ed1c&#8221; v\u1edbi kh\u1ea3 n\u0103ng x\u00f3a b\u1ecf c\u00e1c n\u1ebfp g\u1ea5p da t\u1ee9c th\u00ec, l\u00e0m c\u1ea1n h\u1eb3n c\u00e1c v\u1ebft nh\u0103n s\u00e2u do tu\u1ed5i t\u00e1c, t\u00e1i t\u1ea1o s\u1ef1 \u0111\u00e0n h\u1ed3i t\u1ef1 nhi\u00ean, ng\u0103n ch\u1eb7n h\u00ecnh th\u00e0nh n\u1ebfp nh\u0103n m\u1edbi tr\u00ean da, gi\u00fap tr\u1ebb h\u00f3a t\u1ebf b\u00e0o ch\u1ec9 trong t\u00edch t\u1eafc. C\u00f4ng ngh\u1ec7 \u0111\u1ed9t ph\u00e1 t\u1ebf b\u00e0o \u0111\u1ed9c nh\u1ea5t c\u00f3 kh\u1ea3 n\u0103ng th\u1ea5m s\u00e2u v\u00e0 l\u1edbp s\u1eebng \u0111\u1ec3 ph\u1ee5c h\u1ed3i kh\u1ea3 n\u0103ng \u0111\u00e0n h\u1ed3i v\u00e0 s\u0103n ch\u1eafc t\u1ef1 nhi\u00ean c\u1ee7a da, ng\u0103n ch\u1eb7n s\u1ef1 h\u1ee7y ho\u1ea1i l\u00e0m thi\u1ebfu h\u1ee5t collagen, th\u00fac \u0111\u1ea9y tr\u1ebb h\u00f3a t\u1ebf b\u00e0o theo c\u01a1 ch\u1ebf c\u0103ng da t\u1ef1 nhi\u00ean v\u00e0 tuy\u1ec7t \u0111\u1ed1i an to\u00e0n cho da.<\/p>\n","protected":false},"featured_media":1286,"comment_status":"open","ping_status":"closed","template":"","meta":{"site-sidebar-layout":"default","site-content-layout":"default","ast-global-header-display":"","ast-banner-title-visibility":"","ast-main-header-display":"","ast-hfb-above-header-display":"","ast-hfb-below-header-display":"","ast-hfb-mobile-header-display":"","site-post-title":"","ast-breadcrumbs-content":"","ast-featured-img":"","footer-sml-layout":"","theme-transparent-header-meta":"default","adv-header-id-meta":"","stick-header-meta":"","header-above-stick-meta":"","header-main-stick-meta":"","header-below-stick-meta":""},"product_cat":[36,38],"product_tag":[],"_links":{"self":[{"href":"https:\/\/oanhbeautyspa.com\/index.php\/wp-json\/wp\/v2\/product\/1120"}],"collection":[{"href":"https:\/\/oanhbeautyspa.com\/index.php\/wp-json\/wp\/v2\/product"}],"about":[{"href":"https:\/\/oanhbeautyspa.com\/index.php\/wp-json\/wp\/v2\/types\/product"}],"replies":[{"embeddable":true,"href":"https:\/\/oanhbeautyspa.com\/index.php\/wp-json\/wp\/v2\/comments?post=1120"}],"wp:featuredmedia":[{"embeddable":true,"href":"https:\/\/oanhbeautyspa.com\/index.php\/wp-json\/wp\/v2\/media\/1286"}],"wp:attachment":[{"href":"https:\/\/oanhbeautyspa.com\/index.php\/wp-json\/wp\/v2\/media?parent=1120"}],"wp:term":[{"taxonomy":"product_cat","embeddable":true,"href":"https:\/\/oanhbeautyspa.com\/index.php\/wp-json\/wp\/v2\/product_cat?post=1120"},{"taxonomy":"product_tag","embeddable":true,"href":"https:\/\/oanhbeautyspa.com\/index.php\/wp-json\/wp\/v2\/product_tag?post=1120"}],"curies":[{"name":"wp","href":"https:\/\/api.w.org\/{rel}","templated":true}]}}